{"id":755541,"date":"2025-08-28T06:42:18","date_gmt":"2025-08-28T03:42:18","guid":{"rendered":"https:\/\/roveyayinevi.com.tr\/index.php\/urun\/belki-bir-gun-4\/"},"modified":"2026-04-12T03:12:45","modified_gmt":"2026-04-12T00:12:45","slug":"belki-bir-gun-4","status":"publish","type":"product","link":"https:\/\/roveyayinevi.com.tr\/index.php\/urun\/belki-bir-gun-4\/","title":{"rendered":"Belki Bir G\u00fcn"},"content":{"rendered":"<p>Kahr\u0131m\u0131n efk\u00e2r\u0131yla dola\u015f\u0131r\u0131m gece yar\u0131lar\u0131 G\u00f6zlerimde yaln\u0131zl\u0131k, i\u00e7imde bir h\u00fcz\u00fcn var Bu koca \u015fehirde kaybolmu\u015fum, Unutulmu\u015f bir \u015fark\u0131y\u0131m dillerden d\u00fc\u015fen. Kopmu\u015fum ge\u00e7mi\u015ften, Umars\u0131zca y\u00fcr\u00fcyorum dikenli yollarda Ruhumun derinliklerinde h\u00fcz\u00fcn \u00e7\u0131rp\u0131n\u0131r kanatlar\u0131yla Y\u0131ld\u0131zlar \u00fcrkek \u00fcrkek bakar yery\u00fcz\u00fcne Bir umutsuz a\u015fk\u0131n hik\u00e2yesi yaz\u0131lm\u0131\u015f hayat\u0131n sat\u0131rlar\u0131na Kim bilir? Belki bir g\u00fcn D\u00f6ner diye beklerim kanatlar\u0131ndan vurulmu\u015f ku\u015flar Beklenmedik bir zamanda. <\/p>\n","protected":false},"excerpt":{"rendered":"<p>Kahr\u0131m\u0131n efk\u00e2r\u0131yla dola\u015f\u0131r\u0131m gece yar\u0131lar\u0131 G\u00f6zlerimde yaln\u0131zl\u0131k, i\u00e7imde bir h\u00fcz\u00fcn var Bu koca \u015fehirde kaybolmu\u015fum, Unutulmu\u015f bir \u015fark\u0131y\u0131m dillerden d\u00fc\u015fen. Kopmu\u015fum ge\u00e7mi\u015ften, Umars\u0131zca y\u00fcr\u00fcyorum dikenli yollarda<span class=\"excerpt-hellip\"> [\u2026]<\/span><\/p>\n","protected":false},"featured_media":0,"template":"","meta":{"_monsterinsights_skip_tracking":false,"_monsterinsights_sitenote_active":false,"_monsterinsights_sitenote_note":"","_monsterinsights_sitenote_category":0},"product_brand":[],"product_cat":[12291,12509],"product_tag":[],"class_list":{"0":"post-755541","1":"product","2":"type-product","3":"status-publish","5":"product_cat-edebiyat","6":"product_cat-siir","7":"pa_cilt-ciltsiz","8":"pa_tur-kitap","9":"pa_yayinevi-gulnar-yayinlari","10":"pa_yazar-mehmet-sait-ulucay","12":"first","13":"instock","14":"sale","15":"shipping-taxable","16":"purchasable","17":"product-type-simple"},"_links":{"self":[{"href":"https:\/\/roveyayinevi.com.tr\/index.php\/wp-json\/wp\/v2\/product\/755541","targetHints":{"allow":["GET"]}}],"collection":[{"href":"https:\/\/roveyayinevi.com.tr\/index.php\/wp-json\/wp\/v2\/product"}],"about":[{"href":"https:\/\/roveyayinevi.com.tr\/index.php\/wp-json\/wp\/v2\/types\/product"}],"wp:attachment":[{"href":"https:\/\/roveyayinevi.com.tr\/index.php\/wp-json\/wp\/v2\/media?parent=755541"}],"wp:term":[{"taxonomy":"product_brand","embeddable":true,"href":"https:\/\/roveyayinevi.com.tr\/index.php\/wp-json\/wp\/v2\/product_brand?post=755541"},{"taxonomy":"product_cat","embeddable":true,"href":"https:\/\/roveyayinevi.com.tr\/index.php\/wp-json\/wp\/v2\/product_cat?post=755541"},{"taxonomy":"product_tag","embeddable":true,"href":"https:\/\/roveyayinevi.com.tr\/index.php\/wp-json\/wp\/v2\/product_tag?post=755541"}],"curies":[{"name":"wp","href":"https:\/\/api.w.org\/{rel}","templated":true}]}}