{"id":755537,"date":"2025-08-28T06:42:12","date_gmt":"2025-08-28T03:42:12","guid":{"rendered":"https:\/\/roveyayinevi.com.tr\/index.php\/urun\/en-degerli-hazinem\/"},"modified":"2026-04-16T03:08:47","modified_gmt":"2026-04-16T00:08:47","slug":"en-degerli-hazinem","status":"publish","type":"product","link":"https:\/\/roveyayinevi.com.tr\/index.php\/urun\/en-degerli-hazinem\/","title":{"rendered":"En De\u011ferli Hazinem"},"content":{"rendered":"<p>En De\u011ferli Hazinem, \u00e7ocuklar\u0131n s\u00fcrprizlerle dolu oldu\u011funu, hayal g\u00fc\u00e7lerini serbest b\u0131rakman\u0131n \u00f6nemini, birlikte ke\u015ffetmenin e\u011flenceli h\u00e2llerini, arkada\u015fl\u0131\u011f\u0131n ger\u00e7ekte ne kadar g\u00fc\u00e7l\u00fc ve paha bi\u00e7ilemez oldu\u011funu anlatan s\u0131cac\u0131k bir dostluk hik\u00e2yesidir. <\/p>\n","protected":false},"excerpt":{"rendered":"<p>En De\u011ferli Hazinem, \u00e7ocuklar\u0131n s\u00fcrprizlerle dolu oldu\u011funu, hayal g\u00fc\u00e7lerini serbest b\u0131rakman\u0131n \u00f6nemini, birlikte ke\u015ffetmenin e\u011flenceli h\u00e2llerini, arkada\u015fl\u0131\u011f\u0131n ger\u00e7ekte ne kadar g\u00fc\u00e7l\u00fc ve paha bi\u00e7ilemez oldu\u011funu anlatan<span class=\"excerpt-hellip\"> [\u2026]<\/span><\/p>\n","protected":false},"featured_media":0,"template":"","meta":{"_monsterinsights_skip_tracking":false,"_monsterinsights_sitenote_active":false,"_monsterinsights_sitenote_note":"","_monsterinsights_sitenote_category":0},"product_brand":[],"product_cat":[12274,12284],"product_tag":[],"class_list":{"0":"post-755537","1":"product","2":"type-product","3":"status-publish","5":"product_cat-cocuk-ve-genclik-kitaplari","6":"product_cat-hikayeler","7":"pa_cilt-ciltsiz","8":"pa_tur-kitap","9":"pa_yayinevi-altin-kitaplar","10":"pa_yazar-meryem-ermeydan","12":"first","13":"instock","14":"sale","15":"shipping-taxable","16":"purchasable","17":"product-type-simple"},"_links":{"self":[{"href":"https:\/\/roveyayinevi.com.tr\/index.php\/wp-json\/wp\/v2\/product\/755537","targetHints":{"allow":["GET"]}}],"collection":[{"href":"https:\/\/roveyayinevi.com.tr\/index.php\/wp-json\/wp\/v2\/product"}],"about":[{"href":"https:\/\/roveyayinevi.com.tr\/index.php\/wp-json\/wp\/v2\/types\/product"}],"wp:attachment":[{"href":"https:\/\/roveyayinevi.com.tr\/index.php\/wp-json\/wp\/v2\/media?parent=755537"}],"wp:term":[{"taxonomy":"product_brand","embeddable":true,"href":"https:\/\/roveyayinevi.com.tr\/index.php\/wp-json\/wp\/v2\/product_brand?post=755537"},{"taxonomy":"product_cat","embeddable":true,"href":"https:\/\/roveyayinevi.com.tr\/index.php\/wp-json\/wp\/v2\/product_cat?post=755537"},{"taxonomy":"product_tag","embeddable":true,"href":"https:\/\/roveyayinevi.com.tr\/index.php\/wp-json\/wp\/v2\/product_tag?post=755537"}],"curies":[{"name":"wp","href":"https:\/\/api.w.org\/{rel}","templated":true}]}}