{"id":755535,"date":"2025-08-28T06:42:09","date_gmt":"2025-08-28T03:42:09","guid":{"rendered":"https:\/\/roveyayinevi.com.tr\/index.php\/urun\/devletler-ve-toplumsal-devrimler\/"},"modified":"2026-04-16T03:08:47","modified_gmt":"2026-04-16T00:08:47","slug":"devletler-ve-toplumsal-devrimler","status":"publish","type":"product","link":"https:\/\/roveyayinevi.com.tr\/index.php\/urun\/devletler-ve-toplumsal-devrimler\/","title":{"rendered":"Devletler ve Toplumsal Devrimler"},"content":{"rendered":"<p>\u0130nsanl\u0131k tarihinde toplumsal devrimler ender g\u00f6r\u00fclen olaylard\u0131r. Belki de bu y\u00fczden olsa gerek, tarihin yakla\u015f\u0131k son \u00fc\u00e7 y\u00fczy\u0131ll\u0131k d\u00f6nemine insan d\u00fcnyas\u0131n\u0131n \u00e7ehresini de\u011fi\u015ftirmi\u015f Frans\u0131z, Rus ve \u00c7in Devrimleri gibi \u00fc\u00e7 geni\u015f \u00e7apl\u0131 devrimin s\u0131\u011fd\u0131r\u0131labilmi\u015f olmas\u0131 bug\u00fcn tarih\u00e7ilerin ve sosyal bilimcilerin h\u00e2l\u00e2 kafas\u0131n\u0131 kar\u0131\u015ft\u0131r\u0131yor. Hatta kimi uzmanlara kal\u0131rsa modern \u00e7a\u011f\u0131n k\u0131sa tarihini toplumsal devrimlerin \u201cge\u00e7it alay\u0131\u201d olarak okumak da m\u00fcmk\u00fcn. Ba\u015far\u0131l\u0131 olmu\u015f bu b\u00fcy\u00fck devrimlerin yan\u0131 s\u0131ra onlar\u0131n g\u00f6lgesinde kalm\u0131\u015f say\u0131s\u0131z devrimci hareket de uluslararas\u0131 siyaset ve sosyolojiye uzun y\u0131llar \u00fczerinde \u00e7al\u0131\u015fabilece\u011fi malzemeler vermeye devam ediyor. Theda Skocpol\u2019\u00fcn k\u0131sa s\u00fcre i\u00e7inde devrimler tarihi, tarihsel sosyoloji ve siyaset bilimi alanlar\u0131n\u0131n klasiklerinden biri h\u00e2line gelmi\u015f bu abidevi eseri, toplumsal devrimlerin anla\u015f\u0131lmas\u0131nda temel kaynaklardan biri olarak \u00f6nemini ve g\u00fcncelli\u011fini h\u00e2l\u00e2 koruyor. B\u00fcy\u00fck \u00e7apl\u0131 toplumsal de\u011fi\u015fimlerin dinamiklerini kendi d\u00f6nemlerinin yap\u0131sal ko\u015fullar\u0131yla ili\u015fkilendiren Skocpol, modern devletler ile devrimler aras\u0131ndaki s\u0131k\u0131 ba\u011flant\u0131y\u0131 ve bunlar\u0131n uluslararas\u0131 modern devletler sistemiyle ilgisini \u00fc\u00e7 b\u00fcy\u00fck devrim ve onlar\u0131n g\u00f6lgesinde kalm\u0131\u015f \u0130ngiltere, Japonya ve Prusya devrimleri gibi \u00f6rnekler \u00fczerinden \u00e7\u00f6z\u00fcml\u00fcyor. Ayaklanmalar\u0131n, isyanlar\u0131n, \u00e7at\u0131\u015fmalar\u0131n ve uluslararas\u0131 gerginliklerin ortas\u0131nda, s\u0131n\u0131flar, z\u00fcmreler ve tabakalar\u0131n de\u011fi\u015fen \u00e7\u0131karlar\u0131n\u0131n ve ittifaklar\u0131n\u0131n modern \u00e7a\u011f\u0131n \u00f6rg\u00fctlenme bi\u00e7imleriyle nas\u0131l do\u011frudan ilgili oldu\u011funu ortaya koyuyor. K\u00fc\u00e7\u00fck k\u0131v\u0131lc\u0131mlar\u0131n b\u00fcy\u00fck halk hareketlerini ve onlar\u0131n \u00f6ng\u00f6r\u00fclemez sonu\u00e7lar\u0131n\u0131 nas\u0131l do\u011furdu\u011funu etkileyici bir berrakl\u0131kla sergiliyor.<\/p>\n","protected":false},"excerpt":{"rendered":"<p>\u0130nsanl\u0131k tarihinde toplumsal devrimler ender g\u00f6r\u00fclen olaylard\u0131r. Belki de bu y\u00fczden olsa gerek, tarihin yakla\u015f\u0131k son \u00fc\u00e7 y\u00fczy\u0131ll\u0131k d\u00f6nemine insan d\u00fcnyas\u0131n\u0131n \u00e7ehresini de\u011fi\u015ftirmi\u015f Frans\u0131z, Rus ve<span class=\"excerpt-hellip\"> [\u2026]<\/span><\/p>\n","protected":false},"featured_media":0,"template":"","meta":{"_monsterinsights_skip_tracking":false,"_monsterinsights_sitenote_active":false,"_monsterinsights_sitenote_note":"","_monsterinsights_sitenote_category":0},"product_brand":[],"product_cat":[12337,14706],"product_tag":[],"class_list":{"0":"post-755535","1":"product","2":"type-product","3":"status-publish","5":"product_cat-politika-siyaset","6":"product_cat-siyaset-bilimi","7":"pa_cilt-ciltsiz","8":"pa_tur-kitap","9":"pa_yayinevi-fol-kitap","10":"pa_yazar-theda-skocpol","12":"first","13":"instock","14":"sale","15":"shipping-taxable","16":"purchasable","17":"product-type-simple"},"_links":{"self":[{"href":"https:\/\/roveyayinevi.com.tr\/index.php\/wp-json\/wp\/v2\/product\/755535","targetHints":{"allow":["GET"]}}],"collection":[{"href":"https:\/\/roveyayinevi.com.tr\/index.php\/wp-json\/wp\/v2\/product"}],"about":[{"href":"https:\/\/roveyayinevi.com.tr\/index.php\/wp-json\/wp\/v2\/types\/product"}],"wp:attachment":[{"href":"https:\/\/roveyayinevi.com.tr\/index.php\/wp-json\/wp\/v2\/media?parent=755535"}],"wp:term":[{"taxonomy":"product_brand","embeddable":true,"href":"https:\/\/roveyayinevi.com.tr\/index.php\/wp-json\/wp\/v2\/product_brand?post=755535"},{"taxonomy":"product_cat","embeddable":true,"href":"https:\/\/roveyayinevi.com.tr\/index.php\/wp-json\/wp\/v2\/product_cat?post=755535"},{"taxonomy":"product_tag","embeddable":true,"href":"https:\/\/roveyayinevi.com.tr\/index.php\/wp-json\/wp\/v2\/product_tag?post=755535"}],"curies":[{"name":"wp","href":"https:\/\/api.w.org\/{rel}","templated":true}]}}