{"id":755530,"date":"2025-08-28T06:42:02","date_gmt":"2025-08-28T03:42:02","guid":{"rendered":"https:\/\/roveyayinevi.com.tr\/index.php\/urun\/avrupa-ve-azerbaycan-bestecilerinden-piyano-eserleri-ve-teknik-alistirmalar\/"},"modified":"2026-04-16T03:08:47","modified_gmt":"2026-04-16T00:08:47","slug":"avrupa-ve-azerbaycan-bestecilerinden-piyano-eserleri-ve-teknik-alistirmalar","status":"publish","type":"product","link":"https:\/\/roveyayinevi.com.tr\/index.php\/urun\/avrupa-ve-azerbaycan-bestecilerinden-piyano-eserleri-ve-teknik-alistirmalar\/","title":{"rendered":"Avrupa ve Azerbaycan Bestecilerinden Piyano Eserleri ve Teknik Al\u0131\u015ft\u0131rmalar"},"content":{"rendered":"<p>Elinizdeki bu kitap; repertuvar\u0131n\u0131 geni\u015fletmek isteyen piyanistler i\u00e7in haz\u0131rlanm\u0131\u015ft\u0131r. Avrupa&#8217;dan bestecilerin eserlerinin yan\u0131 s\u0131ra \u00e7e\u015fitli al\u0131\u015ft\u0131rmalar i\u00e7eren bu kitapta Azerbaycanl\u0131 bestecilerin eserlerine de ayr\u0131 bir yer verilmi\u015ftir.     Sevgili m\u00fczikseverler, Psikologlar ve n\u00f6rologlar taraf\u0131ndan yap\u0131lan \u00e7e\u015fitli ara\u015ft\u0131rmalara g\u00f6re m\u00fczik \u00f6\u011frenmek ve bir m\u00fczik aleti \u00e7almak, bireyin zihinsel yeteneklerini geli\u015ftirmenin ola\u011fan\u00fcst\u00fc bir yoludur. Bunun her insan\u0131n k\u00fclt\u00fcrel ve manevi a\u00e7\u0131dan zenginle\u015fmesi bak\u0131m\u0131ndan da elzem oldu\u011funa inan\u0131yorum. Maestro Naile Ahmedova taraf\u0131ndan haz\u0131rlanan elinizdeki yeni piyano metodu, i\u015fte b\u00f6yle bir d\u00fc\u015f\u00fcnce tarz\u0131n\u0131 yans\u0131t\u0131yor. Hem geleneksel piyano repertuar\u0131ndan hem Avrupal\u0131, T\u00fcrk ve Azerbaycanl\u0131 bestecilerin eserlerinden, bilgelikle derlenmi\u015f, \u00f6\u011frenci becerilerinin kademeli olarak geli\u015fmesini sa\u011flayan bir koleksiyondur. Yazar\u0131n uzun y\u0131llara dayanan mesleki deneyimi ve etkin pedagojik nitelikleri sayesinde, bir\u00e7ok \u00f6\u011frenciye ve m\u00fcziksevere hizmet edecek bir eserdir. Aldo Ragone D.M.A. Piyanist, Scriabinist, Pedagog <\/p>\n","protected":false},"excerpt":{"rendered":"<p>Elinizdeki bu kitap; repertuvar\u0131n\u0131 geni\u015fletmek isteyen piyanistler i\u00e7in haz\u0131rlanm\u0131\u015ft\u0131r. Avrupa&#8217;dan bestecilerin eserlerinin yan\u0131 s\u0131ra \u00e7e\u015fitli al\u0131\u015ft\u0131rmalar i\u00e7eren bu kitapta Azerbaycanl\u0131 bestecilerin eserlerine de ayr\u0131 bir yer<span class=\"excerpt-hellip\"> [\u2026]<\/span><\/p>\n","protected":false},"featured_media":0,"template":"","meta":{"_monsterinsights_skip_tracking":false,"_monsterinsights_sitenote_active":false,"_monsterinsights_sitenote_note":"","_monsterinsights_sitenote_category":0},"product_brand":[],"product_cat":[14556],"product_tag":[],"class_list":{"0":"post-755530","1":"product","2":"type-product","3":"status-publish","5":"product_cat-muzik","6":"pa_cilt-ciltsiz","7":"pa_tur-kitap","8":"pa_yayinevi-arkadas-yayinlari","9":"pa_yazar-naile-ahmedova","11":"first","12":"instock","13":"sale","14":"shipping-taxable","15":"purchasable","16":"product-type-simple"},"_links":{"self":[{"href":"https:\/\/roveyayinevi.com.tr\/index.php\/wp-json\/wp\/v2\/product\/755530","targetHints":{"allow":["GET"]}}],"collection":[{"href":"https:\/\/roveyayinevi.com.tr\/index.php\/wp-json\/wp\/v2\/product"}],"about":[{"href":"https:\/\/roveyayinevi.com.tr\/index.php\/wp-json\/wp\/v2\/types\/product"}],"wp:attachment":[{"href":"https:\/\/roveyayinevi.com.tr\/index.php\/wp-json\/wp\/v2\/media?parent=755530"}],"wp:term":[{"taxonomy":"product_brand","embeddable":true,"href":"https:\/\/roveyayinevi.com.tr\/index.php\/wp-json\/wp\/v2\/product_brand?post=755530"},{"taxonomy":"product_cat","embeddable":true,"href":"https:\/\/roveyayinevi.com.tr\/index.php\/wp-json\/wp\/v2\/product_cat?post=755530"},{"taxonomy":"product_tag","embeddable":true,"href":"https:\/\/roveyayinevi.com.tr\/index.php\/wp-json\/wp\/v2\/product_tag?post=755530"}],"curies":[{"name":"wp","href":"https:\/\/api.w.org\/{rel}","templated":true}]}}