{"id":755527,"date":"2025-08-28T06:41:57","date_gmt":"2025-08-28T03:41:57","guid":{"rendered":"https:\/\/roveyayinevi.com.tr\/index.php\/urun\/bir-ic-savas-guncesi-i\/"},"modified":"2026-04-16T03:08:47","modified_gmt":"2026-04-16T00:08:47","slug":"bir-ic-savas-guncesi-i","status":"publish","type":"product","link":"https:\/\/roveyayinevi.com.tr\/index.php\/urun\/bir-ic-savas-guncesi-i\/","title":{"rendered":"Bir \u2018\u2018\u0130\u00e7 Sava\u015f G\u00fcncesi\u2019\u2019 -I"},"content":{"rendered":"<p>Bu derleme, Garbis Alt\u0131no\u011flu\u2019nun yak\u0131n zamana kadar \u00e7e\u015fitli kademelerinde sorumluluk alm\u0131\u015f bulundu\u011fu TKP (M-L) Hareketi ve MLKP i\u00e7indeki oport\u00fcnist ve revizyonist e\u011filimlere ve k\u00fc\u00e7\u00fck burjuva devrimcili\u011fine kar\u015f\u0131 y\u00fcr\u00fctt\u00fc\u011f\u00fc ve gelinen noktada, bir anlamda \u2018\u2018ba\u015far\u0131s\u0131zl\u0131k\u2019\u2019la sonu\u00e7land\u0131\u011f\u0131n\u0131 kabul etti\u011fi fazlas\u0131yla uzun s\u00fcreli ideolojik sava\u015f\u0131m\u0131n belgelerinden olu\u015fmaktad\u0131r.   Bu belge ve yaz\u0131lar\u0131n k\u00fc\u00e7\u00fck bir k\u0131sm\u0131 \u00f6rg\u00fct i\u00e7i tart\u0131\u015fma yay\u0131m organlar\u0131nda yay\u0131mlanm\u0131\u015f bulunuyor. S\u00f6z konusu belge ve yaz\u0131lar\u0131n \u00e7o\u011funlu\u011fu ise, \u00f6ncelikle TKP (M-L) Hareketi ve MLKP \u00f6nderli\u011finin dikkatine sunulmu\u015f bulunduklar\u0131 i\u00e7in, ama ayn\u0131 zamanda yazar\u0131n giderek belirginle\u015fen bir sans\u00fcr uygulamas\u0131na hedef olmas\u0131 nedeniyle do\u011fal olarak bu \u00f6rg\u00fctlerin \u00fcyeleri, hatta MLKP\u2019nin 1997\u2019de yap\u0131lan \u0130kinci Kongresi delegeleri taraf\u0131ndan da okunamam\u0131\u015flard\u0131r. Ad\u0131ndan ve \u00f6zellikle i\u00e7eri\u011finden de g\u00f6r\u00fclebilece\u011fi gibi bu derlemenin yazar\u0131, i\u015fte bu anlay\u0131\u015ftan hareketle TKP (M-L) Hareketi\u2019nin ve MLKP\u2019nin olumlu geleneklerini ve Marksist-Leninist birikimini savunmak, olumsuz geleneklerini ve k\u00fc\u00e7\u00fck burjuva yan\u0131n\u0131 y\u0131kmak, b\u00f6ylelikle bu \u00f6rg\u00fctlerin kom\u00fcnist kimli\u011fini ya\u015fatmak ve geli\u015ftirmek amac\u0131yla fazlas\u0131yla uzun ve sab\u0131rl\u0131 bir sava\u015f\u0131m s\u00fcrd\u00fcrm\u00fc\u015ft\u00fcr.   Bu derlemedeki yaz\u0131lar\u0131 okuma zahmetine katlanacak olan okurun, yazar\u0131n konumunun ve yakla\u015f\u0131m\u0131n\u0131n ve en son geldi\u011fi noktan\u0131n \u00f6z\u00fcn\u00fc ve onunla MLKP \u00f6nderli\u011fi aras\u0131ndaki g\u00f6r\u00fc\u015f ayr\u0131l\u0131klar\u0131n\u0131n seyrini kavramas\u0131 i\u00e7in \u00f6ncelikle, kitab\u0131n sonundaki EKLER b\u00f6l\u00fcm\u00fcnde yer alan 4-7Aral\u0131k 1999 tarihli \u2018\u2018MLKP Merkez Komitesi\u2019ne Mektup\u2019\u2019u okumas\u0131 sal\u0131k verilmektedir. <\/p>\n","protected":false},"excerpt":{"rendered":"<p>Bu derleme, Garbis Alt\u0131no\u011flu\u2019nun yak\u0131n zamana kadar \u00e7e\u015fitli kademelerinde sorumluluk alm\u0131\u015f bulundu\u011fu TKP (M-L) Hareketi ve MLKP i\u00e7indeki oport\u00fcnist ve revizyonist e\u011filimlere ve k\u00fc\u00e7\u00fck burjuva devrimcili\u011fine<span class=\"excerpt-hellip\"> [\u2026]<\/span><\/p>\n","protected":false},"featured_media":0,"template":"","meta":{"_monsterinsights_skip_tracking":false,"_monsterinsights_sitenote_active":false,"_monsterinsights_sitenote_note":"","_monsterinsights_sitenote_category":0},"product_brand":[],"product_cat":[13590,12337],"product_tag":[],"class_list":{"0":"post-755527","1":"product","2":"type-product","3":"status-publish","5":"product_cat-arastirma-inceleme-politika-siyaset","6":"product_cat-politika-siyaset","7":"pa_cilt-ciltsiz","8":"pa_tur-kitap","9":"pa_yayinevi-favori-yayinlari","10":"pa_yazar-garbis-altinoglu","12":"first","13":"instock","14":"sale","15":"shipping-taxable","16":"purchasable","17":"product-type-simple"},"_links":{"self":[{"href":"https:\/\/roveyayinevi.com.tr\/index.php\/wp-json\/wp\/v2\/product\/755527","targetHints":{"allow":["GET"]}}],"collection":[{"href":"https:\/\/roveyayinevi.com.tr\/index.php\/wp-json\/wp\/v2\/product"}],"about":[{"href":"https:\/\/roveyayinevi.com.tr\/index.php\/wp-json\/wp\/v2\/types\/product"}],"wp:attachment":[{"href":"https:\/\/roveyayinevi.com.tr\/index.php\/wp-json\/wp\/v2\/media?parent=755527"}],"wp:term":[{"taxonomy":"product_brand","embeddable":true,"href":"https:\/\/roveyayinevi.com.tr\/index.php\/wp-json\/wp\/v2\/product_brand?post=755527"},{"taxonomy":"product_cat","embeddable":true,"href":"https:\/\/roveyayinevi.com.tr\/index.php\/wp-json\/wp\/v2\/product_cat?post=755527"},{"taxonomy":"product_tag","embeddable":true,"href":"https:\/\/roveyayinevi.com.tr\/index.php\/wp-json\/wp\/v2\/product_tag?post=755527"}],"curies":[{"name":"wp","href":"https:\/\/api.w.org\/{rel}","templated":true}]}}