{"id":755526,"date":"2025-08-28T06:41:56","date_gmt":"2025-08-28T03:41:56","guid":{"rendered":"https:\/\/roveyayinevi.com.tr\/index.php\/urun\/bagimlilikta-sosyal-hizmet-uygulamalari\/"},"modified":"2026-04-16T03:08:47","modified_gmt":"2026-04-16T00:08:47","slug":"bagimlilikta-sosyal-hizmet-uygulamalari","status":"publish","type":"product","link":"https:\/\/roveyayinevi.com.tr\/index.php\/urun\/bagimlilikta-sosyal-hizmet-uygulamalari\/","title":{"rendered":"Ba\u011f\u0131ml\u0131l\u0131kta Sosyal Hizmet Uygulamalar\u0131"},"content":{"rendered":"<p>Ba\u011f\u0131ml\u0131l\u0131k, bireylerin hayatlar\u0131n\u0131 derinden etkileyen karma\u015f\u0131k ve \u00e7ok boyutlu bir sorundur. Alkol, madde, t\u00fct\u00fcn ba\u011f\u0131ml\u0131l\u0131\u011f\u0131 gibi ba\u011f\u0131ml\u0131l\u0131k t\u00fcrleri her d\u00f6nem \u00e7al\u0131\u015f\u0131lan bir konu olmu\u015ftur. Ancak son zamanlarda bu ba\u011f\u0131ml\u0131l\u0131k t\u00fcrlerine, dijitalle\u015fmenin h\u0131zl\u0131 etkisiyle davran\u0131\u015fsal ba\u011f\u0131ml\u0131l\u0131klar da eklenmi\u015ftir. Bu kitap, ba\u011f\u0131ml\u0131l\u0131\u011f\u0131n tan\u0131m\u0131ndan sosyal hizmetin bu alandaki kritik rol\u00fcne kadar her bir ba\u011f\u0131ml\u0131l\u0131k t\u00fcr\u00fcn\u00fc i\u00e7eren geni\u015f bir perspektif sunmaktad\u0131r. 12 yazar\u0131n bir araya gelerek ba\u011f\u0131ml\u0131l\u0131k olgusunu kendi teorik ve pratik alt yap\u0131s\u0131yla de\u011ferlendirdi\u011fi bu eserde, her bir ba\u011f\u0131ml\u0131l\u0131k t\u00fcr\u00fc detayl\u0131 bir \u015fekilde ele al\u0131nm\u0131\u015f ve vaka \u00f6rnekleriyle zenginle\u015ftirilmi\u015ftir. Vaka temelli yakla\u015f\u0131m, teorik bilgilerin prati\u011fe nas\u0131l d\u00f6k\u00fcld\u00fc\u011f\u00fcn\u00fc g\u00f6stererek, sosyal hizmet uygulamalar\u0131n\u0131n ger\u00e7ek hayatta nas\u0131l bir etki yaratt\u0131\u011f\u0131n\u0131 okuyucuya aktarmaktad\u0131r. Bu eserin, ba\u011f\u0131ml\u0131l\u0131k kavram\u0131n\u0131n farkl\u0131 t\u00fcrlerinin ele al\u0131nmas\u0131, pek \u00e7ok de\u011fi\u015fken ile de\u011ferlendirilmesi ve ba\u011f\u0131ml\u0131l\u0131\u011f\u0131n ortaya \u00e7\u0131kard\u0131\u011f\u0131 sorunlara y\u00f6nelik vaka temelli \u00e7\u00f6z\u00fcm \u00f6nerileri geli\u015ftirilmesi a\u00e7\u0131s\u0131ndan, disiplinler aras\u0131 t\u00fcm alanlara kaynak olu\u015fturaca\u011f\u0131 d\u00fc\u015f\u00fcn\u00fclmektedir. Ayn\u0131 zamanda bu \u00e7al\u0131\u015fma, ba\u011f\u0131ml\u0131l\u0131kla m\u00fccadelede sosyal hizmetin \u00f6nemini, bireylerin ve toplumun ba\u011f\u0131ml\u0131l\u0131kla nas\u0131l ba\u015fa \u00e7\u0131kabilece\u011fini ve meslek elemanlar\u0131n\u0131n bu s\u00fcrece nas\u0131l rehber olabileceklerini \u00f6\u011frenmek isteyen herkes i\u00e7in bir ba\u015fvuru kitab\u0131d\u0131r. <\/p>\n","protected":false},"excerpt":{"rendered":"<p>Ba\u011f\u0131ml\u0131l\u0131k, bireylerin hayatlar\u0131n\u0131 derinden etkileyen karma\u015f\u0131k ve \u00e7ok boyutlu bir sorundur. Alkol, madde, t\u00fct\u00fcn ba\u011f\u0131ml\u0131l\u0131\u011f\u0131 gibi ba\u011f\u0131ml\u0131l\u0131k t\u00fcrleri her d\u00f6nem \u00e7al\u0131\u015f\u0131lan bir konu olmu\u015ftur. Ancak son<span class=\"excerpt-hellip\"> [\u2026]<\/span><\/p>\n","protected":false},"featured_media":0,"template":"","meta":{"_monsterinsights_skip_tracking":false,"_monsterinsights_sitenote_active":false,"_monsterinsights_sitenote_note":"","_monsterinsights_sitenote_category":0},"product_brand":[],"product_cat":[13772,12364],"product_tag":[],"class_list":{"0":"post-755526","1":"product","2":"type-product","3":"status-publish","5":"product_cat-basvuru-kitaplari","6":"product_cat-genel-konular","7":"pa_cilt-ciltsiz","8":"pa_tur-kitap","9":"pa_yayinevi-nika-yayinevi","10":"pa_yazar-kolektif","12":"first","13":"instock","14":"sale","15":"shipping-taxable","16":"purchasable","17":"product-type-simple"},"_links":{"self":[{"href":"https:\/\/roveyayinevi.com.tr\/index.php\/wp-json\/wp\/v2\/product\/755526","targetHints":{"allow":["GET"]}}],"collection":[{"href":"https:\/\/roveyayinevi.com.tr\/index.php\/wp-json\/wp\/v2\/product"}],"about":[{"href":"https:\/\/roveyayinevi.com.tr\/index.php\/wp-json\/wp\/v2\/types\/product"}],"wp:attachment":[{"href":"https:\/\/roveyayinevi.com.tr\/index.php\/wp-json\/wp\/v2\/media?parent=755526"}],"wp:term":[{"taxonomy":"product_brand","embeddable":true,"href":"https:\/\/roveyayinevi.com.tr\/index.php\/wp-json\/wp\/v2\/product_brand?post=755526"},{"taxonomy":"product_cat","embeddable":true,"href":"https:\/\/roveyayinevi.com.tr\/index.php\/wp-json\/wp\/v2\/product_cat?post=755526"},{"taxonomy":"product_tag","embeddable":true,"href":"https:\/\/roveyayinevi.com.tr\/index.php\/wp-json\/wp\/v2\/product_tag?post=755526"}],"curies":[{"name":"wp","href":"https:\/\/api.w.org\/{rel}","templated":true}]}}