{"id":755525,"date":"2025-08-28T06:41:55","date_gmt":"2025-08-28T03:41:55","guid":{"rendered":"https:\/\/roveyayinevi.com.tr\/index.php\/urun\/coklu-krizler-caginda-yoksulluk\/"},"modified":"2026-04-16T03:08:46","modified_gmt":"2026-04-16T00:08:46","slug":"coklu-krizler-caginda-yoksulluk","status":"publish","type":"product","link":"https:\/\/roveyayinevi.com.tr\/index.php\/urun\/coklu-krizler-caginda-yoksulluk\/","title":{"rendered":"\u00c7oklu Krizler \u00c7a\u011f\u0131nda Yoksulluk"},"content":{"rendered":"<p>Ekolojik felaketler, ekonomik e\u015fitsizlikler, politik bask\u0131lar gibi \u00e7oklu krizlerin ya\u015fand\u0131\u011f\u0131 bir zamanda yoksulluk bildi\u011fimiz formlar\u0131n d\u0131\u015f\u0131na \u00e7\u0131karak hem yayg\u0131nla\u015f\u0131yor hem derinle\u015fiyor. Yoksullu\u011fu tan\u0131mlama, anlama bi\u00e7imleri, yoksullukla m\u00fccadelenin yol haritas\u0131na ili\u015fkin ipu\u00e7lar\u0131 sunuyor. Bu meseleleri d\u00fcnyan\u0131n farkl\u0131 b\u00f6lgelerinden \u00f6rnekler \u00e7er\u00e7evesinde kar\u015f\u0131la\u015ft\u0131rmal\u0131 olarak ele alan bu kitap, oda\u011f\u0131n\u0131 sosyal politika ve sosyal hizmet alan\u0131na \u00e7evirerek, sosyal hizmet uzmanlar\u0131n\u0131n yoksullu\u011fu \u201cidare etmeye\u201d odaklanan yard\u0131m politikalar\u0131n\u0131n b\u00fcrokratik uygulay\u0131c\u0131lar\u0131 olman\u0131n \u00f6tesinde, yoksulluk deneyimleriyle temas eden, yoksullu\u011fun nedenlerini b\u00fct\u00fcnc\u00fcl ve ele\u015ftirel bir perspektiften anlamaya \u00e7al\u0131\u015fan, toplumsal hareketlerle ba\u011f kuran politika yap\u0131c\u0131lar\u0131 ve uygulay\u0131c\u0131lar\u0131 olma potansiyellerini tart\u0131\u015fmaya a\u00e7\u0131yor.   YOKSULLU\u011eU Y\u00d6NETMEDE FARKLI YAKLA\u015eIMLARK\u00fcresel Kapitalizm, Refah Devletleri ve Siyaset Erdem Y\u00f6r\u00fck \u2022 T\u00fcrkiye\u2019nin Pandemi Kapitalizmi ve Sosyal Yard\u0131mlar\u0131 \u00dczerine Ele\u015ftirel Bir Tart\u0131\u015fma  Denizcan Kutlu \u2022 Latin Amerika\u2019daki Tabakal\u0131 Sosyal Koruma Kurumlar\u0131  Armando Barr\u0131entos \u2022 Krizler \u00c7a\u011f\u0131nda \u00c7ocuk Yoksullu\u011fu: \u00c7ocu\u011fun \u0130yi Olma Hali \u201cEkosistemi\u201d \u00dczerine D\u00fc\u015f\u00fcnceler  Ba\u015fak Akkan   \u00c7OKLU KR\u0130ZLERLE M\u00dcCADELEDE SOSYAL H\u0130ZMET\u0130N \u00d6NEM\u0130\u2018Karanl\u0131k \u00c7\u00f6kmedi Daha Ama Eli Kula\u011f\u0131nda\u2019: K\u00fcresel Krizler, Sosyal Hizmet ve Direni\u015f IaIn Ferguson ve MIchael Lavalette \u2022 T\u00fcrkiye\u2019de Radikal Sosyal Hizmet Neden Geli\u015fmedi? Reyhan Atas\u00fc Topcuo\u011flu \u2022 Afet Yard\u0131m\u0131 Olarak Sosyal Hizmet: K\u00fcresel E\u015fitsizliklere \u0130li\u015fkin Kesi\u015fen Yakla\u015f\u0131mlar Carol\u0131ne SchmItt \u2022 Afetlerin \u00d6nlenmesi ve Afet Y\u00f6netimi Olarak Ye\u015fil Sosyal Hizmet Andrea Schmelz   YOKSULLU\u011eUN SURETLER\u0130 VE YOKSULLUKLA M\u00dcCADELEY\u0130 YEN\u0130DEN D\u00dc\u015e\u00dcNMEKD\u00fcnden Bug\u00fcne \u00c7al\u0131\u015fan Yoksullu\u011fu Seyhan Erdo\u011fdu \u2022 G\u00f6\u00e7menden Yurtta\u015fa: \u201cKullan-At\u201d Eme\u011fin Yayg\u0131nla\u015fmas\u0131 Sibel Karada\u011f \u2022 Neoliberal \u00d6znellik ve \u0130\u015fsizli\u011fin \u015eahsile\u015ftirilmesi Esra Kaya Erdo\u011fan \u2022 G\u00fcn\u00fcm\u00fcz T\u00fcrkiye\u2019sinde \u0130\u015f\u00e7i S\u0131n\u0131f\u0131n\u0131n Hak Arama M\u00fccadelesinin \u00c7ap\u0131 ve S\u0131n\u0131rlar\u0131 Alpkan Birelma <\/p>\n","protected":false},"excerpt":{"rendered":"<p>Ekolojik felaketler, ekonomik e\u015fitsizlikler, politik bask\u0131lar gibi \u00e7oklu krizlerin ya\u015fand\u0131\u011f\u0131 bir zamanda yoksulluk bildi\u011fimiz formlar\u0131n d\u0131\u015f\u0131na \u00e7\u0131karak hem yayg\u0131nla\u015f\u0131yor hem derinle\u015fiyor. Yoksullu\u011fu tan\u0131mlama, anlama bi\u00e7imleri, yoksullukla<span class=\"excerpt-hellip\"> [\u2026]<\/span><\/p>\n","protected":false},"featured_media":0,"template":"","meta":{"_monsterinsights_skip_tracking":false,"_monsterinsights_sitenote_active":false,"_monsterinsights_sitenote_note":"","_monsterinsights_sitenote_category":0},"product_brand":[],"product_cat":[12325,12324],"product_tag":[],"class_list":{"0":"post-755525","1":"product","2":"type-product","3":"status-publish","5":"product_cat-diger-sosyoloji","6":"product_cat-sosyoloji","7":"pa_cilt-ciltsiz","8":"pa_tur-kitap","9":"pa_yayinevi-nika-yayinevi","10":"pa_yazar-kolektif","12":"first","13":"instock","14":"sale","15":"shipping-taxable","16":"purchasable","17":"product-type-simple"},"_links":{"self":[{"href":"https:\/\/roveyayinevi.com.tr\/index.php\/wp-json\/wp\/v2\/product\/755525","targetHints":{"allow":["GET"]}}],"collection":[{"href":"https:\/\/roveyayinevi.com.tr\/index.php\/wp-json\/wp\/v2\/product"}],"about":[{"href":"https:\/\/roveyayinevi.com.tr\/index.php\/wp-json\/wp\/v2\/types\/product"}],"wp:attachment":[{"href":"https:\/\/roveyayinevi.com.tr\/index.php\/wp-json\/wp\/v2\/media?parent=755525"}],"wp:term":[{"taxonomy":"product_brand","embeddable":true,"href":"https:\/\/roveyayinevi.com.tr\/index.php\/wp-json\/wp\/v2\/product_brand?post=755525"},{"taxonomy":"product_cat","embeddable":true,"href":"https:\/\/roveyayinevi.com.tr\/index.php\/wp-json\/wp\/v2\/product_cat?post=755525"},{"taxonomy":"product_tag","embeddable":true,"href":"https:\/\/roveyayinevi.com.tr\/index.php\/wp-json\/wp\/v2\/product_tag?post=755525"}],"curies":[{"name":"wp","href":"https:\/\/api.w.org\/{rel}","templated":true}]}}