{"id":755524,"date":"2025-08-28T06:41:54","date_gmt":"2025-08-28T03:41:54","guid":{"rendered":"https:\/\/roveyayinevi.com.tr\/index.php\/urun\/kutlenin-gizli-cekiciligi\/"},"modified":"2026-04-16T03:08:46","modified_gmt":"2026-04-16T00:08:46","slug":"kutlenin-gizli-cekiciligi","status":"publish","type":"product","link":"https:\/\/roveyayinevi.com.tr\/index.php\/urun\/kutlenin-gizli-cekiciligi\/","title":{"rendered":"K\u00fctlenin Gizli \u00c7ekicili\u011fi"},"content":{"rendered":"<p>Modern fizi\u011fin en ilgin\u00e7 konular\u0131ndan biri olan k\u00fctle\u00e7ekimin etkilerini her an hissediyoruz ama \u00fczerinde pek durmuyoruz. Onu daha ziyade \u2013Newton\u2019\u0131n k\u00fctle\u00e7ekim kuram\u0131n\u0131n a\u00e7\u0131klad\u0131\u011f\u0131 gibi\u2013 havaya at\u0131lan bir cismin yere d\u00fc\u015fmesine neden olan bir \u201ckuvvet\u201d olarak hayal ediyoruz, oysa Einstein\u2019\u0131n genel g\u00f6relilik kuram\u0131 bamba\u015fka bir evren modeli sunarak ger\u00e7e\u011fin \u00f6yle olmad\u0131\u011f\u0131n\u0131 g\u00f6sterdi.   Peki k\u00fctle\u00e7ekim tam olarak ne ve genel g\u00f6relilik kuram\u0131n\u0131n do\u011fru s\u00f6yledi\u011fini nereden biliyoruz? Ron Cowen bu sorular\u0131n cevab\u0131n\u0131 verirken bizi bilimin en heyecan verici d\u00f6nemlerinden birinde k\u0131sa bir yolculu\u011fa \u00e7\u0131kar\u0131yor. Einstein\u2019\u0131n genel g\u00f6relilik kuram\u0131n\u0131 geli\u015ftirme s\u00fcreciyle ba\u015flay\u0131p 1919 y\u0131l\u0131ndaki g\u00fcne\u015f tutulmas\u0131nda k\u00fctle\u00e7ekimin \u0131\u015f\u0131\u011f\u0131 b\u00fckt\u00fc\u011f\u00fcn\u00fcn teyit edilmesiyle ivme kazanan, yak\u0131n ge\u00e7mi\u015fte de k\u00fctle\u00e7ekim dalgalar\u0131n\u0131n ilk defa tespit edilmesi ve bir kara deli\u011fin ilk defa g\u00f6r\u00fcnt\u00fclenmesi gibi \u00e7arp\u0131c\u0131 geli\u015fmeleri kapsayan bir d\u00f6nem bu.   Cowen k\u00fctle\u00e7ekim hakk\u0131ndaki mevcut bilgimize varma s\u00fcrecimizi anlat\u0131rken, uzay-zaman\u0131n e\u011filip b\u00fck\u00fclebilen ya da k\u0131sal\u0131p uzayabilen esnek dokusunu; i\u00e7lerine d\u00fc\u015fen hi\u00e7bir \u015feyin \u2013\u0131\u015f\u0131\u011f\u0131n bile\u2013 ka\u00e7amayaca\u011f\u0131 kozmik obruklar olan kara delikleri; devasa k\u00fctleli cisimlerin hareketleriyle olu\u015fan ve uzay-zaman\u0131 gerip s\u0131k\u0131\u015ft\u0131rarak titre\u015fimler olu\u015fturan k\u00fctle\u00e7ekim dalgalar\u0131n\u0131; k\u00fctle\u00e7ekimi kuantum mekani\u011fi temelinde anlama \u00e7abalar\u0131n\u0131 ve t\u00fcm bunlar\u0131n ara\u015ft\u0131r\u0131lmas\u0131n\u0131 m\u00fcmk\u00fcn k\u0131lan teknolojiyi yal\u0131n bir dille a\u00e7\u0131kl\u0131yor. <\/p>\n","protected":false},"excerpt":{"rendered":"<p>Modern fizi\u011fin en ilgin\u00e7 konular\u0131ndan biri olan k\u00fctle\u00e7ekimin etkilerini her an hissediyoruz ama \u00fczerinde pek durmuyoruz. Onu daha ziyade \u2013Newton\u2019\u0131n k\u00fctle\u00e7ekim kuram\u0131n\u0131n a\u00e7\u0131klad\u0131\u011f\u0131 gibi\u2013 havaya at\u0131lan<span class=\"excerpt-hellip\"> [\u2026]<\/span><\/p>\n","protected":false},"featured_media":0,"template":"","meta":{"_monsterinsights_skip_tracking":false,"_monsterinsights_sitenote_active":false,"_monsterinsights_sitenote_note":"","_monsterinsights_sitenote_category":0},"product_brand":[],"product_cat":[13005,15998],"product_tag":[],"class_list":{"0":"post-755524","1":"product","2":"type-product","3":"status-publish","5":"product_cat-bilim-muhendislik","6":"product_cat-bilim-tarihi","7":"pa_cilt-ciltsiz","8":"pa_tur-kitap","9":"pa_yayinevi-metis-yayinlari","10":"pa_yazar-ron-cowen","12":"first","13":"instock","14":"sale","15":"shipping-taxable","16":"purchasable","17":"product-type-simple"},"_links":{"self":[{"href":"https:\/\/roveyayinevi.com.tr\/index.php\/wp-json\/wp\/v2\/product\/755524","targetHints":{"allow":["GET"]}}],"collection":[{"href":"https:\/\/roveyayinevi.com.tr\/index.php\/wp-json\/wp\/v2\/product"}],"about":[{"href":"https:\/\/roveyayinevi.com.tr\/index.php\/wp-json\/wp\/v2\/types\/product"}],"wp:attachment":[{"href":"https:\/\/roveyayinevi.com.tr\/index.php\/wp-json\/wp\/v2\/media?parent=755524"}],"wp:term":[{"taxonomy":"product_brand","embeddable":true,"href":"https:\/\/roveyayinevi.com.tr\/index.php\/wp-json\/wp\/v2\/product_brand?post=755524"},{"taxonomy":"product_cat","embeddable":true,"href":"https:\/\/roveyayinevi.com.tr\/index.php\/wp-json\/wp\/v2\/product_cat?post=755524"},{"taxonomy":"product_tag","embeddable":true,"href":"https:\/\/roveyayinevi.com.tr\/index.php\/wp-json\/wp\/v2\/product_tag?post=755524"}],"curies":[{"name":"wp","href":"https:\/\/api.w.org\/{rel}","templated":true}]}}