{"id":755523,"date":"2025-08-28T06:41:53","date_gmt":"2025-08-28T03:41:53","guid":{"rendered":"https:\/\/roveyayinevi.com.tr\/index.php\/urun\/yapay-zeka-temel-prensipler\/"},"modified":"2026-02-03T03:22:37","modified_gmt":"2026-02-03T00:22:37","slug":"yapay-zeka-temel-prensipler","status":"publish","type":"product","link":"https:\/\/roveyayinevi.com.tr\/index.php\/urun\/yapay-zeka-temel-prensipler\/","title":{"rendered":"Yapay Zeka: Temel Prensipler"},"content":{"rendered":"<p>Zek\u00e2 nas\u0131l tan\u0131mlanabilir? Makineler d\u00fc\u015f\u00fcnebilir mi? Makineler duygulan\u0131r m\u0131? Bilincin do\u011fas\u0131 nedir? Yapay Zek\u00e2: Temel Prensipler, h\u0131zl\u0131 hareket eden yapay zek\u00e2 d\u00fcnyas\u0131na k\u0131sa ve \u00f6z bir giri\u015f niteli\u011findedir. Alan\u0131nda \u00f6nc\u00fc olan yazar Kevin Warwick, insan veya makine olman\u0131n ne anlama geldi\u011fine dair konular\u0131 inceliyor ve robotikteki s\u0131n\u0131rlar\u0131 bulan\u0131kla\u015ft\u0131ran geli\u015fmelere bak\u0131yor. \u0130nsan n\u00f6ronlar\u0131 \u00fczerine tart\u0131\u015fmal\u0131 k\u00fclt\u00fcr\u00fc de aktaran yazar, makinelerin n\u00f6ral a\u011flar\u0131yla benzerlikler kurarak, yapay zek\u00e2 tart\u0131\u015fmalar\u0131n\u0131n kalbindeki konular\u0131 ara\u015ft\u0131r\u0131yor. Bu kitap yapay zek\u00e2yla ilgilenen herkes i\u00e7in uygundur ve bu b\u00fcy\u00fcleyici konuya ayd\u0131nlat\u0131c\u0131 ve eri\u015filebilir bir giri\u015f sa\u011flamaktad\u0131r. \u201cYapay zek\u00e2 sizin alan\u0131n\u0131z\u0131n d\u0131\u015f\u0131ndaysa ya da konuyla ilgili az \u015fey biliyorsan\u0131z ve daha fazlas\u0131n\u0131 \u00f6\u011frenmek istiyorsan\u0131z bu kitap m\u00fckemmel bir ba\u015flang\u0131\u00e7 kitab\u0131d\u0131r.\u201d \u2013 Nick Smith, Engineering and Technology Magazine \u201cBu kitap, alan\u0131nda \u00f6nde gelen uzmanlardan biri taraf\u0131ndan yetkin ve co\u015fkulu bir dille yaz\u0131lm\u0131\u015ft\u0131r. Akademik olarak titiz ama son derece okunabilir&#8230; Bu, yapay zek\u00e2ya \u00f6zl\u00fc, g\u00fcncel bir giri\u015f arayanlar i\u00e7in harika bir kitap.\u201d \u2013 Dr. Patrick Hill, BCS &#8211; The Chartered Institute for IT, Birle\u015fik Krall\u0131k <\/p>\n","protected":false},"excerpt":{"rendered":"<p>Zek\u00e2 nas\u0131l tan\u0131mlanabilir? Makineler d\u00fc\u015f\u00fcnebilir mi? Makineler duygulan\u0131r m\u0131? Bilincin do\u011fas\u0131 nedir? Yapay Zek\u00e2: Temel Prensipler, h\u0131zl\u0131 hareket eden yapay zek\u00e2 d\u00fcnyas\u0131na k\u0131sa ve \u00f6z bir<span class=\"excerpt-hellip\"> [\u2026]<\/span><\/p>\n","protected":false},"featured_media":0,"template":"","meta":{"_monsterinsights_skip_tracking":false,"_monsterinsights_sitenote_active":false,"_monsterinsights_sitenote_note":"","_monsterinsights_sitenote_category":0},"product_brand":[],"product_cat":[13005],"product_tag":[],"class_list":{"0":"post-755523","1":"product","2":"type-product","3":"status-publish","5":"product_cat-bilim-muhendislik","6":"pa_cilt-ciltsiz","7":"pa_tur-kitap","8":"pa_yayinevi-ginko-kitap","9":"pa_yazar-kevin-warwick","11":"first","12":"instock","13":"sale","14":"shipping-taxable","15":"purchasable","16":"product-type-simple"},"_links":{"self":[{"href":"https:\/\/roveyayinevi.com.tr\/index.php\/wp-json\/wp\/v2\/product\/755523","targetHints":{"allow":["GET"]}}],"collection":[{"href":"https:\/\/roveyayinevi.com.tr\/index.php\/wp-json\/wp\/v2\/product"}],"about":[{"href":"https:\/\/roveyayinevi.com.tr\/index.php\/wp-json\/wp\/v2\/types\/product"}],"wp:attachment":[{"href":"https:\/\/roveyayinevi.com.tr\/index.php\/wp-json\/wp\/v2\/media?parent=755523"}],"wp:term":[{"taxonomy":"product_brand","embeddable":true,"href":"https:\/\/roveyayinevi.com.tr\/index.php\/wp-json\/wp\/v2\/product_brand?post=755523"},{"taxonomy":"product_cat","embeddable":true,"href":"https:\/\/roveyayinevi.com.tr\/index.php\/wp-json\/wp\/v2\/product_cat?post=755523"},{"taxonomy":"product_tag","embeddable":true,"href":"https:\/\/roveyayinevi.com.tr\/index.php\/wp-json\/wp\/v2\/product_tag?post=755523"}],"curies":[{"name":"wp","href":"https:\/\/api.w.org\/{rel}","templated":true}]}}