{"id":755521,"date":"2025-08-28T06:41:51","date_gmt":"2025-08-28T03:41:51","guid":{"rendered":"https:\/\/roveyayinevi.com.tr\/index.php\/urun\/smyrnadan-konstantiniyyeye-isgal-paslari\/"},"modified":"2026-04-16T03:08:46","modified_gmt":"2026-04-16T00:08:46","slug":"smyrnadan-konstantiniyyeye-isgal-paslari","status":"publish","type":"product","link":"https:\/\/roveyayinevi.com.tr\/index.php\/urun\/smyrnadan-konstantiniyyeye-isgal-paslari\/","title":{"rendered":"Smyrna\u2019dan Konstantiniyye\u2019ye \u0130\u015fgal Paslar\u0131"},"content":{"rendered":"<p>Osmanl\u0131 zaman\u0131nda ticaret limanlar\u0131ndaki kentlere yerle\u015fen \u0130ngilizlerin futbolu \u00fclkemize sokup, yayg\u0131nla\u015ft\u0131rd\u0131\u011f\u0131 ortaya \u00e7\u0131km\u0131\u015ft\u0131r. Futbolun oynand\u0131\u011f\u0131 \u015fehirlerin \u0130stanbul, Selanik ve \u0130zmir oldu\u011fu g\u00f6r\u00fclmektedir. Bu \u015fehirlerde futbolu \u0130ngilizler oynarken Rumlar da futbolun yayg\u0131n hale gelmesine katk\u0131 sunmu\u015flard\u0131r. \u0130stanbul\u2019da kurulan ilk futbol kul\u00fcb\u00fcn\u00fcn 1875 y\u0131l\u0131nda \u201cHermes Athletic and Cultural Association\u201d oldu\u011fu, \u0130zmir\u2019deki ilk futbol kul\u00fcb\u00fcn\u00fcn ise 1885 y\u0131l\u0131nda \u0130ngilizler taraf\u0131ndan kurulan \u201cFootball Club Smyrna\u201d oldu\u011fu saptanm\u0131\u015ft\u0131r. Futbol, \u0130stanbul\u2019da ilk olarak Kad\u0131k\u00f6y ve Moda\u2019da oynanm\u0131\u015ft\u0131r.   Yazar Murat Terlemez, makale, tez ve elektronik yay\u0131nlardan tarayarak olu\u015fturdu\u011fu bu kitapta, topraklar\u0131m\u0131za ilk olarak futbolun nereden geldi\u011fi, ilk futbol kul\u00fcplerimiz, ilk m\u00fcsabakalar, ilk futbol ligleri ve sahalar\u0131, d\u00f6nemin h\u00fck\u00fcmdarlar\u0131n\u0131n futbola bak\u0131\u015flar\u0131, i\u015fgal kuvvetleri ile olan kar\u015f\u0131la\u015fmalar, kul\u00fcplerimizin \u015fampiyonluklar\u0131 ve Atat\u00fcrk\u2019\u00fcn T\u00fcrk futboluna katk\u0131lar\u0131n\u0131 derinlikli bir \u015fekilde ele al\u0131rken okuyucuyu spor tarihimizde bir yolculu\u011fa \u00e7\u0131kar\u0131yor. <\/p>\n","protected":false},"excerpt":{"rendered":"<p>Osmanl\u0131 zaman\u0131nda ticaret limanlar\u0131ndaki kentlere yerle\u015fen \u0130ngilizlerin futbolu \u00fclkemize sokup, yayg\u0131nla\u015ft\u0131rd\u0131\u011f\u0131 ortaya \u00e7\u0131km\u0131\u015ft\u0131r. Futbolun oynand\u0131\u011f\u0131 \u015fehirlerin \u0130stanbul, Selanik ve \u0130zmir oldu\u011fu g\u00f6r\u00fclmektedir. Bu \u015fehirlerde futbolu \u0130ngilizler<span class=\"excerpt-hellip\"> [\u2026]<\/span><\/p>\n","protected":false},"featured_media":0,"template":"","meta":{"_monsterinsights_skip_tracking":false,"_monsterinsights_sitenote_active":false,"_monsterinsights_sitenote_note":"","_monsterinsights_sitenote_category":0},"product_brand":[],"product_cat":[15563,15564],"product_tag":[],"class_list":{"0":"post-755521","1":"product","2":"type-product","3":"status-publish","5":"product_cat-hobi","6":"product_cat-spor","7":"pa_cilt-ciltsiz","8":"pa_tur-kitap","9":"pa_yayinevi-perseus","10":"pa_yazar-murat-terlemez","12":"first","13":"instock","14":"sale","15":"shipping-taxable","16":"purchasable","17":"product-type-simple"},"_links":{"self":[{"href":"https:\/\/roveyayinevi.com.tr\/index.php\/wp-json\/wp\/v2\/product\/755521","targetHints":{"allow":["GET"]}}],"collection":[{"href":"https:\/\/roveyayinevi.com.tr\/index.php\/wp-json\/wp\/v2\/product"}],"about":[{"href":"https:\/\/roveyayinevi.com.tr\/index.php\/wp-json\/wp\/v2\/types\/product"}],"wp:attachment":[{"href":"https:\/\/roveyayinevi.com.tr\/index.php\/wp-json\/wp\/v2\/media?parent=755521"}],"wp:term":[{"taxonomy":"product_brand","embeddable":true,"href":"https:\/\/roveyayinevi.com.tr\/index.php\/wp-json\/wp\/v2\/product_brand?post=755521"},{"taxonomy":"product_cat","embeddable":true,"href":"https:\/\/roveyayinevi.com.tr\/index.php\/wp-json\/wp\/v2\/product_cat?post=755521"},{"taxonomy":"product_tag","embeddable":true,"href":"https:\/\/roveyayinevi.com.tr\/index.php\/wp-json\/wp\/v2\/product_tag?post=755521"}],"curies":[{"name":"wp","href":"https:\/\/api.w.org\/{rel}","templated":true}]}}