{"id":755520,"date":"2025-08-28T06:41:49","date_gmt":"2025-08-28T03:41:49","guid":{"rendered":"https:\/\/roveyayinevi.com.tr\/index.php\/urun\/kasr-i-dil-kusa\/"},"modified":"2026-04-16T03:08:46","modified_gmt":"2026-04-16T00:08:46","slug":"kasr-i-dil-kusa","status":"publish","type":"product","link":"https:\/\/roveyayinevi.com.tr\/index.php\/urun\/kasr-i-dil-kusa\/","title":{"rendered":"Kasr-\u0131 Dil-K\u00fc\u015fa"},"content":{"rendered":"<p>1900\/\u0130stanbul Vapurdan, bir sevin\u00e7 yuma\u011f\u0131 bi\u00e7iminde atl\u0131yor, Moda\u2019ya do\u011fru havalarda u\u00e7uyorduk\u2026 Say\u0131lar\u0131 fazlas\u0131yla belirgin olan, yak\u0131n zamanda kurulan T\u00fcrk tak\u0131m\u0131 \u201cBlack Stocking\u201d taraftar\u0131 \u00e2deta liman\u0131 inletiyordu. Onlar\u0131n aras\u0131ndan g\u00fc\u00e7 bela kurtuluyor, Papaz\u0131n \u00c7ay\u0131r\u0131\u2019na var\u0131yorduk. \u00d6yle kalabal\u0131k bir \u015fenlikti ki \u00e7ay\u0131r\u0131n etraf\u0131 h\u0131ncah\u0131n\u00e7 doluydu. Yumurta ta\u015f\u0131ma, \u00e7uval ve halat \u00e7ekme yar\u0131\u015flar\u0131 d\u00fczenleniyor, seyyar sat\u0131c\u0131lar yerlerini al\u0131yordu. Zenci bac\u0131lar\u0131n dolma ile susam tatl\u0131lar\u0131, m\u0131rrac\u0131lar\u0131n g\u00fc\u011f\u00fcmlerindeki m\u0131rralar, sucular\u0131n ellerindeki testi testi Hamidiye sular\u0131, di\u011fer \u015fenlik sat\u0131c\u0131lar\u0131n\u0131n ellerindeki simit, macun ve \u00fcz\u00fcmler sahiplerini bekliyordu.    Bisikletlerimizle her hafta sonu kitap turu ger\u00e7ekle\u015ftiriyoruz. Hi\u00e7 \u015fa\u015fmaz bu turumuz. Sahil boyu sepetimizi kitaplarla dolduruyoruz! Nas\u0131l m\u0131 dedi\u011fini duydum sanki! Evet dolduruyoruz! Akl\u0131m\u0131za bir fikir geldi ve t\u00fcm yal\u0131lara kendimizi tan\u0131tt\u0131k. K\u00fct\u00fcphanelerinde fazla olan, ba\u015fkalar\u0131n\u0131n da faydalanmas\u0131n\u0131 istedikleri kitaplara talip oldu\u011fumuzu dile getirdik. Bizleri anlay\u0131\u015fla kar\u015f\u0131layan yal\u0131 sakinleri, posta kutular\u0131n\u0131 memnuniyetle bize a\u00e7t\u0131\u2026 <\/p>\n","protected":false},"excerpt":{"rendered":"<p>1900\/\u0130stanbul Vapurdan, bir sevin\u00e7 yuma\u011f\u0131 bi\u00e7iminde atl\u0131yor, Moda\u2019ya do\u011fru havalarda u\u00e7uyorduk\u2026 Say\u0131lar\u0131 fazlas\u0131yla belirgin olan, yak\u0131n zamanda kurulan T\u00fcrk tak\u0131m\u0131 \u201cBlack Stocking\u201d taraftar\u0131 \u00e2deta liman\u0131 inletiyordu.<span class=\"excerpt-hellip\"> [\u2026]<\/span><\/p>\n","protected":false},"featured_media":0,"template":"","meta":{"_monsterinsights_skip_tracking":false,"_monsterinsights_sitenote_active":false,"_monsterinsights_sitenote_note":"","_monsterinsights_sitenote_category":0},"product_brand":[],"product_cat":[12291,12711],"product_tag":[],"class_list":{"0":"post-755520","1":"product","2":"type-product","3":"status-publish","5":"product_cat-edebiyat","6":"product_cat-roman-oyku","7":"pa_cilt-ciltsiz","8":"pa_tur-kitap","9":"pa_yayinevi-perseus","10":"pa_yazar-murat-terlemez","12":"first","13":"instock","14":"sale","15":"shipping-taxable","16":"purchasable","17":"product-type-simple"},"_links":{"self":[{"href":"https:\/\/roveyayinevi.com.tr\/index.php\/wp-json\/wp\/v2\/product\/755520","targetHints":{"allow":["GET"]}}],"collection":[{"href":"https:\/\/roveyayinevi.com.tr\/index.php\/wp-json\/wp\/v2\/product"}],"about":[{"href":"https:\/\/roveyayinevi.com.tr\/index.php\/wp-json\/wp\/v2\/types\/product"}],"wp:attachment":[{"href":"https:\/\/roveyayinevi.com.tr\/index.php\/wp-json\/wp\/v2\/media?parent=755520"}],"wp:term":[{"taxonomy":"product_brand","embeddable":true,"href":"https:\/\/roveyayinevi.com.tr\/index.php\/wp-json\/wp\/v2\/product_brand?post=755520"},{"taxonomy":"product_cat","embeddable":true,"href":"https:\/\/roveyayinevi.com.tr\/index.php\/wp-json\/wp\/v2\/product_cat?post=755520"},{"taxonomy":"product_tag","embeddable":true,"href":"https:\/\/roveyayinevi.com.tr\/index.php\/wp-json\/wp\/v2\/product_tag?post=755520"}],"curies":[{"name":"wp","href":"https:\/\/api.w.org\/{rel}","templated":true}]}}