{"id":755519,"date":"2025-08-28T06:41:47","date_gmt":"2025-08-28T03:41:47","guid":{"rendered":"https:\/\/roveyayinevi.com.tr\/index.php\/urun\/kar-topu\/"},"modified":"2026-04-16T03:08:46","modified_gmt":"2026-04-16T00:08:46","slug":"kar-topu","status":"publish","type":"product","link":"https:\/\/roveyayinevi.com.tr\/index.php\/urun\/kar-topu\/","title":{"rendered":"Kar Topu"},"content":{"rendered":"<p>Duraklar hayat\u0131n evreleri gibi geliyordu Sema&#8217;ya. Her duraktan birilerini al\u0131yor bir \u015feyler b\u0131rak\u0131yordu tramvay. T\u0131pk\u0131 insanlar gibi. Onlar da her evrede kendilerinden bir \u015feyler b\u0131rak\u0131yor, yeni \u015feyler ediniyorlard\u0131. Hep bir dolup bo\u015falma ya\u015fanan bir s\u00fcre\u00e7ti hayat. Y\u00fckleri do\u011fru zamanda b\u0131rakmak rahatlat\u0131yordu insanlar\u0131. \u00c7ok doldurup, hi\u00e7 bo\u015faltmadan ge\u00e7en ya\u015famlar y\u00fck\u00fc artt\u0131r\u0131yordu. Art\u0131k oturacak yer kalmayan vas\u0131ta gibi kalplerde y\u00fckten ba\u015fka bir \u015fey kalm\u0131yordu\u2026   \u00c7\u00fcnk\u00fc insan hep en yak\u0131n\u0131ndakini su\u00e7lamakta olduk\u00e7a mahirdir. \u0130lk kaybedilen, ilk feda edilen nedense hep en yak\u0131ndaki, hep bize en de\u011fer veren oluyordu\u2026<\/p>\n","protected":false},"excerpt":{"rendered":"<p>Duraklar hayat\u0131n evreleri gibi geliyordu Sema&#8217;ya. Her duraktan birilerini al\u0131yor bir \u015feyler b\u0131rak\u0131yordu tramvay. T\u0131pk\u0131 insanlar gibi. Onlar da her evrede kendilerinden bir \u015feyler b\u0131rak\u0131yor, yeni<span class=\"excerpt-hellip\"> [\u2026]<\/span><\/p>\n","protected":false},"featured_media":0,"template":"","meta":{"_monsterinsights_skip_tracking":false,"_monsterinsights_sitenote_active":false,"_monsterinsights_sitenote_note":"","_monsterinsights_sitenote_category":0},"product_brand":[],"product_cat":[12291,12711],"product_tag":[],"class_list":{"0":"post-755519","1":"product","2":"type-product","3":"status-publish","5":"product_cat-edebiyat","6":"product_cat-roman-oyku","7":"pa_cilt-ciltsiz","8":"pa_tur-kitap","9":"pa_yayinevi-perseus","10":"pa_yazar-zafer-tutuncu","12":"first","13":"instock","14":"sale","15":"shipping-taxable","16":"purchasable","17":"product-type-simple"},"_links":{"self":[{"href":"https:\/\/roveyayinevi.com.tr\/index.php\/wp-json\/wp\/v2\/product\/755519","targetHints":{"allow":["GET"]}}],"collection":[{"href":"https:\/\/roveyayinevi.com.tr\/index.php\/wp-json\/wp\/v2\/product"}],"about":[{"href":"https:\/\/roveyayinevi.com.tr\/index.php\/wp-json\/wp\/v2\/types\/product"}],"wp:attachment":[{"href":"https:\/\/roveyayinevi.com.tr\/index.php\/wp-json\/wp\/v2\/media?parent=755519"}],"wp:term":[{"taxonomy":"product_brand","embeddable":true,"href":"https:\/\/roveyayinevi.com.tr\/index.php\/wp-json\/wp\/v2\/product_brand?post=755519"},{"taxonomy":"product_cat","embeddable":true,"href":"https:\/\/roveyayinevi.com.tr\/index.php\/wp-json\/wp\/v2\/product_cat?post=755519"},{"taxonomy":"product_tag","embeddable":true,"href":"https:\/\/roveyayinevi.com.tr\/index.php\/wp-json\/wp\/v2\/product_tag?post=755519"}],"curies":[{"name":"wp","href":"https:\/\/api.w.org\/{rel}","templated":true}]}}