{"id":755516,"date":"2025-08-28T06:41:42","date_gmt":"2025-08-28T03:41:42","guid":{"rendered":"https:\/\/roveyayinevi.com.tr\/index.php\/urun\/frau-troffea\/"},"modified":"2026-04-16T03:08:46","modified_gmt":"2026-04-16T00:08:46","slug":"frau-troffea","status":"publish","type":"product","link":"https:\/\/roveyayinevi.com.tr\/index.php\/urun\/frau-troffea\/","title":{"rendered":"Frau Troffea"},"content":{"rendered":"<p>31 Ekim 1517 g\u00fcn\u00fc, Wittenberg&#8217; de bir kilisenin kap\u0131s\u0131na doksan be\u015f maddelik bir protesto metni as\u0131larak Hristiyanl\u0131kta yeni bir mezhep olan Protestan Reform Hareketi ba\u015flam\u0131\u015f ve Protestanl\u0131k, bu tarihten sonra Katoliklik ve Ortodoksluk mezhebine karde\u015f olarak kat\u0131lm\u0131\u015ft\u0131. Protestanl\u0131k, daha \u00e7ok Katolik Kilisesi&#8217;nin fazlas\u0131yla zenginle\u015fmesi, yozla\u015fmas\u0131 ve siyasetle i\u00e7 i\u00e7e olmas\u0131ndan dolay\u0131 reform hareketi olarak Hristiyanl\u0131\u011fa ad\u0131m at\u0131yordu. Papalar\u0131n haks\u0131z bi\u00e7imde, zevk ve l\u00fcks i\u00e7inde ya\u015famas\u0131, b\u00fcy\u00fc ve cad\u0131l\u0131\u011fa olan inan\u00e7lar\u0131 sonucunda, halk\u0131na zul\u00fcm uygulad\u0131\u011f\u0131 d\u00fc\u015f\u00fcncesine kar\u015f\u0131 \u00e7\u0131kan bir mezhepti. Protestanl\u0131kla bilime ve sanata verilecek olan de\u011fer artacak, kilise ile devlet ili\u015fkileri zay\u0131flayacak, karanl\u0131k \u00e7a\u011f ayd\u0131nl\u0131\u011fa kavu\u015facakt\u0131. Bu yenilik hareketi hen\u00fcz Strasbourg&#8217; a gelemeden, ola\u011fan\u00fcst\u00fc bir olayla sars\u0131l\u0131yordu Orta \u00c7a\u011f Fransa&#8217;s\u0131 &#8230;   1518 14 Temmuz g\u00fcn\u00fc, Kutsal Roma \u0130mparatorlu\u011fu topraklar\u0131nda yer alan Strasbourg&#8217; da Frau Troffea, evinden aniden \u00e7\u0131karak dans etmeye ba\u015flad\u0131. Frau g\u00fcnlerce ayaklar\u0131 patlarcas\u0131na ac\u0131lar i\u00e7erisinde dans etmeye devam etti. Onunla birlikte insanlar da bir s\u00fcre sonra bu dans vebas\u0131na yakalan\u0131yordu. Halk, Aziz Vitus&#8217;un gazab\u0131ndan \u015f\u00fcpheleniyor ve g\u00fcnah i\u015fleyen insanlar\u0131n ruhlar\u0131n\u0131n ele ge\u00e7irildi\u011fini ve bu g\u00fcce kar\u015f\u0131 koya mad\u0131klar\u0131n\u0131 iddia ediyorlard\u0131. Frau Troffea&#8217;n\u0131n kocas\u0131 da dahil olmak \u00fczere bir\u00e7ok insan kanayan ayaklar\u0131na ve sekteye u\u011frayan kalplerine ald\u0131rmadan sonsuzlu\u011fa do\u011fru ruhlar\u0131n\u0131 ko\u015fturuyorlard\u0131&#8230; <\/p>\n","protected":false},"excerpt":{"rendered":"<p>31 Ekim 1517 g\u00fcn\u00fc, Wittenberg&#8217; de bir kilisenin kap\u0131s\u0131na doksan be\u015f maddelik bir protesto metni as\u0131larak Hristiyanl\u0131kta yeni bir mezhep olan Protestan Reform Hareketi ba\u015flam\u0131\u015f ve<span class=\"excerpt-hellip\"> [\u2026]<\/span><\/p>\n","protected":false},"featured_media":0,"template":"","meta":{"_monsterinsights_skip_tracking":false,"_monsterinsights_sitenote_active":false,"_monsterinsights_sitenote_note":"","_monsterinsights_sitenote_category":0},"product_brand":[],"product_cat":[12291,12711],"product_tag":[],"class_list":{"0":"post-755516","1":"product","2":"type-product","3":"status-publish","5":"product_cat-edebiyat","6":"product_cat-roman-oyku","7":"pa_cilt-ciltsiz","8":"pa_tur-kitap","9":"pa_yayinevi-perseus","10":"pa_yazar-murat-terlemez","12":"first","13":"instock","14":"sale","15":"shipping-taxable","16":"purchasable","17":"product-type-simple"},"_links":{"self":[{"href":"https:\/\/roveyayinevi.com.tr\/index.php\/wp-json\/wp\/v2\/product\/755516","targetHints":{"allow":["GET"]}}],"collection":[{"href":"https:\/\/roveyayinevi.com.tr\/index.php\/wp-json\/wp\/v2\/product"}],"about":[{"href":"https:\/\/roveyayinevi.com.tr\/index.php\/wp-json\/wp\/v2\/types\/product"}],"wp:attachment":[{"href":"https:\/\/roveyayinevi.com.tr\/index.php\/wp-json\/wp\/v2\/media?parent=755516"}],"wp:term":[{"taxonomy":"product_brand","embeddable":true,"href":"https:\/\/roveyayinevi.com.tr\/index.php\/wp-json\/wp\/v2\/product_brand?post=755516"},{"taxonomy":"product_cat","embeddable":true,"href":"https:\/\/roveyayinevi.com.tr\/index.php\/wp-json\/wp\/v2\/product_cat?post=755516"},{"taxonomy":"product_tag","embeddable":true,"href":"https:\/\/roveyayinevi.com.tr\/index.php\/wp-json\/wp\/v2\/product_tag?post=755516"}],"curies":[{"name":"wp","href":"https:\/\/api.w.org\/{rel}","templated":true}]}}