{"id":755515,"date":"2025-08-28T06:41:41","date_gmt":"2025-08-28T03:41:41","guid":{"rendered":"https:\/\/roveyayinevi.com.tr\/index.php\/urun\/mutatio\/"},"modified":"2026-04-13T03:15:42","modified_gmt":"2026-04-13T00:15:42","slug":"mutatio","status":"publish","type":"product","link":"https:\/\/roveyayinevi.com.tr\/index.php\/urun\/mutatio\/","title":{"rendered":"Mutatio"},"content":{"rendered":"<p>DEVASA B\u0130R D\u00d6N\u00dc\u015e\u00dcM UFUKTAN YAKLA\u015eIYOR&#8230; D\u00fcnya gezegeni \u2013t\u0131pk\u0131 sonsuz evreni payla\u015ft\u0131\u011f\u0131m\u0131z di\u011fer gezegenler gibi\u2013 bir tek\u00e2m\u00fcl okuludur ve evrendeki t\u00fcm varl\u0131k sistemleri, kendilerinden altta olanlar\u0131 elinden tutarak yukar\u0131ya \u00e7ekmekle y\u00fck\u00fcml\u00fcd\u00fcrler. D\u00fcnya d\u0131\u015f\u0131 varl\u0131k sistemleri, ad\u0131na Ruhsal \u0130dare Mekanizmas\u0131 (R\u0130M) dedi\u011fimiz o kudretin birer uzant\u0131s\u0131 gibi hareket ederek, on binlerce insanla, kapal\u0131, s\u0131n\u0131rl\u0131, bireysel temas i\u00e7indeler. Bu temaslar devasa bir bilin\u00e7 d\u00f6n\u00fc\u015f\u00fcm\u00fcne i\u015faret ediyor. Evrensel yasalar\u0131 ve varl\u0131ksal ilkeleri bilmeksizin, ya\u015fananlar\u0131 kavrayabilmemiz olas\u0131 de\u011fildir. \u00dclkemiz bu anlamda b\u00fcy\u00fck bilgi ak\u0131\u015flar\u0131na sahne olmu\u015f, 1959 y\u0131l\u0131nda nakledilen ve Bedri Ruhselman taraf\u0131ndan derlenen \u0130lahi Nizam ve K\u00e2inat bilgileriyle ba\u015flayan s\u00fcre\u00e7 i\u00e7inde, ruhsal\/evrensel ilkeler ile varolu\u015f dinamiklerine dair \u00e7ok y\u00fcksek d\u00fczeyli bilgiler insanl\u0131\u011fa hediye edilmi\u015ftir. Bu kitap, \u201cD\u00fcnya D\u0131\u015f\u0131 Temas Ara\u015ft\u0131rmas\u0131 Olu\u015fumu\u201d taraf\u0131ndan ger\u00e7ekle\u015ftirilen \u201cT\u00fcrkiye D\u00fcnya D\u0131\u015f\u0131 Temas Kamuoyu Ara\u015ft\u0131rmas\u0131\u201d verilerinden yararlanarak haz\u0131rlanm\u0131\u015f ve bu veriler ruhsal ilkeler \u0131\u015f\u0131\u011f\u0131nda a\u00e7\u0131klanarak sizlere sunulmu\u015ftur. Mutatio, insanl\u0131k ailesi olarak deneyimledi\u011fimiz b\u00fcy\u00fck de\u011fi\u015fimin D\u00fcnya d\u0131\u015f\u0131 temaslarla ba\u011flant\u0131l\u0131 boyutunun, temas\u00e7\u0131 ifadeleri ve y\u00fcksek ruhsal bilgiler penceresinden, geni\u015f bir raporudur. <\/p>\n","protected":false},"excerpt":{"rendered":"<p>DEVASA B\u0130R D\u00d6N\u00dc\u015e\u00dcM UFUKTAN YAKLA\u015eIYOR&#8230; D\u00fcnya gezegeni \u2013t\u0131pk\u0131 sonsuz evreni payla\u015ft\u0131\u011f\u0131m\u0131z di\u011fer gezegenler gibi\u2013 bir tek\u00e2m\u00fcl okuludur ve evrendeki t\u00fcm varl\u0131k sistemleri, kendilerinden altta olanlar\u0131 elinden<span class=\"excerpt-hellip\"> [\u2026]<\/span><\/p>\n","protected":false},"featured_media":0,"template":"","meta":{"_monsterinsights_skip_tracking":false,"_monsterinsights_sitenote_active":false,"_monsterinsights_sitenote_note":"","_monsterinsights_sitenote_category":0},"product_brand":[],"product_cat":[12364,12376],"product_tag":[],"class_list":{"0":"post-755515","1":"product","2":"type-product","3":"status-publish","5":"product_cat-genel-konular","6":"product_cat-kisisel-gelisim","7":"pa_cilt-ciltsiz","8":"pa_tur-kitap","9":"pa_yayinevi-destek-yayinlari","10":"pa_yazar-erhan-kolbasi","12":"first","13":"instock","14":"sale","15":"shipping-taxable","16":"purchasable","17":"product-type-simple"},"_links":{"self":[{"href":"https:\/\/roveyayinevi.com.tr\/index.php\/wp-json\/wp\/v2\/product\/755515","targetHints":{"allow":["GET"]}}],"collection":[{"href":"https:\/\/roveyayinevi.com.tr\/index.php\/wp-json\/wp\/v2\/product"}],"about":[{"href":"https:\/\/roveyayinevi.com.tr\/index.php\/wp-json\/wp\/v2\/types\/product"}],"wp:attachment":[{"href":"https:\/\/roveyayinevi.com.tr\/index.php\/wp-json\/wp\/v2\/media?parent=755515"}],"wp:term":[{"taxonomy":"product_brand","embeddable":true,"href":"https:\/\/roveyayinevi.com.tr\/index.php\/wp-json\/wp\/v2\/product_brand?post=755515"},{"taxonomy":"product_cat","embeddable":true,"href":"https:\/\/roveyayinevi.com.tr\/index.php\/wp-json\/wp\/v2\/product_cat?post=755515"},{"taxonomy":"product_tag","embeddable":true,"href":"https:\/\/roveyayinevi.com.tr\/index.php\/wp-json\/wp\/v2\/product_tag?post=755515"}],"curies":[{"name":"wp","href":"https:\/\/api.w.org\/{rel}","templated":true}]}}