{"id":755514,"date":"2025-08-28T06:41:39","date_gmt":"2025-08-28T03:41:39","guid":{"rendered":"https:\/\/roveyayinevi.com.tr\/index.php\/urun\/dort-4luk-hikayeler\/"},"modified":"2026-04-16T03:08:46","modified_gmt":"2026-04-16T00:08:46","slug":"dort-4luk-hikayeler","status":"publish","type":"product","link":"https:\/\/roveyayinevi.com.tr\/index.php\/urun\/dort-4luk-hikayeler\/","title":{"rendered":"D\u00f6rt 4&#8217;l\u00fck Hikayeler"},"content":{"rendered":"<p>Herkesin bir hik\u00e2yesi var..   Baz\u0131lar\u0131 \u00e7oktan ya\u015fand\u0131 ve bitti..   Baz\u0131lar\u0131ysa nice umutlara gebe..   Peki sen hi\u00e7 okudu\u011fun bir hik\u00e2yenin i\u00e7inde kendinle kar\u015f\u0131la\u015ft\u0131n m\u0131?   Ya da fark\u0131nda bile olmadan kendini bir hik\u00e2yenin ba\u015f kahraman\u0131 olarak buldun mu?   Belki inanmas\u0131 zor ama hepimiz her g\u00fcn binlerce yeni hik\u00e2ye yaz\u0131yoruz..   Bazen bizzat kendimiz oynuyor, bazen de sadece kar\u015f\u0131dan izliyoruz..   Hadi \u015fimdi kendine bir \u015fans ver..   En derinlerdeki o kahraman, b\u0131rak \u00f6zg\u00fcrce gezip dola\u015fs\u0131n..   Hayaller kurdursun bize yeniden..   Hem kim bilir..   Belki de bu, senin hik\u00e2yen..<\/p>\n","protected":false},"excerpt":{"rendered":"<p>Herkesin bir hik\u00e2yesi var.. Baz\u0131lar\u0131 \u00e7oktan ya\u015fand\u0131 ve bitti.. Baz\u0131lar\u0131ysa nice umutlara gebe.. Peki sen hi\u00e7 okudu\u011fun bir hik\u00e2yenin i\u00e7inde kendinle kar\u015f\u0131la\u015ft\u0131n m\u0131? Ya da fark\u0131nda<span class=\"excerpt-hellip\"> [\u2026]<\/span><\/p>\n","protected":false},"featured_media":0,"template":"","meta":{"_monsterinsights_skip_tracking":false,"_monsterinsights_sitenote_active":false,"_monsterinsights_sitenote_note":"","_monsterinsights_sitenote_category":0},"product_brand":[],"product_cat":[12291,18202],"product_tag":[],"class_list":{"0":"post-755514","1":"product","2":"type-product","3":"status-publish","5":"product_cat-edebiyat","6":"product_cat-hikaye","7":"pa_cilt-ciltsiz","8":"pa_tur-kitap","9":"pa_yayinevi-elpis-yayinlari","10":"pa_yazar-muhsin-dogan","12":"first","13":"instock","14":"sale","15":"shipping-taxable","16":"purchasable","17":"product-type-simple"},"_links":{"self":[{"href":"https:\/\/roveyayinevi.com.tr\/index.php\/wp-json\/wp\/v2\/product\/755514","targetHints":{"allow":["GET"]}}],"collection":[{"href":"https:\/\/roveyayinevi.com.tr\/index.php\/wp-json\/wp\/v2\/product"}],"about":[{"href":"https:\/\/roveyayinevi.com.tr\/index.php\/wp-json\/wp\/v2\/types\/product"}],"wp:attachment":[{"href":"https:\/\/roveyayinevi.com.tr\/index.php\/wp-json\/wp\/v2\/media?parent=755514"}],"wp:term":[{"taxonomy":"product_brand","embeddable":true,"href":"https:\/\/roveyayinevi.com.tr\/index.php\/wp-json\/wp\/v2\/product_brand?post=755514"},{"taxonomy":"product_cat","embeddable":true,"href":"https:\/\/roveyayinevi.com.tr\/index.php\/wp-json\/wp\/v2\/product_cat?post=755514"},{"taxonomy":"product_tag","embeddable":true,"href":"https:\/\/roveyayinevi.com.tr\/index.php\/wp-json\/wp\/v2\/product_tag?post=755514"}],"curies":[{"name":"wp","href":"https:\/\/api.w.org\/{rel}","templated":true}]}}