{"id":755513,"date":"2025-08-28T06:41:36","date_gmt":"2025-08-28T03:41:36","guid":{"rendered":"https:\/\/roveyayinevi.com.tr\/index.php\/urun\/charles-nodier-ve-fantastik-evreni\/"},"modified":"2026-04-16T03:08:46","modified_gmt":"2026-04-16T00:08:46","slug":"charles-nodier-ve-fantastik-evreni","status":"publish","type":"product","link":"https:\/\/roveyayinevi.com.tr\/index.php\/urun\/charles-nodier-ve-fantastik-evreni\/","title":{"rendered":"Charles Nodier ve Fantastik Evreni"},"content":{"rendered":"<p>Romantizm&#8217;in karanl\u0131k ve gizemli d\u00fcnyas\u0131nda dola\u015fan Frans\u0131z yazar Charles Nodier, eserlerinde okurlar\u0131n\u0131 ak\u0131l hastal\u0131\u011f\u0131 ve r\u00fcyalar\u0131n ard\u0131ndaki s\u0131rlar\u0131 ke\u015ffetmeye davet eder. Nodier, &#8220;delilik&#8221; ve \u201cr\u00fcya\u201d kavramlar\u0131n\u0131 sorgular. Asl\u0131nda toplumun \u201cdeli\u201d, \u201cka\u00e7\u0131k\u201d, \u201cmeczup\u201d olarak tan\u0131mlad\u0131\u011f\u0131 ki\u015filerin daha y\u00fcksek bir bilin\u00e7 seviyesine sahip oldu\u011funa ve \u201cs\u0131radan\u201d insanlar\u0131n g\u00f6remedi\u011fi \u00f6te ger\u00e7eklikleri alg\u0131layabildiklerine inan\u0131r. \u201cR\u00fcyalar\u201d ise sanatsal \u00fcretim i\u00e7in bir sanat\u00e7\u0131n\u0131n en \u00f6nemli kayna\u011f\u0131d\u0131r. Onun g\u00f6z\u00fcnden, \u201cdelilik\u201d ve \u201cr\u00fcyalar\u201d fantastik edebiyat\u0131n kap\u0131lar\u0131n\u0131 a\u00e7an anahtarlar gibidir.   Bu kitapta 18. y\u00fczy\u0131l\u0131n ikinci yar\u0131s\u0131nda y\u00fckseli\u015fe ge\u00e7en ve 19. y\u00fczy\u0131l\u0131n ba\u015f\u0131nda olduk\u00e7a pop\u00fcler olan korku ve gotik edebiyat\u0131n tarihine, bu t\u00fcr\u00fcn Frans\u0131z edebiyat\u0131ndaki yans\u0131mas\u0131na ve nas\u0131l fantastik edebiyat ismini ald\u0131\u011f\u0131na \u015fahitlik edeceksiniz. D\u00f6nemin Romantizm ak\u0131m\u0131n\u0131n en \u00f6nemli temsilcilerinden Charles Nodier&#8217;nin Frenetik Romantizm e\u011filimine isim babas\u0131 olmas\u0131n\u0131 ve fantastik edebiyat evrenine getirdi\u011fi b\u00fcy\u00fcl\u00fc dokunu\u015flar\u0131 bulacaks\u0131n\u0131z. Nodier&#8217;nin eserlerinde fantastik evrenlerin nas\u0131l yarat\u0131ld\u0131\u011f\u0131n\u0131 g\u00f6recek ve onun bilin\u00e7alt\u0131n\u0131n derinliklerinde saklanan delili\u011fi ve r\u00fcyalar\u0131 nas\u0131l kulland\u0131\u011f\u0131n\u0131 anlayacaks\u0131n\u0131z.<\/p>\n","protected":false},"excerpt":{"rendered":"<p>Romantizm&#8217;in karanl\u0131k ve gizemli d\u00fcnyas\u0131nda dola\u015fan Frans\u0131z yazar Charles Nodier, eserlerinde okurlar\u0131n\u0131 ak\u0131l hastal\u0131\u011f\u0131 ve r\u00fcyalar\u0131n ard\u0131ndaki s\u0131rlar\u0131 ke\u015ffetmeye davet eder. Nodier, &#8220;delilik&#8221; ve \u201cr\u00fcya\u201d kavramlar\u0131n\u0131<span class=\"excerpt-hellip\"> [\u2026]<\/span><\/p>\n","protected":false},"featured_media":0,"template":"","meta":{"_monsterinsights_skip_tracking":false,"_monsterinsights_sitenote_active":false,"_monsterinsights_sitenote_note":"","_monsterinsights_sitenote_category":0},"product_brand":[],"product_cat":[13072,12291],"product_tag":[],"class_list":{"0":"post-755513","1":"product","2":"type-product","3":"status-publish","5":"product_cat-arastirma-inceleme-referans","6":"product_cat-edebiyat","7":"pa_cilt-ciltsiz","8":"pa_tur-kitap","9":"pa_yayinevi-elpis-yayinlari","10":"pa_yazar-hasan-morkoc","12":"first","13":"instock","14":"sale","15":"shipping-taxable","16":"purchasable","17":"product-type-simple"},"_links":{"self":[{"href":"https:\/\/roveyayinevi.com.tr\/index.php\/wp-json\/wp\/v2\/product\/755513","targetHints":{"allow":["GET"]}}],"collection":[{"href":"https:\/\/roveyayinevi.com.tr\/index.php\/wp-json\/wp\/v2\/product"}],"about":[{"href":"https:\/\/roveyayinevi.com.tr\/index.php\/wp-json\/wp\/v2\/types\/product"}],"wp:attachment":[{"href":"https:\/\/roveyayinevi.com.tr\/index.php\/wp-json\/wp\/v2\/media?parent=755513"}],"wp:term":[{"taxonomy":"product_brand","embeddable":true,"href":"https:\/\/roveyayinevi.com.tr\/index.php\/wp-json\/wp\/v2\/product_brand?post=755513"},{"taxonomy":"product_cat","embeddable":true,"href":"https:\/\/roveyayinevi.com.tr\/index.php\/wp-json\/wp\/v2\/product_cat?post=755513"},{"taxonomy":"product_tag","embeddable":true,"href":"https:\/\/roveyayinevi.com.tr\/index.php\/wp-json\/wp\/v2\/product_tag?post=755513"}],"curies":[{"name":"wp","href":"https:\/\/api.w.org\/{rel}","templated":true}]}}