{"id":755512,"date":"2025-08-28T06:41:35","date_gmt":"2025-08-28T03:41:35","guid":{"rendered":"https:\/\/roveyayinevi.com.tr\/index.php\/urun\/antik-ritueller\/"},"modified":"2026-04-16T03:08:46","modified_gmt":"2026-04-16T00:08:46","slug":"antik-ritueller","status":"publish","type":"product","link":"https:\/\/roveyayinevi.com.tr\/index.php\/urun\/antik-ritueller\/","title":{"rendered":"Antik Rit\u00fceller"},"content":{"rendered":"<p>G\u00fcn\u00fcm\u00fcz\u00fcn en \u00f6nemli spor dal\u0131 olan futbolun ilk \u00e7a\u011flardan itibaren her k\u00fclt\u00fcrde ayr\u0131 ayr\u0131 benimsendi\u011fi, toplumlar\u0131 etkisi alt\u0131na ald\u0131\u011f\u0131 ve \u00f6neminin her daim artt\u0131\u011f\u0131 bilinmektedir. Eski \u00e7a\u011flarda \u00e7e\u015fitli ayak topu oyunlar\u0131 ile futbola g\u00f6z k\u0131rp\u0131lm\u0131\u015f ve bir sonraki \u00e7a\u011flara k\u00fclt\u00fcrler arac\u0131l\u0131\u011f\u0131yla aktar\u0131larak bir spor dal\u0131 haline gelmi\u015ftir. Bir spor dal\u0131ndan fazlas\u0131 olan futbol, zaman i\u00e7erisinde hayat\u0131m\u0131z\u0131n her an\u0131na kaz\u0131nm\u0131\u015f ve tart\u0131\u015fmas\u0131z hayat\u0131m\u0131z\u0131n en \u00f6nemli fig\u00fcrlerinden olmu\u015ftur.   Murat Terlemez, kitap, makale, tez ve elektronik yay\u0131nlardan tarayarak olu\u015fturdu\u011fu bu kitab\u0131nda, Antik \u00c7a\u011f medeniyetleri, Antik \u00c7in medeniyeti, erken d\u00f6nem Orta Asya T\u00fcrkleri, Mezoamerika medeniyetleri (Maya, Aztek, Eskimo, Aborjin, Maori), Antik Grek, Antik Roma, Antik Japonya ve Arap Yar\u0131madas\u0131 ile Orta \u00c7a\u011f medeniyetleri; Keltler, Galler, \u0130rlanda ve \u0130talya&#8217;da futbolun do\u011fu\u015fu ve k\u00fclt\u00fcr\u00fcn\u00fc konu edinmi\u015ftir. <\/p>\n","protected":false},"excerpt":{"rendered":"<p>G\u00fcn\u00fcm\u00fcz\u00fcn en \u00f6nemli spor dal\u0131 olan futbolun ilk \u00e7a\u011flardan itibaren her k\u00fclt\u00fcrde ayr\u0131 ayr\u0131 benimsendi\u011fi, toplumlar\u0131 etkisi alt\u0131na ald\u0131\u011f\u0131 ve \u00f6neminin her daim artt\u0131\u011f\u0131 bilinmektedir. Eski<span class=\"excerpt-hellip\"> [\u2026]<\/span><\/p>\n","protected":false},"featured_media":0,"template":"","meta":{"_monsterinsights_skip_tracking":false,"_monsterinsights_sitenote_active":false,"_monsterinsights_sitenote_note":"","_monsterinsights_sitenote_category":0},"product_brand":[],"product_cat":[12304],"product_tag":[],"class_list":{"0":"post-755512","1":"product","2":"type-product","3":"status-publish","5":"product_cat-tarih","6":"pa_cilt-ciltsiz","7":"pa_tur-kitap","8":"pa_yayinevi-perseus","9":"pa_yazar-murat-terlemez","11":"first","12":"instock","13":"sale","14":"shipping-taxable","15":"purchasable","16":"product-type-simple"},"_links":{"self":[{"href":"https:\/\/roveyayinevi.com.tr\/index.php\/wp-json\/wp\/v2\/product\/755512","targetHints":{"allow":["GET"]}}],"collection":[{"href":"https:\/\/roveyayinevi.com.tr\/index.php\/wp-json\/wp\/v2\/product"}],"about":[{"href":"https:\/\/roveyayinevi.com.tr\/index.php\/wp-json\/wp\/v2\/types\/product"}],"wp:attachment":[{"href":"https:\/\/roveyayinevi.com.tr\/index.php\/wp-json\/wp\/v2\/media?parent=755512"}],"wp:term":[{"taxonomy":"product_brand","embeddable":true,"href":"https:\/\/roveyayinevi.com.tr\/index.php\/wp-json\/wp\/v2\/product_brand?post=755512"},{"taxonomy":"product_cat","embeddable":true,"href":"https:\/\/roveyayinevi.com.tr\/index.php\/wp-json\/wp\/v2\/product_cat?post=755512"},{"taxonomy":"product_tag","embeddable":true,"href":"https:\/\/roveyayinevi.com.tr\/index.php\/wp-json\/wp\/v2\/product_tag?post=755512"}],"curies":[{"name":"wp","href":"https:\/\/api.w.org\/{rel}","templated":true}]}}