{"id":755511,"date":"2025-08-28T06:41:33","date_gmt":"2025-08-28T03:41:33","guid":{"rendered":"https:\/\/roveyayinevi.com.tr\/index.php\/urun\/cadilarin-cenneti-2\/"},"modified":"2026-04-16T03:08:46","modified_gmt":"2026-04-16T00:08:46","slug":"cadilarin-cenneti-2","status":"publish","type":"product","link":"https:\/\/roveyayinevi.com.tr\/index.php\/urun\/cadilarin-cenneti-2\/","title":{"rendered":"Cad\u0131lar\u0131n Cenneti 2"},"content":{"rendered":"<p>Do\u011fan\u0131n terk etti\u011fi bir d\u00fcnyada insanl\u0131\u011f\u0131n tek umudu canl\u0131lard\u0131r!   Bitkiler ve di\u011fer canl\u0131lar hep uyum i\u00e7indeydi. Ta ki insan ortaya \u00e7\u0131kana kadar&#8230; \u0130nsanlar di\u011fer canl\u0131larla ya\u015fayamay\u0131p onlar\u0131 ac\u0131mas\u0131zca yok ettiler. Bunun \u00fczerine Fauna ve Flora ka\u00e7\u0131p saklanmaya karar verdi. D\u00fcnya y\u0131llar su\u0308ren \u0131ss\u0131zl\u0131\u011fa ve kurakl\u0131\u011fa mahk\u00fbm oldu. Geriye kalan son ye\u015fillikler ise bitkilere duyarl\u0131 cad\u0131lar\u0131n s\u0131\u011f\u0131na\u011f\u0131yd\u0131. Fakat insanlar, bitkilerin yery\u00fcz\u00fcn\u00fc\u0308 terk etmesinden cad\u0131lar\u0131 sorumlu tutuyordu.   \u0130nce ve narin \u00e7izgisiyle, Yumeji kara fantastik d\u00fcnyas\u0131na \u015fiirsel bir imza at\u0131yor! Felakete u\u011fram\u0131\u015f bir d\u00fcnyada Pilly, insanlar ve bitkiler aras\u0131ndaki m\u00fccadelenin tam ortas\u0131nda bir maceraya at\u0131l\u0131yor. Peki ya Pilly, kutsanm\u0131\u015f yurt \u201cCennet\u2019i bulabilecek mi? Kay\u0131p \u201cCennet\u201d in ke\u015ffi ba\u015fl\u0131yor! <\/p>\n","protected":false},"excerpt":{"rendered":"<p>Do\u011fan\u0131n terk etti\u011fi bir d\u00fcnyada insanl\u0131\u011f\u0131n tek umudu canl\u0131lard\u0131r! Bitkiler ve di\u011fer canl\u0131lar hep uyum i\u00e7indeydi. Ta ki insan ortaya \u00e7\u0131kana kadar&#8230; \u0130nsanlar di\u011fer canl\u0131larla ya\u015fayamay\u0131p<span class=\"excerpt-hellip\"> [\u2026]<\/span><\/p>\n","protected":false},"featured_media":0,"template":"","meta":{"_monsterinsights_skip_tracking":false,"_monsterinsights_sitenote_active":false,"_monsterinsights_sitenote_note":"","_monsterinsights_sitenote_category":0},"product_brand":[],"product_cat":[12416,12291],"product_tag":[],"class_list":{"0":"post-755511","1":"product","2":"type-product","3":"status-publish","5":"product_cat-cizgi-roman","6":"product_cat-edebiyat","7":"pa_cilt-ciltsiz","8":"pa_tur-kitap","9":"pa_yayinevi-athica-yayinlari","10":"pa_yazar-yumeji","12":"first","13":"instock","14":"sale","15":"shipping-taxable","16":"purchasable","17":"product-type-simple"},"_links":{"self":[{"href":"https:\/\/roveyayinevi.com.tr\/index.php\/wp-json\/wp\/v2\/product\/755511","targetHints":{"allow":["GET"]}}],"collection":[{"href":"https:\/\/roveyayinevi.com.tr\/index.php\/wp-json\/wp\/v2\/product"}],"about":[{"href":"https:\/\/roveyayinevi.com.tr\/index.php\/wp-json\/wp\/v2\/types\/product"}],"wp:attachment":[{"href":"https:\/\/roveyayinevi.com.tr\/index.php\/wp-json\/wp\/v2\/media?parent=755511"}],"wp:term":[{"taxonomy":"product_brand","embeddable":true,"href":"https:\/\/roveyayinevi.com.tr\/index.php\/wp-json\/wp\/v2\/product_brand?post=755511"},{"taxonomy":"product_cat","embeddable":true,"href":"https:\/\/roveyayinevi.com.tr\/index.php\/wp-json\/wp\/v2\/product_cat?post=755511"},{"taxonomy":"product_tag","embeddable":true,"href":"https:\/\/roveyayinevi.com.tr\/index.php\/wp-json\/wp\/v2\/product_tag?post=755511"}],"curies":[{"name":"wp","href":"https:\/\/api.w.org\/{rel}","templated":true}]}}