{"id":755510,"date":"2025-08-28T06:41:31","date_gmt":"2025-08-28T03:41:31","guid":{"rendered":"https:\/\/roveyayinevi.com.tr\/index.php\/urun\/cubuk-makarna-krali-babamin-gunlugu\/"},"modified":"2026-02-03T03:22:37","modified_gmt":"2026-02-03T00:22:37","slug":"cubuk-makarna-krali-babamin-gunlugu","status":"publish","type":"product","link":"https:\/\/roveyayinevi.com.tr\/index.php\/urun\/cubuk-makarna-krali-babamin-gunlugu\/","title":{"rendered":"\u00c7ubuk Makarna Kral\u0131 &#8211; Babam\u0131n G\u00fcnl\u00fc\u011f\u00fc"},"content":{"rendered":"<p>Herkes de\u011ferlidir ama \u00e7o\u011fu kez bu de\u011ferin ba\u015fkalar\u0131 taraf\u0131ndan fark edilmesi zaman al\u0131r. Ya\u015fam\u0131n keyif veren y\u00f6nlerini yakalamak, yeteneklerimizi ke\u015ffetmek ve onlar\u0131 sergilemek bazen \u00e7ok da kolay olmaz. T\u00fcm bunlar\u0131n \u00fcst\u00fcndeki sisi da\u011f\u0131tmak i\u00e7in i\u00e7imizdeki g\u00fcce ihtiyac\u0131m\u0131z olur. Burhan, \u00e7ocukken fiziki g\u00f6r\u00fcn\u00fc\u015f\u00fcyle ya\u015f\u0131tlar\u0131ndan farkl\u0131 bir \u00e7ocuk&#8230; Bu farkl\u0131l\u0131k, onu zorlayan en b\u00fcy\u00fck neden oluyor, ta ki i\u00e7indeki g\u00fcc\u00fc ve yeteneklerini ke\u015ffedinceye kadar&#8230; Burhan, nas\u0131l \u00c7ubuk Makarna Kral\u0131 oldu? Onun bu keyifli, s\u00fcr\u00fckleyici ya\u015fam \u00f6yk\u00fcs\u00fcne Burhan\u2019\u0131n k\u0131z\u0131 Demet\u2019in g\u00f6z\u00fcnden tan\u0131k oluyoruz. Kim bilir; okuduklar\u0131m\u0131z sayesinde belki biz de i\u00e7imizdeki g\u00fcc\u00fc fark eder ve de onu b\u00fcy\u00fct\u00fcr\u00fcz.<\/p>\n","protected":false},"excerpt":{"rendered":"<p>Herkes de\u011ferlidir ama \u00e7o\u011fu kez bu de\u011ferin ba\u015fkalar\u0131 taraf\u0131ndan fark edilmesi zaman al\u0131r. Ya\u015fam\u0131n keyif veren y\u00f6nlerini yakalamak, yeteneklerimizi ke\u015ffetmek ve onlar\u0131 sergilemek bazen \u00e7ok da<span class=\"excerpt-hellip\"> [\u2026]<\/span><\/p>\n","protected":false},"featured_media":0,"template":"","meta":{"_monsterinsights_skip_tracking":false,"_monsterinsights_sitenote_active":false,"_monsterinsights_sitenote_note":"","_monsterinsights_sitenote_category":0},"product_brand":[],"product_cat":[12274,12284],"product_tag":[],"class_list":{"0":"post-755510","1":"product","2":"type-product","3":"status-publish","5":"product_cat-cocuk-ve-genclik-kitaplari","6":"product_cat-hikayeler","7":"pa_cilt-ciltsiz","8":"pa_tur-kitap","9":"pa_yayinevi-smirna-yayinlari","10":"pa_yazar-buket-cetin","12":"first","13":"instock","14":"sale","15":"shipping-taxable","16":"purchasable","17":"product-type-simple"},"_links":{"self":[{"href":"https:\/\/roveyayinevi.com.tr\/index.php\/wp-json\/wp\/v2\/product\/755510","targetHints":{"allow":["GET"]}}],"collection":[{"href":"https:\/\/roveyayinevi.com.tr\/index.php\/wp-json\/wp\/v2\/product"}],"about":[{"href":"https:\/\/roveyayinevi.com.tr\/index.php\/wp-json\/wp\/v2\/types\/product"}],"wp:attachment":[{"href":"https:\/\/roveyayinevi.com.tr\/index.php\/wp-json\/wp\/v2\/media?parent=755510"}],"wp:term":[{"taxonomy":"product_brand","embeddable":true,"href":"https:\/\/roveyayinevi.com.tr\/index.php\/wp-json\/wp\/v2\/product_brand?post=755510"},{"taxonomy":"product_cat","embeddable":true,"href":"https:\/\/roveyayinevi.com.tr\/index.php\/wp-json\/wp\/v2\/product_cat?post=755510"},{"taxonomy":"product_tag","embeddable":true,"href":"https:\/\/roveyayinevi.com.tr\/index.php\/wp-json\/wp\/v2\/product_tag?post=755510"}],"curies":[{"name":"wp","href":"https:\/\/api.w.org\/{rel}","templated":true}]}}