{"id":755509,"date":"2025-08-28T06:41:30","date_gmt":"2025-08-28T03:41:30","guid":{"rendered":"https:\/\/roveyayinevi.com.tr\/index.php\/urun\/cadilarin-cenneti-1\/"},"modified":"2026-04-16T03:08:46","modified_gmt":"2026-04-16T00:08:46","slug":"cadilarin-cenneti-1","status":"publish","type":"product","link":"https:\/\/roveyayinevi.com.tr\/index.php\/urun\/cadilarin-cenneti-1\/","title":{"rendered":"Cad\u0131lar\u0131n Cenneti 1"},"content":{"rendered":"<p>Do\u011fa taraf\u0131ndan terk edilmi\u015f bir d\u00fcnyada, insanl\u0131\u011f\u0131n tek umudu cad\u0131lard\u0131r!   Eskiden, bitkiler ve di\u011fer canl\u0131lar uyum i\u00e7inde ya\u015f\u0131yorlard\u0131. Ta ki insan ortaya \u00e7\u0131kana kadar\u2026 \u0130nsanlar, di\u011fer canl\u0131larla bar\u0131\u015f i\u00e7inde ya\u015fayamad\u0131 ve ac\u0131mas\u0131zca onlar\u0131 yok etti. Bunun \u00fczerine Fauna ve Flora ka\u00e7\u0131p saklanmaya karar verdi\u2026 D\u00fcnya y\u0131llar boyu \u0131ss\u0131zl\u0131\u011fa ve kurakl\u0131\u011fa mahk\u00fbm oldu. Son kalan ve nadir rastlanan ye\u015fillikler ise bitkilere duyarl\u0131 cad\u0131lar\u0131n s\u0131\u011f\u0131naklar\u0131yd\u0131. Fakat her \u015feyi yok etmeye \u00e7al\u0131\u015fan insan, bitkilerin yery\u00fcz\u00fcnden \u00e7ekilmesinden cad\u0131lar\u0131 sorumlu tutuyordu.   Pilly, bu s\u0131\u011f\u0131naklardan birinde yeti\u015fti. G\u00fc\u00e7l\u00fc\u0308 Tula ona rehberlik etti. Pilly, iyi bir cad\u0131 olmak i\u00e7in \u00e7ok \u00f6zveri g\u00f6steriyor ama bir tu\u0308rlu\u0308 bitkilerin sesini duyam\u0131yordu. Bilge cad\u0131 Tula, Pilly\u2019yi kutsanm\u0131\u015f yurt \u201cCennet\u2019e gitmesi i\u00e7in te\u015fvik ediyordu. Ama Pilly, s\u0131\u011f\u0131naktan ve rehber Tula\u2019n\u0131n yan\u0131ndan ayr\u0131lmak istemiyordu. Fakat yazg\u0131s\u0131 Pilly\u2019yi yolculu\u011fa mecbur b\u0131rakt\u0131. S\u0131\u011f\u0131na\u011f\u0131 i\u015fgal eden insanlarla kar\u015f\u0131 kar\u015f\u0131ya geldi. \u0130\u015f b\u00f6yleyken bilge cad\u0131 Tula\u2019n\u0131n, Pilly\u2019ye hediye etti\u011fi tohumlardan bitkilerle bezeli bir kurt \u00e7\u0131kt\u0131. Peki ya Pilly, yolculu\u011funun sonunda \u201cCennet\u2019e varabilecek miydi?   \u0130nce ve narin \u00e7izgisiyle, Yumeji kara fantastik d\u00fcnyas\u0131na \u015fiirsel bir imza at\u0131yor! Felakete u\u011fram\u0131\u015f bir d\u00fcnyada Pilly, insanlar ve bitkiler aras\u0131ndaki m\u00fccadelenin tam ortas\u0131nda bir maceraya at\u0131l\u0131yor. Peki ya Pilly, kutsanm\u0131\u015f yurt \u201cCennet\u2019i bulabilecek mi? Kay\u0131p \u201cCennet \u201din ke\u015ffi ba\u015fl\u0131yor! <\/p>\n","protected":false},"excerpt":{"rendered":"<p>Do\u011fa taraf\u0131ndan terk edilmi\u015f bir d\u00fcnyada, insanl\u0131\u011f\u0131n tek umudu cad\u0131lard\u0131r! Eskiden, bitkiler ve di\u011fer canl\u0131lar uyum i\u00e7inde ya\u015f\u0131yorlard\u0131. Ta ki insan ortaya \u00e7\u0131kana kadar\u2026 \u0130nsanlar, di\u011fer<span class=\"excerpt-hellip\"> [\u2026]<\/span><\/p>\n","protected":false},"featured_media":0,"template":"","meta":{"_monsterinsights_skip_tracking":false,"_monsterinsights_sitenote_active":false,"_monsterinsights_sitenote_note":"","_monsterinsights_sitenote_category":0},"product_brand":[],"product_cat":[12416,12291],"product_tag":[],"class_list":{"0":"post-755509","1":"product","2":"type-product","3":"status-publish","5":"product_cat-cizgi-roman","6":"product_cat-edebiyat","7":"pa_cilt-ciltsiz","8":"pa_tur-kitap","9":"pa_yayinevi-athica-yayinlari","10":"pa_yazar-yumeji","12":"first","13":"instock","14":"sale","15":"shipping-taxable","16":"purchasable","17":"product-type-simple"},"_links":{"self":[{"href":"https:\/\/roveyayinevi.com.tr\/index.php\/wp-json\/wp\/v2\/product\/755509","targetHints":{"allow":["GET"]}}],"collection":[{"href":"https:\/\/roveyayinevi.com.tr\/index.php\/wp-json\/wp\/v2\/product"}],"about":[{"href":"https:\/\/roveyayinevi.com.tr\/index.php\/wp-json\/wp\/v2\/types\/product"}],"wp:attachment":[{"href":"https:\/\/roveyayinevi.com.tr\/index.php\/wp-json\/wp\/v2\/media?parent=755509"}],"wp:term":[{"taxonomy":"product_brand","embeddable":true,"href":"https:\/\/roveyayinevi.com.tr\/index.php\/wp-json\/wp\/v2\/product_brand?post=755509"},{"taxonomy":"product_cat","embeddable":true,"href":"https:\/\/roveyayinevi.com.tr\/index.php\/wp-json\/wp\/v2\/product_cat?post=755509"},{"taxonomy":"product_tag","embeddable":true,"href":"https:\/\/roveyayinevi.com.tr\/index.php\/wp-json\/wp\/v2\/product_tag?post=755509"}],"curies":[{"name":"wp","href":"https:\/\/api.w.org\/{rel}","templated":true}]}}