{"id":755508,"date":"2025-08-28T06:41:28","date_gmt":"2025-08-28T03:41:28","guid":{"rendered":"https:\/\/roveyayinevi.com.tr\/index.php\/urun\/eve-don-artik\/"},"modified":"2026-04-16T03:08:46","modified_gmt":"2026-04-16T00:08:46","slug":"eve-don-artik","status":"publish","type":"product","link":"https:\/\/roveyayinevi.com.tr\/index.php\/urun\/eve-don-artik\/","title":{"rendered":"Eve D\u00f6n Art\u0131k!"},"content":{"rendered":"<p>Uykum Zaten Ka\u00e7t\u0131! ve Seni Zaten Seviyorum! kitaplar\u0131n\u0131n yarat\u0131c\u0131lar\u0131ndan&#8230; \u00d6rdek, Ay\u0131\u2019yla zaman ge\u00e7irmek istiyor. Ancak Ay\u0131 bir haftal\u0131\u011f\u0131na bal\u0131\u011fa gitti. Ay\u0131 uzaklardayken \u00d6rdek ne yapacak? En iyi arkada\u015f\u0131 olmadan hayatta kalabilecek mi?<\/p>\n","protected":false},"excerpt":{"rendered":"<p>Uykum Zaten Ka\u00e7t\u0131! ve Seni Zaten Seviyorum! kitaplar\u0131n\u0131n yarat\u0131c\u0131lar\u0131ndan&#8230; \u00d6rdek, Ay\u0131\u2019yla zaman ge\u00e7irmek istiyor. Ancak Ay\u0131 bir haftal\u0131\u011f\u0131na bal\u0131\u011fa gitti. Ay\u0131 uzaklardayken \u00d6rdek ne yapacak? En<span class=\"excerpt-hellip\"> [\u2026]<\/span><\/p>\n","protected":false},"featured_media":0,"template":"","meta":{"_monsterinsights_skip_tracking":false,"_monsterinsights_sitenote_active":false,"_monsterinsights_sitenote_note":"","_monsterinsights_sitenote_category":0},"product_brand":[],"product_cat":[12274,12284],"product_tag":[],"class_list":{"0":"post-755508","1":"product","2":"type-product","3":"status-publish","5":"product_cat-cocuk-ve-genclik-kitaplari","6":"product_cat-hikayeler","7":"pa_cilt-ciltsiz","8":"pa_tur-kitap","9":"pa_yayinevi-cinaralti-yayinlari","10":"pa_yazar-jory-john-benji-davies","12":"first","13":"instock","14":"sale","15":"shipping-taxable","16":"purchasable","17":"product-type-simple"},"_links":{"self":[{"href":"https:\/\/roveyayinevi.com.tr\/index.php\/wp-json\/wp\/v2\/product\/755508","targetHints":{"allow":["GET"]}}],"collection":[{"href":"https:\/\/roveyayinevi.com.tr\/index.php\/wp-json\/wp\/v2\/product"}],"about":[{"href":"https:\/\/roveyayinevi.com.tr\/index.php\/wp-json\/wp\/v2\/types\/product"}],"wp:attachment":[{"href":"https:\/\/roveyayinevi.com.tr\/index.php\/wp-json\/wp\/v2\/media?parent=755508"}],"wp:term":[{"taxonomy":"product_brand","embeddable":true,"href":"https:\/\/roveyayinevi.com.tr\/index.php\/wp-json\/wp\/v2\/product_brand?post=755508"},{"taxonomy":"product_cat","embeddable":true,"href":"https:\/\/roveyayinevi.com.tr\/index.php\/wp-json\/wp\/v2\/product_cat?post=755508"},{"taxonomy":"product_tag","embeddable":true,"href":"https:\/\/roveyayinevi.com.tr\/index.php\/wp-json\/wp\/v2\/product_tag?post=755508"}],"curies":[{"name":"wp","href":"https:\/\/api.w.org\/{rel}","templated":true}]}}