{"id":755506,"date":"2025-08-28T06:41:25","date_gmt":"2025-08-28T03:41:25","guid":{"rendered":"https:\/\/roveyayinevi.com.tr\/index.php\/urun\/erkeklik-bilincinin-uc-asamasi\/"},"modified":"2026-04-16T03:08:46","modified_gmt":"2026-04-16T00:08:46","slug":"erkeklik-bilincinin-uc-asamasi","status":"publish","type":"product","link":"https:\/\/roveyayinevi.com.tr\/index.php\/urun\/erkeklik-bilincinin-uc-asamasi\/","title":{"rendered":"Erkeklik Bilincinin \u00dc\u00e7 A\u015famas\u0131"},"content":{"rendered":"<p>Bir erkek nas\u0131l olu\u015fur?   B\u00f6yle b\u00fcy\u00fck sorular\u0131n cevab\u0131n\u0131 edebiyatta aramay\u0131 seven Robert A. Johnson, bu defa y\u00fcz\u00fcn\u00fc Don Quixote, Hamlet ve Faust\u2019a \u00e7eviriyor. Erkeklik bilincinin olu\u015fumunu safhalara ay\u0131r\u0131yor ve her birini ayr\u0131 bir karakter \u00fczerinden inceliyor. K\u00fclt\u00fcrden, gelenekten, psikoloji literat\u00fcr\u00fcnden ve ki\u015fisel g\u00f6zlemlerinden dam\u0131tt\u0131\u011f\u0131 bilgelikle ad\u0131na erkeklik denen \u015feyin do\u011fum sanc\u0131lar\u0131na kulak veriyor, bir ke\u015fif ser\u00fcvenine \u00e7\u0131k\u0131yor.<\/p>\n","protected":false},"excerpt":{"rendered":"<p>Bir erkek nas\u0131l olu\u015fur? B\u00f6yle b\u00fcy\u00fck sorular\u0131n cevab\u0131n\u0131 edebiyatta aramay\u0131 seven Robert A. Johnson, bu defa y\u00fcz\u00fcn\u00fc Don Quixote, Hamlet ve Faust\u2019a \u00e7eviriyor. Erkeklik bilincinin olu\u015fumunu<span class=\"excerpt-hellip\"> [\u2026]<\/span><\/p>\n","protected":false},"featured_media":0,"template":"","meta":{"_monsterinsights_skip_tracking":false,"_monsterinsights_sitenote_active":false,"_monsterinsights_sitenote_note":"","_monsterinsights_sitenote_category":0},"product_brand":[],"product_cat":[12357],"product_tag":[],"class_list":{"0":"post-755506","1":"product","2":"type-product","3":"status-publish","5":"product_cat-psikoloji","6":"pa_cilt-ciltsiz","7":"pa_tur-kitap","8":"pa_yayinevi-okuyan-us-yayin","9":"pa_yazar-robert-a-johnson","11":"first","12":"instock","13":"sale","14":"shipping-taxable","15":"purchasable","16":"product-type-simple"},"_links":{"self":[{"href":"https:\/\/roveyayinevi.com.tr\/index.php\/wp-json\/wp\/v2\/product\/755506","targetHints":{"allow":["GET"]}}],"collection":[{"href":"https:\/\/roveyayinevi.com.tr\/index.php\/wp-json\/wp\/v2\/product"}],"about":[{"href":"https:\/\/roveyayinevi.com.tr\/index.php\/wp-json\/wp\/v2\/types\/product"}],"wp:attachment":[{"href":"https:\/\/roveyayinevi.com.tr\/index.php\/wp-json\/wp\/v2\/media?parent=755506"}],"wp:term":[{"taxonomy":"product_brand","embeddable":true,"href":"https:\/\/roveyayinevi.com.tr\/index.php\/wp-json\/wp\/v2\/product_brand?post=755506"},{"taxonomy":"product_cat","embeddable":true,"href":"https:\/\/roveyayinevi.com.tr\/index.php\/wp-json\/wp\/v2\/product_cat?post=755506"},{"taxonomy":"product_tag","embeddable":true,"href":"https:\/\/roveyayinevi.com.tr\/index.php\/wp-json\/wp\/v2\/product_tag?post=755506"}],"curies":[{"name":"wp","href":"https:\/\/api.w.org\/{rel}","templated":true}]}}