{"id":755505,"date":"2025-08-28T06:41:24","date_gmt":"2025-08-28T03:41:24","guid":{"rendered":"https:\/\/roveyayinevi.com.tr\/index.php\/urun\/karanlik-coktugunde\/"},"modified":"2026-04-16T03:08:46","modified_gmt":"2026-04-16T00:08:46","slug":"karanlik-coktugunde","status":"publish","type":"product","link":"https:\/\/roveyayinevi.com.tr\/index.php\/urun\/karanlik-coktugunde\/","title":{"rendered":"Karanl\u0131k \u00c7\u00f6kt\u00fc\u011f\u00fcnde"},"content":{"rendered":"<p>\u0130nsanlar Neden \u0130ntihar Eder ve Bunu \u00d6nlemek \u0130\u00e7in Ne Yapabiliriz? RORY O\u2019CONNOR   Kendini trenin \u00f6n\u00fcne atan insanlar\u0131n d\u00fc\u015f\u00fcncesizlikle su\u00e7land\u0131\u011f\u0131, biri can\u0131na k\u0131yd\u0131\u011f\u0131nda \u201cne gerek vard\u0131\u201dlar\u0131n havada u\u00e7u\u015ftu\u011fu bir d\u00fcnyada intihar\u0131n ne oldu\u011funu ve ne olmad\u0131\u011f\u0131n\u0131 kavramak hayati \u00f6nem ta\u015f\u0131yor. Karanl\u0131k \u00c7\u00f6kt\u00fc\u011f\u00fcnde, y\u0131llar s\u00fcren ara\u015ft\u0131rmalar\u0131n ve klinik tecr\u00fcbelerin toplam\u0131 niteli\u011finde bir eser. Psikolog Rory O\u2019Connor, intihar\u0131n etraf\u0131nda \u00f6r\u00fcl\u00fc gizem kabu\u011funu k\u0131rarak, bir insan\u0131 bu trajik sona iten t\u00fcm fakt\u00f6rleri \u00e7arp\u0131c\u0131 bir d\u00fcr\u00fcstl\u00fck ve i\u00e7tenlikle masaya yat\u0131r\u0131yor. Yak\u0131nlar\u0131n\u0131 intihara kurban vermi\u015f insanlara el uzatarak onlara \u015fefkat ve i\u00e7tenlik dolu bir yol haritas\u0131 \u00f6neriyor. Y\u0131llar\u0131n\u0131 intihar\u0131 soru\u015fturarak ge\u00e7irmi\u015f, onunla ki\u015fisel olarak da s\u0131nanm\u0131\u015f birinden, anlay\u0131\u015fl\u0131, ustal\u0131kl\u0131, \u00fcmit dolu bir eser. \u0130nsan\u0131n oldu\u011fu yerde umudun asla t\u00fckenmeyece\u011finin bir hat\u0131rlat\u0131c\u0131s\u0131 niteli\u011finde.<\/p>\n","protected":false},"excerpt":{"rendered":"<p>\u0130nsanlar Neden \u0130ntihar Eder ve Bunu \u00d6nlemek \u0130\u00e7in Ne Yapabiliriz? RORY O\u2019CONNOR Kendini trenin \u00f6n\u00fcne atan insanlar\u0131n d\u00fc\u015f\u00fcncesizlikle su\u00e7land\u0131\u011f\u0131, biri can\u0131na k\u0131yd\u0131\u011f\u0131nda \u201cne gerek vard\u0131\u201dlar\u0131n havada<span class=\"excerpt-hellip\"> [\u2026]<\/span><\/p>\n","protected":false},"featured_media":0,"template":"","meta":{"_monsterinsights_skip_tracking":false,"_monsterinsights_sitenote_active":false,"_monsterinsights_sitenote_note":"","_monsterinsights_sitenote_category":0},"product_brand":[],"product_cat":[12357],"product_tag":[],"class_list":{"0":"post-755505","1":"product","2":"type-product","3":"status-publish","5":"product_cat-psikoloji","6":"pa_cilt-ciltsiz","7":"pa_tur-kitap","8":"pa_yayinevi-okuyan-us-yayin","9":"pa_yazar-rory-oconnor","11":"first","12":"instock","13":"sale","14":"shipping-taxable","15":"purchasable","16":"product-type-simple"},"_links":{"self":[{"href":"https:\/\/roveyayinevi.com.tr\/index.php\/wp-json\/wp\/v2\/product\/755505","targetHints":{"allow":["GET"]}}],"collection":[{"href":"https:\/\/roveyayinevi.com.tr\/index.php\/wp-json\/wp\/v2\/product"}],"about":[{"href":"https:\/\/roveyayinevi.com.tr\/index.php\/wp-json\/wp\/v2\/types\/product"}],"wp:attachment":[{"href":"https:\/\/roveyayinevi.com.tr\/index.php\/wp-json\/wp\/v2\/media?parent=755505"}],"wp:term":[{"taxonomy":"product_brand","embeddable":true,"href":"https:\/\/roveyayinevi.com.tr\/index.php\/wp-json\/wp\/v2\/product_brand?post=755505"},{"taxonomy":"product_cat","embeddable":true,"href":"https:\/\/roveyayinevi.com.tr\/index.php\/wp-json\/wp\/v2\/product_cat?post=755505"},{"taxonomy":"product_tag","embeddable":true,"href":"https:\/\/roveyayinevi.com.tr\/index.php\/wp-json\/wp\/v2\/product_tag?post=755505"}],"curies":[{"name":"wp","href":"https:\/\/api.w.org\/{rel}","templated":true}]}}