{"id":755504,"date":"2025-08-28T06:41:23","date_gmt":"2025-08-28T03:41:23","guid":{"rendered":"https:\/\/roveyayinevi.com.tr\/index.php\/urun\/kederi-anlamak\/"},"modified":"2026-04-16T03:08:46","modified_gmt":"2026-04-16T00:08:46","slug":"kederi-anlamak","status":"publish","type":"product","link":"https:\/\/roveyayinevi.com.tr\/index.php\/urun\/kederi-anlamak\/","title":{"rendered":"Kederi Anlamak"},"content":{"rendered":"<p>G\u00fcvensizlik, K\u0131skan\u00e7l\u0131k, Sevgisizlik, Utanmazl\u0131k, Pi\u015fmanl\u0131k ve Umutsuzluk SALMAN AKHTAR  \u201c\u0130nsana umut veren, elindeki malzemeden en iyisini \u00e7\u0131karmas\u0131n\u0131 sa\u011flayan bir \u00e7al\u0131\u015fma\u201d \u2014Julian Stern Psikiyatrist Salman Akhtar bu eserinde ad\u0131na keder denen ruh halini g\u00fcvensizlik ve k\u0131skan\u00e7l\u0131k gibi d\u0131\u015fsal tetikleyicilerden, pi\u015fmanl\u0131k ve umutsuzluk gibi i\u00e7sel kaynaklara kadar detayl\u0131 bir \u015fekilde analiz ediyor. So\u011fuk ve mesafeli bir keder atlas\u0131 olu\u015fturmakla yetinmeyip umut ve iyimserlik dolu yakla\u015f\u0131m\u0131n\u0131 da i\u015fin i\u00e7ine kat\u0131yor. Herkesin tan\u0131d\u0131\u011f\u0131 bu i\u00e7sel vaziyeti bir t\u00fcr iyi hissetme seans\u0131na \u00e7evirmeden, bilimsel ihtimam\u0131ndan \u00f6d\u00fcn vermeden ele almay\u0131 ba\u015far\u0131yor. Kederi Anlamak, bir ruh halinin karma\u015f\u0131k mekanizmalar\u0131na dair derinlemesine bir kavray\u0131\u015f\u0131n ifadesi. \u0130nsan olma deneyiminin en kasvetli y\u00fczlerinden birine dair \u00e7ok boyutlu ve iyimser bir rehber.<\/p>\n","protected":false},"excerpt":{"rendered":"<p>G\u00fcvensizlik, K\u0131skan\u00e7l\u0131k, Sevgisizlik, Utanmazl\u0131k, Pi\u015fmanl\u0131k ve Umutsuzluk SALMAN AKHTAR \u201c\u0130nsana umut veren, elindeki malzemeden en iyisini \u00e7\u0131karmas\u0131n\u0131 sa\u011flayan bir \u00e7al\u0131\u015fma\u201d \u2014Julian Stern Psikiyatrist Salman Akhtar bu<span class=\"excerpt-hellip\"> [\u2026]<\/span><\/p>\n","protected":false},"featured_media":0,"template":"","meta":{"_monsterinsights_skip_tracking":false,"_monsterinsights_sitenote_active":false,"_monsterinsights_sitenote_note":"","_monsterinsights_sitenote_category":0},"product_brand":[],"product_cat":[12357],"product_tag":[],"class_list":{"0":"post-755504","1":"product","2":"type-product","3":"status-publish","5":"product_cat-psikoloji","6":"pa_cilt-ciltsiz","7":"pa_tur-kitap","8":"pa_yayinevi-okuyan-us-yayin","9":"pa_yazar-salman-akhtar","11":"first","12":"instock","13":"sale","14":"shipping-taxable","15":"purchasable","16":"product-type-simple"},"_links":{"self":[{"href":"https:\/\/roveyayinevi.com.tr\/index.php\/wp-json\/wp\/v2\/product\/755504","targetHints":{"allow":["GET"]}}],"collection":[{"href":"https:\/\/roveyayinevi.com.tr\/index.php\/wp-json\/wp\/v2\/product"}],"about":[{"href":"https:\/\/roveyayinevi.com.tr\/index.php\/wp-json\/wp\/v2\/types\/product"}],"wp:attachment":[{"href":"https:\/\/roveyayinevi.com.tr\/index.php\/wp-json\/wp\/v2\/media?parent=755504"}],"wp:term":[{"taxonomy":"product_brand","embeddable":true,"href":"https:\/\/roveyayinevi.com.tr\/index.php\/wp-json\/wp\/v2\/product_brand?post=755504"},{"taxonomy":"product_cat","embeddable":true,"href":"https:\/\/roveyayinevi.com.tr\/index.php\/wp-json\/wp\/v2\/product_cat?post=755504"},{"taxonomy":"product_tag","embeddable":true,"href":"https:\/\/roveyayinevi.com.tr\/index.php\/wp-json\/wp\/v2\/product_tag?post=755504"}],"curies":[{"name":"wp","href":"https:\/\/api.w.org\/{rel}","templated":true}]}}