{"id":755502,"date":"2025-08-28T06:41:19","date_gmt":"2025-08-28T03:41:19","guid":{"rendered":"https:\/\/roveyayinevi.com.tr\/index.php\/urun\/buyukannem-ilk-marsli\/"},"modified":"2026-04-11T14:24:27","modified_gmt":"2026-04-11T11:24:27","slug":"buyukannem-ilk-marsli","status":"publish","type":"product","link":"https:\/\/roveyayinevi.com.tr\/index.php\/urun\/buyukannem-ilk-marsli\/","title":{"rendered":"B\u00fcy\u00fckannem \u0130lk Marsl\u0131"},"content":{"rendered":"<p>Mars\u2019\u0131n Simud kolonisinde ailesiyle birlikte ya\u015fayan Maya\u2019n\u0131n hayat\u0131 pek s\u0131radand\u0131. Okul, s\u0131navlar, s\u00fcrekli me\u015fgul olan anne ve babas\u0131yla hayat, evrenin neresinde olursan ol ayn\u0131yd\u0131. En yak\u0131n arkada\u015f\u0131 robot Bo vard\u0131 neyse ki\u2026 Bir de Mars\u2019ta do\u011fan ilk bebek olarak \u00fcnlenmi\u015f b\u00fcy\u00fckannesi\u2026   Maya bir g\u00fcn co\u011frafya \u00f6devi i\u00e7in kaya\u00e7 \u00f6rnekleri toplamak \u00fczere Mars y\u00fczeyine \u00e7\u0131kt\u0131. Tabii o g\u00fcn, b\u00fcy\u00fckannesiyle birlikte at\u0131laca\u011f\u0131 \u00e7\u0131lg\u0131n bir maceran\u0131n ba\u015flayaca\u011f\u0131ndan habersizdi. Mars\u2019\u0131n, hatta insanl\u0131\u011f\u0131n gelece\u011fi b\u00fcy\u00fck tehlikedeydi ve bunu \u00e7\u00f6zebilecek sadece bir ki\u015fi vard\u0131\u2026 <\/p>\n","protected":false},"excerpt":{"rendered":"<p>Mars\u2019\u0131n Simud kolonisinde ailesiyle birlikte ya\u015fayan Maya\u2019n\u0131n hayat\u0131 pek s\u0131radand\u0131. Okul, s\u0131navlar, s\u00fcrekli me\u015fgul olan anne ve babas\u0131yla hayat, evrenin neresinde olursan ol ayn\u0131yd\u0131. En yak\u0131n<span class=\"excerpt-hellip\"> [\u2026]<\/span><\/p>\n","protected":false},"featured_media":0,"template":"","meta":{"_monsterinsights_skip_tracking":false,"_monsterinsights_sitenote_active":false,"_monsterinsights_sitenote_note":"","_monsterinsights_sitenote_category":0},"product_brand":[],"product_cat":[12274,12284],"product_tag":[],"class_list":{"0":"post-755502","1":"product","2":"type-product","3":"status-publish","5":"product_cat-cocuk-ve-genclik-kitaplari","6":"product_cat-hikayeler","7":"pa_cilt-ciltsiz","8":"pa_tur-kitap","9":"pa_yayinevi-dogan-cocuk","10":"pa_yazar-elif-yonat-togay","12":"first","13":"instock","14":"sale","15":"shipping-taxable","16":"purchasable","17":"product-type-simple"},"_links":{"self":[{"href":"https:\/\/roveyayinevi.com.tr\/index.php\/wp-json\/wp\/v2\/product\/755502","targetHints":{"allow":["GET"]}}],"collection":[{"href":"https:\/\/roveyayinevi.com.tr\/index.php\/wp-json\/wp\/v2\/product"}],"about":[{"href":"https:\/\/roveyayinevi.com.tr\/index.php\/wp-json\/wp\/v2\/types\/product"}],"wp:attachment":[{"href":"https:\/\/roveyayinevi.com.tr\/index.php\/wp-json\/wp\/v2\/media?parent=755502"}],"wp:term":[{"taxonomy":"product_brand","embeddable":true,"href":"https:\/\/roveyayinevi.com.tr\/index.php\/wp-json\/wp\/v2\/product_brand?post=755502"},{"taxonomy":"product_cat","embeddable":true,"href":"https:\/\/roveyayinevi.com.tr\/index.php\/wp-json\/wp\/v2\/product_cat?post=755502"},{"taxonomy":"product_tag","embeddable":true,"href":"https:\/\/roveyayinevi.com.tr\/index.php\/wp-json\/wp\/v2\/product_tag?post=755502"}],"curies":[{"name":"wp","href":"https:\/\/api.w.org\/{rel}","templated":true}]}}