{"id":755498,"date":"2025-08-28T06:41:13","date_gmt":"2025-08-28T03:41:13","guid":{"rendered":"https:\/\/roveyayinevi.com.tr\/index.php\/urun\/saglikli-toplum\/"},"modified":"2026-04-16T03:08:46","modified_gmt":"2026-04-16T00:08:46","slug":"saglikli-toplum","status":"publish","type":"product","link":"https:\/\/roveyayinevi.com.tr\/index.php\/urun\/saglikli-toplum\/","title":{"rendered":"Sa\u011fl\u0131kl\u0131 Toplum"},"content":{"rendered":"<p>Erich Fromm\u2019un totaliter hareketlerin y\u00fckseli\u015fini ele ald\u0131\u011f\u0131 \u00d6zg\u00fcrl\u00fckten Ka\u00e7\u0131\u015f\u2019tan on be\u015f y\u0131l sonra yazd\u0131\u011f\u0131 Sa\u011fl\u0131kl\u0131 Toplum, \u00e7a\u011fda\u015f sanayi toplumlar\u0131ndaki robotla\u015fma tehlikesi ile modern insan\u0131n kendi yaratt\u0131\u011f\u0131 d\u00fcnyaya yabanc\u0131la\u015fmas\u0131n\u0131n bir incelemesidir. \u201c\u0130nsan\u0131n kendini kendi delili\u011finin sonu\u00e7lar\u0131ndan koruyabilmesinin tek yolu, insan gereksinimlerine, bizzat insan\u0131n varolu\u015f ko\u015fullar\u0131ndan kaynaklanan be\u015fer\u00ee gereksinimlere uygun akl\u0131 ba\u015f\u0131nda bir toplum yaratmas\u0131d\u0131r. \u0130nsanlar aras\u0131nda sevgi ili\u015fkilerinin oldu\u011fu, insan\u0131n kan ve toprak ba\u011flar\u0131ndan \u00e7ok, karde\u015flik ve dayan\u0131\u015fma ba\u011flar\u0131na s\u0131k\u0131ca sar\u0131ld\u0131\u011f\u0131 bir toplum; insana, y\u0131karak de\u011fil, yaratarak do\u011faya u\u0308stu\u0308n gelme olana\u011f\u0131 sunan, herkesin \u00e7o\u011funlu\u011fa uymaktan \u00e7ok, kendi gu\u0308\u00e7lerinin \u00f6znesi oldu\u011funu deneyimleyerek bir benlik duygusu edindi\u011fi, insan\u0131n ger\u00e7ekleri \u00e7arp\u0131tma ve putlara tapma ihtiyac\u0131 duymad\u0131\u011f\u0131 bir y\u00f6nelim ve adanma \u00e7er\u00e7evesi sunan bir toplum.\u201d <\/p>\n","protected":false},"excerpt":{"rendered":"<p>Erich Fromm\u2019un totaliter hareketlerin y\u00fckseli\u015fini ele ald\u0131\u011f\u0131 \u00d6zg\u00fcrl\u00fckten Ka\u00e7\u0131\u015f\u2019tan on be\u015f y\u0131l sonra yazd\u0131\u011f\u0131 Sa\u011fl\u0131kl\u0131 Toplum, \u00e7a\u011fda\u015f sanayi toplumlar\u0131ndaki robotla\u015fma tehlikesi ile modern insan\u0131n kendi yaratt\u0131\u011f\u0131<span class=\"excerpt-hellip\"> [\u2026]<\/span><\/p>\n","protected":false},"featured_media":0,"template":"","meta":{"_monsterinsights_skip_tracking":false,"_monsterinsights_sitenote_active":false,"_monsterinsights_sitenote_note":"","_monsterinsights_sitenote_category":0},"product_brand":[],"product_cat":[12357],"product_tag":[],"class_list":{"0":"post-755498","1":"product","2":"type-product","3":"status-publish","5":"product_cat-psikoloji","6":"pa_cilt-ciltsiz","7":"pa_tur-kitap","8":"pa_yayinevi-say-yayinlari","9":"pa_yazar-erich-fromm","11":"first","12":"instock","13":"sale","14":"shipping-taxable","15":"purchasable","16":"product-type-simple"},"_links":{"self":[{"href":"https:\/\/roveyayinevi.com.tr\/index.php\/wp-json\/wp\/v2\/product\/755498","targetHints":{"allow":["GET"]}}],"collection":[{"href":"https:\/\/roveyayinevi.com.tr\/index.php\/wp-json\/wp\/v2\/product"}],"about":[{"href":"https:\/\/roveyayinevi.com.tr\/index.php\/wp-json\/wp\/v2\/types\/product"}],"wp:attachment":[{"href":"https:\/\/roveyayinevi.com.tr\/index.php\/wp-json\/wp\/v2\/media?parent=755498"}],"wp:term":[{"taxonomy":"product_brand","embeddable":true,"href":"https:\/\/roveyayinevi.com.tr\/index.php\/wp-json\/wp\/v2\/product_brand?post=755498"},{"taxonomy":"product_cat","embeddable":true,"href":"https:\/\/roveyayinevi.com.tr\/index.php\/wp-json\/wp\/v2\/product_cat?post=755498"},{"taxonomy":"product_tag","embeddable":true,"href":"https:\/\/roveyayinevi.com.tr\/index.php\/wp-json\/wp\/v2\/product_tag?post=755498"}],"curies":[{"name":"wp","href":"https:\/\/api.w.org\/{rel}","templated":true}]}}