{"id":755497,"date":"2025-08-28T06:41:12","date_gmt":"2025-08-28T03:41:12","guid":{"rendered":"https:\/\/roveyayinevi.com.tr\/index.php\/urun\/orta-asya\/"},"modified":"2026-04-16T03:08:46","modified_gmt":"2026-04-16T00:08:46","slug":"orta-asya","status":"publish","type":"product","link":"https:\/\/roveyayinevi.com.tr\/index.php\/urun\/orta-asya\/","title":{"rendered":"Orta Asya"},"content":{"rendered":"<p>Orta Asya\u2019da y\u00fczy\u0131llar boyunca Buhara, Semerkant, Lasa ve daha bir\u00e7ok yerde birbiri ard\u0131na b\u00fcy\u00fck medeniyetler ortaya \u00e7\u0131kt\u0131. Serinde \u00f6rne\u011finin de g\u00f6sterdi\u011fi gibi T\u00fcrk ve Mo\u011fol atl\u0131lar\u0131ndan \u00e7ok da uzak olmayan bir yerde incelikli bir sanat geli\u015fti. B\u00fct\u00fcn b\u00fcy\u00fck evrensel dinler Orta Asya\u2019da hep birlikte var oldular. Cengiz Han, Ulu\u011f Bey, \u0130bn-i Sina, Firdevs\u00ee gibi isimler burada d\u00fcnyaya geldi. Orta Asya hakk\u0131nda \u00e7ok say\u0131da eseri bulunan Jean-Paul Roux bu kitab\u0131nda T\u00fcrklerin, Mo\u011follar\u0131n, Tibetlilerin, Araplar\u0131n, \u00c7inlilerin hep birlikte olu\u015fturduklar\u0131 Orta Asya\u2019n\u0131n tarihini anlat\u0131yor. Bug\u00fcn uluslararas\u0131 ticarete \u00e7\u00f6z\u00fcm olarak h\u00e2l\u00e2 eski \u0130pek Yolu\u2019yla ayn\u0131 \u00e7izgide ilerleyen projelerin ileri s\u00fcr\u00fclmesi \u00e7ok ilgin\u00e7tir. Eskiden \u0130pek Yolu Orta Asya\u2019n\u0131n servetiydi: Bu yolun kapan\u0131\u015f\u0131yla b\u00f6lgede felaket \u00e7anlar\u0131 \u00e7alm\u0131\u015f ve bu yolla birlikte k\u00fclt\u00fcr\u00fc de yok olmu\u015ftur. Bu yollar\u0131n yeniden a\u00e7\u0131l\u0131\u015f\u0131, insano\u011flunun yarat\u0131c\u0131l\u0131\u011f\u0131n\u0131n doru\u011fa \u00e7\u0131kt\u0131\u011f\u0131, Zerd\u00fc\u015ftlerin, \u0130bn-i Sinalar\u0131n, tap\u0131naklarda ve ma\u011faralarda \u00f6l\u00fcms\u00fcz resimler ve heykeller yaratan se\u00e7kin sanat\u00e7\u0131lar\u0131n d\u00fcnyaya g\u00f6z\u00fcn\u00fc a\u00e7t\u0131\u011f\u0131 bu binlerce y\u0131ll\u0131k topraklar\u0131n yeniden do\u011fu\u015funu getirecek midir? <\/p>\n","protected":false},"excerpt":{"rendered":"<p>Orta Asya\u2019da y\u00fczy\u0131llar boyunca Buhara, Semerkant, Lasa ve daha bir\u00e7ok yerde birbiri ard\u0131na b\u00fcy\u00fck medeniyetler ortaya \u00e7\u0131kt\u0131. Serinde \u00f6rne\u011finin de g\u00f6sterdi\u011fi gibi T\u00fcrk ve Mo\u011fol atl\u0131lar\u0131ndan<span class=\"excerpt-hellip\"> [\u2026]<\/span><\/p>\n","protected":false},"featured_media":0,"template":"","meta":{"_monsterinsights_skip_tracking":false,"_monsterinsights_sitenote_active":false,"_monsterinsights_sitenote_note":"","_monsterinsights_sitenote_category":0},"product_brand":[],"product_cat":[12304],"product_tag":[],"class_list":{"0":"post-755497","1":"product","2":"type-product","3":"status-publish","5":"product_cat-tarih","6":"pa_cilt-ciltsiz","7":"pa_tur-kitap","8":"pa_yayinevi-say-yayinlari","9":"pa_yazar-jean-paul-roux","11":"first","12":"instock","13":"sale","14":"shipping-taxable","15":"purchasable","16":"product-type-simple"},"_links":{"self":[{"href":"https:\/\/roveyayinevi.com.tr\/index.php\/wp-json\/wp\/v2\/product\/755497","targetHints":{"allow":["GET"]}}],"collection":[{"href":"https:\/\/roveyayinevi.com.tr\/index.php\/wp-json\/wp\/v2\/product"}],"about":[{"href":"https:\/\/roveyayinevi.com.tr\/index.php\/wp-json\/wp\/v2\/types\/product"}],"wp:attachment":[{"href":"https:\/\/roveyayinevi.com.tr\/index.php\/wp-json\/wp\/v2\/media?parent=755497"}],"wp:term":[{"taxonomy":"product_brand","embeddable":true,"href":"https:\/\/roveyayinevi.com.tr\/index.php\/wp-json\/wp\/v2\/product_brand?post=755497"},{"taxonomy":"product_cat","embeddable":true,"href":"https:\/\/roveyayinevi.com.tr\/index.php\/wp-json\/wp\/v2\/product_cat?post=755497"},{"taxonomy":"product_tag","embeddable":true,"href":"https:\/\/roveyayinevi.com.tr\/index.php\/wp-json\/wp\/v2\/product_tag?post=755497"}],"curies":[{"name":"wp","href":"https:\/\/api.w.org\/{rel}","templated":true}]}}