{"id":755495,"date":"2025-08-28T06:41:08","date_gmt":"2025-08-28T03:41:08","guid":{"rendered":"https:\/\/roveyayinevi.com.tr\/index.php\/urun\/buz-cocuk-ka-ya-yeni-bir-yuva-4\/"},"modified":"2026-04-12T03:12:44","modified_gmt":"2026-04-12T00:12:44","slug":"buz-cocuk-ka-ya-yeni-bir-yuva-4","status":"publish","type":"product","link":"https:\/\/roveyayinevi.com.tr\/index.php\/urun\/buz-cocuk-ka-ya-yeni-bir-yuva-4\/","title":{"rendered":"Buz \u00c7ocuk Ka-Ya Yeni Bir Yuva 4"},"content":{"rendered":"<p>Buz \u00c7ocuk Ka-ya \u00f6yk\u00fcs\u00fcn\u00fcn bu b\u00f6l\u00fcm\u00fcnde; Ka-ya, ailesi ve kom\u015fular\u0131 k\u0131\u015f\u0131 ge\u00e7irmek i\u00e7in \u0131l\u0131man bir b\u00f6lgede konaklarlar. Avlanmak, k\u0131\u015fl\u0131k erzak depolamak, ta\u015f alet yapmak gibi t\u00fcm i\u015fleri el birli\u011fi ile yaparlar. Ancak bir tehlike vard\u0131r. Bulunduklar\u0131 b\u00f6lgede ba\u015fka insanlar ya\u015famaktad\u0131r ve onlar\u0131 kendi av b\u00f6lgelerinde istememektedirler. Aniden bir ka\u00e7\u0131\u015f s\u00fcreci ba\u015flar. Yeni bir yuva kurmak i\u00e7in g\u00f6ze ald\u0131klar\u0131 bu yolculu\u011fu, kahraman\u0131m\u0131z Ka-ya g\u00fcn\u00fcm\u00fcz akranlar\u0131na anlat\u0131yor.   Ka-ya\u2019n\u0131n s\u0131cak diyarlarda g\u00fcvenli bir yuvaya kavu\u015fma ser\u00fcveni, 6-9 ya\u015f aras\u0131 \u00e7ocuklar\u0131m\u0131z i\u00e7in hem merak uyand\u0131r\u0131c\u0131 hem de insanl\u0131k tarihi hakk\u0131nda \u00f6\u011fretici bir \u00f6yk\u00fcd\u00fcr. <\/p>\n","protected":false},"excerpt":{"rendered":"<p>Buz \u00c7ocuk Ka-ya \u00f6yk\u00fcs\u00fcn\u00fcn bu b\u00f6l\u00fcm\u00fcnde; Ka-ya, ailesi ve kom\u015fular\u0131 k\u0131\u015f\u0131 ge\u00e7irmek i\u00e7in \u0131l\u0131man bir b\u00f6lgede konaklarlar. Avlanmak, k\u0131\u015fl\u0131k erzak depolamak, ta\u015f alet yapmak gibi t\u00fcm<span class=\"excerpt-hellip\"> [\u2026]<\/span><\/p>\n","protected":false},"featured_media":0,"template":"","meta":{"_monsterinsights_skip_tracking":false,"_monsterinsights_sitenote_active":false,"_monsterinsights_sitenote_note":"","_monsterinsights_sitenote_category":0},"product_brand":[],"product_cat":[12274,12284],"product_tag":[],"class_list":{"0":"post-755495","1":"product","2":"type-product","3":"status-publish","5":"product_cat-cocuk-ve-genclik-kitaplari","6":"product_cat-hikayeler","7":"pa_cilt-ciltsiz","8":"pa_tur-kitap","9":"pa_yayinevi-tiyam-yayinevi","10":"pa_yazar-n-serpil-altuntek","12":"first","13":"instock","14":"sale","15":"shipping-taxable","16":"purchasable","17":"product-type-simple"},"_links":{"self":[{"href":"https:\/\/roveyayinevi.com.tr\/index.php\/wp-json\/wp\/v2\/product\/755495","targetHints":{"allow":["GET"]}}],"collection":[{"href":"https:\/\/roveyayinevi.com.tr\/index.php\/wp-json\/wp\/v2\/product"}],"about":[{"href":"https:\/\/roveyayinevi.com.tr\/index.php\/wp-json\/wp\/v2\/types\/product"}],"wp:attachment":[{"href":"https:\/\/roveyayinevi.com.tr\/index.php\/wp-json\/wp\/v2\/media?parent=755495"}],"wp:term":[{"taxonomy":"product_brand","embeddable":true,"href":"https:\/\/roveyayinevi.com.tr\/index.php\/wp-json\/wp\/v2\/product_brand?post=755495"},{"taxonomy":"product_cat","embeddable":true,"href":"https:\/\/roveyayinevi.com.tr\/index.php\/wp-json\/wp\/v2\/product_cat?post=755495"},{"taxonomy":"product_tag","embeddable":true,"href":"https:\/\/roveyayinevi.com.tr\/index.php\/wp-json\/wp\/v2\/product_tag?post=755495"}],"curies":[{"name":"wp","href":"https:\/\/api.w.org\/{rel}","templated":true}]}}