{"id":755494,"date":"2025-08-28T06:41:06","date_gmt":"2025-08-28T03:41:06","guid":{"rendered":"https:\/\/roveyayinevi.com.tr\/index.php\/urun\/buz-cocuk-ka-ya-sicak-diyarlara-goc-3\/"},"modified":"2026-04-12T03:12:44","modified_gmt":"2026-04-12T00:12:44","slug":"buz-cocuk-ka-ya-sicak-diyarlara-goc-3","status":"publish","type":"product","link":"https:\/\/roveyayinevi.com.tr\/index.php\/urun\/buz-cocuk-ka-ya-sicak-diyarlara-goc-3\/","title":{"rendered":"Buz \u00c7ocuk Ka-Ya S\u0131cak Diyarlara G\u00f6\u00e7 3"},"content":{"rendered":"<p>Buz \u00c7ocuk Ka-ya \u00f6yk\u00fcs\u00fcn\u00fcn bu b\u00f6l\u00fcm\u00fcnde; Ka-ya, ailesi ve kom\u015fular\u0131n\u0131n g\u00f6\u00e7 etme d\u00fc\u015f\u00fcncesi ile tan\u0131\u015f\u0131r. Herkes Buzul \u00c7a\u011f\u0131\u2019n\u0131n \u00f6ld\u00fcr\u00fcc\u00fc so\u011fu\u011fundan ka\u00e7\u0131p, s\u0131cak diyarlara g\u00f6\u00e7 etmek ister. Bunu ba\u015farabilecekler midir? Bu uzun ve tehlikeli y\u00fcr\u00fcy\u00fc\u015f s\u00fcrecini, kahraman\u0131m\u0131z Ka-ya g\u00fcn\u00fcm\u00fcz akranlar\u0131na anlat\u0131yor.   Ka-Ya\u2019n\u0131n buzul b\u00f6lgeden \u0131l\u0131man b\u00f6lgelere do\u011fru g\u00f6\u00e7 ser\u00fcveni, 6-9 ya\u015f aras\u0131 \u00e7ocuklar\u0131m\u0131z i\u00e7in hem merak uyand\u0131r\u0131c\u0131 hem de insanl\u0131k tarihi hakk\u0131nda \u00f6\u011fretici bir \u00f6yk\u00fcd\u00fcr.    <\/p>\n","protected":false},"excerpt":{"rendered":"<p>Buz \u00c7ocuk Ka-ya \u00f6yk\u00fcs\u00fcn\u00fcn bu b\u00f6l\u00fcm\u00fcnde; Ka-ya, ailesi ve kom\u015fular\u0131n\u0131n g\u00f6\u00e7 etme d\u00fc\u015f\u00fcncesi ile tan\u0131\u015f\u0131r. Herkes Buzul \u00c7a\u011f\u0131\u2019n\u0131n \u00f6ld\u00fcr\u00fcc\u00fc so\u011fu\u011fundan ka\u00e7\u0131p, s\u0131cak diyarlara g\u00f6\u00e7 etmek ister.<span class=\"excerpt-hellip\"> [\u2026]<\/span><\/p>\n","protected":false},"featured_media":0,"template":"","meta":{"_monsterinsights_skip_tracking":false,"_monsterinsights_sitenote_active":false,"_monsterinsights_sitenote_note":"","_monsterinsights_sitenote_category":0},"product_brand":[],"product_cat":[12274,12284],"product_tag":[],"class_list":{"0":"post-755494","1":"product","2":"type-product","3":"status-publish","5":"product_cat-cocuk-ve-genclik-kitaplari","6":"product_cat-hikayeler","7":"pa_cilt-ciltsiz","8":"pa_tur-kitap","9":"pa_yayinevi-tiyam-yayinevi","10":"pa_yazar-n-serpil-altuntek","12":"first","13":"instock","14":"sale","15":"shipping-taxable","16":"purchasable","17":"product-type-simple"},"_links":{"self":[{"href":"https:\/\/roveyayinevi.com.tr\/index.php\/wp-json\/wp\/v2\/product\/755494","targetHints":{"allow":["GET"]}}],"collection":[{"href":"https:\/\/roveyayinevi.com.tr\/index.php\/wp-json\/wp\/v2\/product"}],"about":[{"href":"https:\/\/roveyayinevi.com.tr\/index.php\/wp-json\/wp\/v2\/types\/product"}],"wp:attachment":[{"href":"https:\/\/roveyayinevi.com.tr\/index.php\/wp-json\/wp\/v2\/media?parent=755494"}],"wp:term":[{"taxonomy":"product_brand","embeddable":true,"href":"https:\/\/roveyayinevi.com.tr\/index.php\/wp-json\/wp\/v2\/product_brand?post=755494"},{"taxonomy":"product_cat","embeddable":true,"href":"https:\/\/roveyayinevi.com.tr\/index.php\/wp-json\/wp\/v2\/product_cat?post=755494"},{"taxonomy":"product_tag","embeddable":true,"href":"https:\/\/roveyayinevi.com.tr\/index.php\/wp-json\/wp\/v2\/product_tag?post=755494"}],"curies":[{"name":"wp","href":"https:\/\/api.w.org\/{rel}","templated":true}]}}