{"id":755492,"date":"2025-08-28T06:41:03","date_gmt":"2025-08-28T03:41:03","guid":{"rendered":"https:\/\/roveyayinevi.com.tr\/index.php\/urun\/muzisyenlerde-liderlik\/"},"modified":"2026-04-16T03:08:46","modified_gmt":"2026-04-16T00:08:46","slug":"muzisyenlerde-liderlik","status":"publish","type":"product","link":"https:\/\/roveyayinevi.com.tr\/index.php\/urun\/muzisyenlerde-liderlik\/","title":{"rendered":"M\u00fczisyenlerde Liderlik"},"content":{"rendered":"<p>M\u00fczisyenin kendisine liderlik etme yolculu\u011fu, kendisini iyi tan\u0131mas\u0131 ve onu dinleyenler ile samimi bir ili\u015fki kurabilmesi ile ba\u015fl\u0131yor. \u00d6z motivasyonu, ba\u015fkalar\u0131yla uyumlu \u00e7al\u0131\u015fabilmesi ve istikrarla yola devam edebilmesi bu yolda ona b\u00fcy\u00fck bir avantaj sa\u011fl\u0131yor. Ayn\u0131 zamanda esnek d\u00fc\u015f\u00fcnebilmesi, kriz zamanlar\u0131nda h\u0131zl\u0131 aksiyon alabilmesi, de\u011fi\u015fime kar\u015f\u0131 adaptasyon becerisi geli\u015ftirmesi ve s\u0131n\u0131rlar\u0131 kald\u0131rmak konusunda hevesli olmas\u0131 da de\u011ferli. Bu \u00f6zellikler liderlik biliminin en \u00f6nemli konular\u0131 aras\u0131nda ve uzun y\u0131llard\u0131r farkl\u0131 sekt\u00f6rlerde \u00e7al\u0131\u015fan ki\u015filerin \u00e7al\u0131\u015fma \u015fartlar\u0131n\u0131 iyile\u015ftirmek ve sosyal hayatlar\u0131ndaki tatmini art\u0131rmak i\u00e7in uygulan\u0131yor. B\u00f6yle bak\u0131nca bu kitap, m\u00fczik \u00f6zelinde sanat\u0131 sahiplenenlere bir yol haritas\u0131 sunuyor gibi g\u00f6z\u00fckebilir. Ancak her kim hayat\u0131nda nas\u0131l bir me\u015fguliyet i\u00e7inde olursa olsun, liderli\u011fin temelini ve ona kazand\u0131racaklar\u0131n\u0131 anlad\u0131\u011f\u0131nda kendi yolunu ve ard\u0131ndan ba\u015fkalar\u0131n\u0131n yolunu ayd\u0131nlatma \u015fans\u0131na eri\u015febilir.  Kitapta yer alan liderlikle ilgili t\u00fcm ba\u015fl\u0131klar\u0131 hayat\u0131n\u0131z\u0131n farkl\u0131 alanlar\u0131na uygulayabilirsiniz. \u00d6nemli olan kendi se\u00e7ti\u011finiz yolun lideri olabilmeniz; her ne se\u00e7erseniz se\u00e7in\u2026  <\/p>\n","protected":false},"excerpt":{"rendered":"<p>M\u00fczisyenin kendisine liderlik etme yolculu\u011fu, kendisini iyi tan\u0131mas\u0131 ve onu dinleyenler ile samimi bir ili\u015fki kurabilmesi ile ba\u015fl\u0131yor. \u00d6z motivasyonu, ba\u015fkalar\u0131yla uyumlu \u00e7al\u0131\u015fabilmesi ve istikrarla yola<span class=\"excerpt-hellip\"> [\u2026]<\/span><\/p>\n","protected":false},"featured_media":0,"template":"","meta":{"_monsterinsights_skip_tracking":false,"_monsterinsights_sitenote_active":false,"_monsterinsights_sitenote_note":"","_monsterinsights_sitenote_category":0},"product_brand":[],"product_cat":[14556],"product_tag":[],"class_list":{"0":"post-755492","1":"product","2":"type-product","3":"status-publish","5":"product_cat-muzik","6":"pa_cilt-ciltsiz","7":"pa_tur-kitap","8":"pa_yayinevi-muzik-egitimi-yayinlari","9":"pa_yazar-tugba-aydin-ozturk","11":"first","12":"instock","13":"sale","14":"shipping-taxable","15":"purchasable","16":"product-type-simple"},"_links":{"self":[{"href":"https:\/\/roveyayinevi.com.tr\/index.php\/wp-json\/wp\/v2\/product\/755492","targetHints":{"allow":["GET"]}}],"collection":[{"href":"https:\/\/roveyayinevi.com.tr\/index.php\/wp-json\/wp\/v2\/product"}],"about":[{"href":"https:\/\/roveyayinevi.com.tr\/index.php\/wp-json\/wp\/v2\/types\/product"}],"wp:attachment":[{"href":"https:\/\/roveyayinevi.com.tr\/index.php\/wp-json\/wp\/v2\/media?parent=755492"}],"wp:term":[{"taxonomy":"product_brand","embeddable":true,"href":"https:\/\/roveyayinevi.com.tr\/index.php\/wp-json\/wp\/v2\/product_brand?post=755492"},{"taxonomy":"product_cat","embeddable":true,"href":"https:\/\/roveyayinevi.com.tr\/index.php\/wp-json\/wp\/v2\/product_cat?post=755492"},{"taxonomy":"product_tag","embeddable":true,"href":"https:\/\/roveyayinevi.com.tr\/index.php\/wp-json\/wp\/v2\/product_tag?post=755492"}],"curies":[{"name":"wp","href":"https:\/\/api.w.org\/{rel}","templated":true}]}}