{"id":755488,"date":"2025-08-28T06:40:58","date_gmt":"2025-08-28T03:40:58","guid":{"rendered":"https:\/\/roveyayinevi.com.tr\/index.php\/urun\/imajinizi-parlatan-etkili-iletisim-stratejileri-konus-benimle\/"},"modified":"2026-04-08T03:16:23","modified_gmt":"2026-04-08T00:16:23","slug":"imajinizi-parlatan-etkili-iletisim-stratejileri-konus-benimle","status":"publish","type":"product","link":"https:\/\/roveyayinevi.com.tr\/index.php\/urun\/imajinizi-parlatan-etkili-iletisim-stratejileri-konus-benimle\/","title":{"rendered":"\u0130maj\u0131n\u0131z\u0131 Parlatan Etkili \u0130leti\u015fim Stratejileri &#8211; Konu\u015f Benimle"},"content":{"rendered":"<p>\u201c\u0130leti\u015fim; \u00f6\u011frenebilece\u011finiz bir beceridir; bisiklete binmek ya da yazmak gibi. \u00dczerinde \u00e7al\u0131\u015fmaya istekliysen, hayat\u0131n\u0131n her k\u0131sm\u0131n\u0131n kalitesini h\u0131zla art\u0131rabilirsin.\u201d   \u0130leti\u015fim neden \u00f6nemlidir? \u0130leti\u015fimin ana unsurlar\u0131 ve konu\u015fma teknikleri nelerdir? Topluluk \u00f6n\u00fcnde konu\u015furken jest ve mimiklerimizi nas\u0131l kullanmal\u0131y\u0131z? Beden dilimiz neleri ifade eder? E\u011fer siz de, mesle\u011finiz ne olursa olsun, bu sorular\u0131n cevaplar\u0131n\u0131 merak ediyorsan\u0131z, elinizdeki kitap tam size g\u00f6re!   Konu\u015f Benimle, zengin \u00f6rnekler, a\u00e7\u0131klay\u0131c\u0131 foto\u011fraflar, pratik ipu\u00e7lar\u0131 ve interaktif egzersizleriyle her seviyeden konu\u015fmac\u0131ya rehberlik ederek hem profesyonel hem de ki\u015fisel ya\u015famda ba\u015far\u0131ya giden yolun \u00f6n\u00fcn\u00fc a\u00e7acakt\u0131r. Unutmay\u0131n, \u201cDiliniz, d\u00fc\u015f\u00fcncelerinizin penceresidir; ne kadar a\u00e7\u0131k ve netse, o kadar anla\u015f\u0131l\u0131rs\u0131n\u0131z.\u201d <\/p>\n","protected":false},"excerpt":{"rendered":"<p>\u201c\u0130leti\u015fim; \u00f6\u011frenebilece\u011finiz bir beceridir; bisiklete binmek ya da yazmak gibi. \u00dczerinde \u00e7al\u0131\u015fmaya istekliysen, hayat\u0131n\u0131n her k\u0131sm\u0131n\u0131n kalitesini h\u0131zla art\u0131rabilirsin.\u201d \u0130leti\u015fim neden \u00f6nemlidir? \u0130leti\u015fimin ana unsurlar\u0131 ve<span class=\"excerpt-hellip\"> [\u2026]<\/span><\/p>\n","protected":false},"featured_media":0,"template":"","meta":{"_monsterinsights_skip_tracking":false,"_monsterinsights_sitenote_active":false,"_monsterinsights_sitenote_note":"","_monsterinsights_sitenote_category":0},"product_brand":[],"product_cat":[12364,12376],"product_tag":[],"class_list":{"0":"post-755488","1":"product","2":"type-product","3":"status-publish","5":"product_cat-genel-konular","6":"product_cat-kisisel-gelisim","7":"pa_cilt-ciltsiz","8":"pa_tur-kitap","9":"pa_yayinevi-mona-kitap","10":"pa_yazar-ayca-kuru","12":"first","13":"instock","14":"sale","15":"shipping-taxable","16":"purchasable","17":"product-type-simple"},"_links":{"self":[{"href":"https:\/\/roveyayinevi.com.tr\/index.php\/wp-json\/wp\/v2\/product\/755488","targetHints":{"allow":["GET"]}}],"collection":[{"href":"https:\/\/roveyayinevi.com.tr\/index.php\/wp-json\/wp\/v2\/product"}],"about":[{"href":"https:\/\/roveyayinevi.com.tr\/index.php\/wp-json\/wp\/v2\/types\/product"}],"wp:attachment":[{"href":"https:\/\/roveyayinevi.com.tr\/index.php\/wp-json\/wp\/v2\/media?parent=755488"}],"wp:term":[{"taxonomy":"product_brand","embeddable":true,"href":"https:\/\/roveyayinevi.com.tr\/index.php\/wp-json\/wp\/v2\/product_brand?post=755488"},{"taxonomy":"product_cat","embeddable":true,"href":"https:\/\/roveyayinevi.com.tr\/index.php\/wp-json\/wp\/v2\/product_cat?post=755488"},{"taxonomy":"product_tag","embeddable":true,"href":"https:\/\/roveyayinevi.com.tr\/index.php\/wp-json\/wp\/v2\/product_tag?post=755488"}],"curies":[{"name":"wp","href":"https:\/\/api.w.org\/{rel}","templated":true}]}}