{"id":755485,"date":"2025-08-28T06:40:54","date_gmt":"2025-08-28T03:40:54","guid":{"rendered":"https:\/\/roveyayinevi.com.tr\/index.php\/urun\/kurandan-damlalar-gonulden-dualar\/"},"modified":"2026-04-16T03:08:46","modified_gmt":"2026-04-16T00:08:46","slug":"kurandan-damlalar-gonulden-dualar","status":"publish","type":"product","link":"https:\/\/roveyayinevi.com.tr\/index.php\/urun\/kurandan-damlalar-gonulden-dualar\/","title":{"rendered":"Kur&#8217;an&#8217;dan Damlalar G\u00f6n\u00fclden Dualar"},"content":{"rendered":"<p>De ki: \u201cKullu\u011funuz ve niyaz\u0131n\u0131z olmasa Allah size ne diye de\u011fer versin! Furk\u00e2n Suresi 77   &#8220;Kullar\u0131m sana, beni sordu\u011funda (s\u00f6yle onlara): Ben \u00e7ok yak\u0131n\u0131m. Bana dua etti\u011fi vakit dua edenin dile\u011fine kar\u015f\u0131l\u0131k veririm. O halde (kullar\u0131m da) benim davetime uysunlar ve bana inans\u0131nlar ki do\u011fru yolu bulalar.&#8221; Bakara Suresi 186   Allah&#8217;\u0131m! Senin bize \u00e7ok yak\u0131n oldu\u011funu, dualar\u0131m\u0131za icabet edece\u011fini biliyor ve Sana dualar ediyoruz, dualar\u0131m\u0131z\u0131 ve ibadetlerimizi kabul eyle. Allah&#8217;\u0131m! Bizi ve neslimizi Sana l\u00e2y\u0131k kul, habibin Hz. Muhammed&#8217;e (sav) l\u00e2y\u0131k \u00fcmmet eyle. Bizi yak\u0131t\u0131 insanlar ve ta\u015flar olan cehennem azab\u0131ndan koru. Allah&#8217;\u0131m! Bizi Kur&#8217;an&#8217;\u0131 rehber, Hz. Muhammed&#8217;i (sav) \u00f6nder edinen salih, takva sahibi kullar\u0131ndan eyle, bizi ba\u011f\u0131\u015fla, m\u00fcsl\u00fcman olarak ya\u015fat, m\u00fcsl\u00fcman olarak \u00f6ld\u00fcr ve vaad etti\u011fin nimetlere eri\u015ftir. Allah&#8217;\u0131m! Semavi ve d\u00fcnyevi her t\u00fcrl\u00fc hastal\u0131klardan, belalardan, felaket ve afetlerden muhafaza eyle. \u00c2min. Y\u00e2 Mu\u00een ve Y\u00e2 Mucibe&#8217;d-deavat, Y\u00e2 Ze&#8217;l-Celali ve&#8217;l-ikram. <\/p>\n","protected":false},"excerpt":{"rendered":"<p>De ki: \u201cKullu\u011funuz ve niyaz\u0131n\u0131z olmasa Allah size ne diye de\u011fer versin! Furk\u00e2n Suresi 77 &#8220;Kullar\u0131m sana, beni sordu\u011funda (s\u00f6yle onlara): Ben \u00e7ok yak\u0131n\u0131m. Bana dua<span class=\"excerpt-hellip\"> [\u2026]<\/span><\/p>\n","protected":false},"featured_media":0,"template":"","meta":{"_monsterinsights_skip_tracking":false,"_monsterinsights_sitenote_active":false,"_monsterinsights_sitenote_note":"","_monsterinsights_sitenote_category":0},"product_brand":[],"product_cat":[13036,12718,12719],"product_tag":[],"class_list":{"0":"post-755485","1":"product","2":"type-product","3":"status-publish","5":"product_cat-arastirma-inceleme-islam","6":"product_cat-din","7":"product_cat-islam","8":"pa_cilt-ciltsiz","9":"pa_tur-kitap","10":"pa_yayinevi-gulnar-yayinlari","11":"pa_yazar-resul-coskun","13":"first","14":"instock","15":"sale","16":"shipping-taxable","17":"purchasable","18":"product-type-simple"},"_links":{"self":[{"href":"https:\/\/roveyayinevi.com.tr\/index.php\/wp-json\/wp\/v2\/product\/755485","targetHints":{"allow":["GET"]}}],"collection":[{"href":"https:\/\/roveyayinevi.com.tr\/index.php\/wp-json\/wp\/v2\/product"}],"about":[{"href":"https:\/\/roveyayinevi.com.tr\/index.php\/wp-json\/wp\/v2\/types\/product"}],"wp:attachment":[{"href":"https:\/\/roveyayinevi.com.tr\/index.php\/wp-json\/wp\/v2\/media?parent=755485"}],"wp:term":[{"taxonomy":"product_brand","embeddable":true,"href":"https:\/\/roveyayinevi.com.tr\/index.php\/wp-json\/wp\/v2\/product_brand?post=755485"},{"taxonomy":"product_cat","embeddable":true,"href":"https:\/\/roveyayinevi.com.tr\/index.php\/wp-json\/wp\/v2\/product_cat?post=755485"},{"taxonomy":"product_tag","embeddable":true,"href":"https:\/\/roveyayinevi.com.tr\/index.php\/wp-json\/wp\/v2\/product_tag?post=755485"}],"curies":[{"name":"wp","href":"https:\/\/api.w.org\/{rel}","templated":true}]}}