{"id":755483,"date":"2025-08-28T06:40:51","date_gmt":"2025-08-28T03:40:51","guid":{"rendered":"https:\/\/roveyayinevi.com.tr\/index.php\/urun\/saglik-egitim-arastirma-50-makale-bir-kitap\/"},"modified":"2026-04-16T03:08:46","modified_gmt":"2026-04-16T00:08:46","slug":"saglik-egitim-arastirma-50-makale-bir-kitap","status":"publish","type":"product","link":"https:\/\/roveyayinevi.com.tr\/index.php\/urun\/saglik-egitim-arastirma-50-makale-bir-kitap\/","title":{"rendered":"Sa\u011fl\u0131k E\u011fitim Ara\u015ft\u0131rma 50 Makale Bir Kitap"},"content":{"rendered":"<p>Elli makale bir kitap, yazar\u0131n \u00fc\u00e7 y\u00fcz yetmi\u015f makalesinden se\u00e7me elli makalesinden olu\u015fmaktad\u0131r. Makalelerin g\u00fcncel sosyal-psikolojik konular ile e\u011fitim-\u00f6\u011fretim, bilimsel ara\u015ft\u0131rmalar, en g\u00fcncel sa\u011fl\u0131k ve hastal\u0131k konular\u0131 ile bili\u015fsel geli\u015fim konular\u0131 alan\u0131nda \u00e7ok farkl\u0131 akademik ara\u015ft\u0131rmalar\u0131 da i\u00e7ine alan makalelerin birle\u015ftirilmesiyle olu\u015fturulan kitab\u0131n yaz\u0131lmas\u0131 be\u015f y\u0131l\u0131 bulmu\u015ftur. Kitap, bir\u00e7ok e\u011fitim, sosyal ve sa\u011fl\u0131k konular\u0131n\u0131 bilimsel dayanaklar ile kaynak\u00e7a g\u00f6sterilerek olu\u015fturulmu\u015f ve her kesime hitap edebilecek e\u011fitim ama\u00e7l\u0131 akademik, sa\u011fl\u0131k ve sosyal-psikolojik alt temellerini g\u00f6re haz\u0131rlanm\u0131\u015ft\u0131r. Elli makalenin olu\u015fturdu\u011fu kitab\u0131m\u0131z\u0131n \u00fcniversite ve liselere kaynak olmas\u0131 ayr\u0131ca anne ve babalar\u0131n, sa\u011fl\u0131k \u00e7al\u0131\u015fanlar\u0131n\u0131n, ara\u015ft\u0131rmac\u0131lar\u0131n bir ba\u015fucu kitab\u0131 olmas\u0131 ama\u00e7lanm\u0131\u015ft\u0131r. <\/p>\n","protected":false},"excerpt":{"rendered":"<p>Elli makale bir kitap, yazar\u0131n \u00fc\u00e7 y\u00fcz yetmi\u015f makalesinden se\u00e7me elli makalesinden olu\u015fmaktad\u0131r. Makalelerin g\u00fcncel sosyal-psikolojik konular ile e\u011fitim-\u00f6\u011fretim, bilimsel ara\u015ft\u0131rmalar, en g\u00fcncel sa\u011fl\u0131k ve hastal\u0131k<span class=\"excerpt-hellip\"> [\u2026]<\/span><\/p>\n","protected":false},"featured_media":0,"template":"","meta":{"_monsterinsights_skip_tracking":false,"_monsterinsights_sitenote_active":false,"_monsterinsights_sitenote_note":"","_monsterinsights_sitenote_category":0},"product_brand":[],"product_cat":[13366,13365],"product_tag":[],"class_list":{"0":"post-755483","1":"product","2":"type-product","3":"status-publish","5":"product_cat-diger-saglik","6":"product_cat-saglik","7":"pa_cilt-ciltsiz","8":"pa_tur-kitap","9":"pa_yayinevi-zet-akademi-yayinlari","10":"pa_yazar-yildirim-bayezit-deldal","12":"first","13":"instock","14":"sale","15":"shipping-taxable","16":"purchasable","17":"product-type-simple"},"_links":{"self":[{"href":"https:\/\/roveyayinevi.com.tr\/index.php\/wp-json\/wp\/v2\/product\/755483","targetHints":{"allow":["GET"]}}],"collection":[{"href":"https:\/\/roveyayinevi.com.tr\/index.php\/wp-json\/wp\/v2\/product"}],"about":[{"href":"https:\/\/roveyayinevi.com.tr\/index.php\/wp-json\/wp\/v2\/types\/product"}],"wp:attachment":[{"href":"https:\/\/roveyayinevi.com.tr\/index.php\/wp-json\/wp\/v2\/media?parent=755483"}],"wp:term":[{"taxonomy":"product_brand","embeddable":true,"href":"https:\/\/roveyayinevi.com.tr\/index.php\/wp-json\/wp\/v2\/product_brand?post=755483"},{"taxonomy":"product_cat","embeddable":true,"href":"https:\/\/roveyayinevi.com.tr\/index.php\/wp-json\/wp\/v2\/product_cat?post=755483"},{"taxonomy":"product_tag","embeddable":true,"href":"https:\/\/roveyayinevi.com.tr\/index.php\/wp-json\/wp\/v2\/product_tag?post=755483"}],"curies":[{"name":"wp","href":"https:\/\/api.w.org\/{rel}","templated":true}]}}