{"id":755482,"date":"2025-08-28T06:40:49","date_gmt":"2025-08-28T03:40:49","guid":{"rendered":"https:\/\/roveyayinevi.com.tr\/index.php\/urun\/yol-ve-iz\/"},"modified":"2026-04-16T03:08:46","modified_gmt":"2026-04-16T00:08:46","slug":"yol-ve-iz","status":"publish","type":"product","link":"https:\/\/roveyayinevi.com.tr\/index.php\/urun\/yol-ve-iz\/","title":{"rendered":"Yol ve \u0130z"},"content":{"rendered":"<p>\u0130nsan\u0131m\u0131z\u0131n ve toplumumuzun ger\u00e7ekleri g\u00f6rmesi, Allah&#8217;\u0131n yolunda ve Peygamberimizin izinde gitmeleri, \u0130sl\u00e2miyet&#8217;in ilk y\u0131llar\u0131n\u0131 ve \u0130sl\u00e2m toplumunun samimi inan\u00e7lar\u0131n\u0131 g\u00f6rerek, BENC\u0130LL\u0130\u011eE, R\u0130YAYA-GIYBETE VE HASEDE sapmadan ya\u015famalar\u0131n\u0131 sa\u011flamak, C\u00f6mertli\u011fin, al\u00e7ak g\u00f6n\u00fcll\u00fcl\u00fc\u011f\u00fcn ve ho\u015fg\u00f6r\u00fcn\u00fcn \u0130sl\u00e2miyet&#8217;in ger\u00e7ekleri oldu\u011funu. Davran\u0131\u015flar\u0131n, s\u00f6zlerden daha etkili oldu\u011funu kavrayarak, K\u00f6r\u00fc k\u00f6r\u00fcne inanmak yerine ya\u015fay\u0131\u015flar\u0131yla \u00f6rnek olmu\u015f sahabenin izinden gitmeleri, Bunlar\u0131n da Allah&#8217;\u0131n yolu ve Peygamberimizin izi oldu\u011funu bilmeleri i\u00e7in yaz\u0131lm\u0131\u015ft\u0131r. Mehmet Y\u0131lmaz <\/p>\n","protected":false},"excerpt":{"rendered":"<p>\u0130nsan\u0131m\u0131z\u0131n ve toplumumuzun ger\u00e7ekleri g\u00f6rmesi, Allah&#8217;\u0131n yolunda ve Peygamberimizin izinde gitmeleri, \u0130sl\u00e2miyet&#8217;in ilk y\u0131llar\u0131n\u0131 ve \u0130sl\u00e2m toplumunun samimi inan\u00e7lar\u0131n\u0131 g\u00f6rerek, BENC\u0130LL\u0130\u011eE, R\u0130YAYA-GIYBETE VE HASEDE sapmadan ya\u015famalar\u0131n\u0131<span class=\"excerpt-hellip\"> [\u2026]<\/span><\/p>\n","protected":false},"featured_media":0,"template":"","meta":{"_monsterinsights_skip_tracking":false,"_monsterinsights_sitenote_active":false,"_monsterinsights_sitenote_note":"","_monsterinsights_sitenote_category":0},"product_brand":[],"product_cat":[12777,12291],"product_tag":[],"class_list":{"0":"post-755482","1":"product","2":"type-product","3":"status-publish","5":"product_cat-deneme","6":"product_cat-edebiyat","7":"pa_cilt-ciltsiz","8":"pa_tur-kitap","9":"pa_yayinevi-zet-yayinlari","10":"pa_yazar-mehmet-yilmaz","12":"first","13":"instock","14":"sale","15":"shipping-taxable","16":"purchasable","17":"product-type-simple"},"_links":{"self":[{"href":"https:\/\/roveyayinevi.com.tr\/index.php\/wp-json\/wp\/v2\/product\/755482","targetHints":{"allow":["GET"]}}],"collection":[{"href":"https:\/\/roveyayinevi.com.tr\/index.php\/wp-json\/wp\/v2\/product"}],"about":[{"href":"https:\/\/roveyayinevi.com.tr\/index.php\/wp-json\/wp\/v2\/types\/product"}],"wp:attachment":[{"href":"https:\/\/roveyayinevi.com.tr\/index.php\/wp-json\/wp\/v2\/media?parent=755482"}],"wp:term":[{"taxonomy":"product_brand","embeddable":true,"href":"https:\/\/roveyayinevi.com.tr\/index.php\/wp-json\/wp\/v2\/product_brand?post=755482"},{"taxonomy":"product_cat","embeddable":true,"href":"https:\/\/roveyayinevi.com.tr\/index.php\/wp-json\/wp\/v2\/product_cat?post=755482"},{"taxonomy":"product_tag","embeddable":true,"href":"https:\/\/roveyayinevi.com.tr\/index.php\/wp-json\/wp\/v2\/product_tag?post=755482"}],"curies":[{"name":"wp","href":"https:\/\/api.w.org\/{rel}","templated":true}]}}