{"id":755479,"date":"2025-08-28T06:40:44","date_gmt":"2025-08-28T03:40:44","guid":{"rendered":"https:\/\/roveyayinevi.com.tr\/index.php\/urun\/veresiye-defterinden-zirveye\/"},"modified":"2026-04-16T03:08:45","modified_gmt":"2026-04-16T00:08:45","slug":"veresiye-defterinden-zirveye","status":"publish","type":"product","link":"https:\/\/roveyayinevi.com.tr\/index.php\/urun\/veresiye-defterinden-zirveye\/","title":{"rendered":"Veresiye Defterinden Zirveye"},"content":{"rendered":"<p>Bir veresiye defterine her sabah yaz\u0131lan ac\u0131lar\u0131n, g\u00fcn gelip milyonlar\u0131n umudu olu\u015funun ger\u00e7ek \u00f6yk\u00fcs\u00fc&#8230; Yolun sonuna geldiysen, elini neye atsan kaybediyorsan, dibe vurduysan, cebinde paran kalmad\u0131ysa: TAM ARADI\u011eIM K\u0130\u015e\u0130S\u0130N&#8230;  Allah\u2019\u0131n bereketi \u00fczerine olsun. \u2022 Para ve bilin\u00e7alt\u0131 ili\u015fkisi \u2022 Paray\u0131 m\u0131knat\u0131s gibi \u00e7eken rit\u00fceller \u2022 En g\u00fc\u00e7l\u00fc para ve bolluk dualar\u0131 \u2022 Esma\u00fc\u2019l-H\u00fcsna etkisi ile bereketi art\u0131rma yollar\u0131 \u2022 Manevi derinlikle paran\u0131n gizli ba\u011flar\u0131 \u2022 Para alan\u0131nda k\u00f6kl\u00fc d\u00f6n\u00fc\u015f\u00fcm metotlar\u0131 \u2022 G\u00fc\u00e7l\u00fc PARA TILSIMLARI<\/p>\n","protected":false},"excerpt":{"rendered":"<p>Bir veresiye defterine her sabah yaz\u0131lan ac\u0131lar\u0131n, g\u00fcn gelip milyonlar\u0131n umudu olu\u015funun ger\u00e7ek \u00f6yk\u00fcs\u00fc&#8230; Yolun sonuna geldiysen, elini neye atsan kaybediyorsan, dibe vurduysan, cebinde paran kalmad\u0131ysa:<span class=\"excerpt-hellip\"> [\u2026]<\/span><\/p>\n","protected":false},"featured_media":0,"template":"","meta":{"_monsterinsights_skip_tracking":false,"_monsterinsights_sitenote_active":false,"_monsterinsights_sitenote_note":"","_monsterinsights_sitenote_category":0},"product_brand":[],"product_cat":[12364,12376],"product_tag":[],"class_list":{"0":"post-755479","1":"product","2":"type-product","3":"status-publish","5":"product_cat-genel-konular","6":"product_cat-kisisel-gelisim","7":"pa_cilt-ciltsiz","8":"pa_tur-kitap","9":"pa_yayinevi-feniks-yayinlari","10":"pa_yazar-tugce-isinsu","12":"first","13":"instock","14":"sale","15":"shipping-taxable","16":"purchasable","17":"product-type-simple"},"_links":{"self":[{"href":"https:\/\/roveyayinevi.com.tr\/index.php\/wp-json\/wp\/v2\/product\/755479","targetHints":{"allow":["GET"]}}],"collection":[{"href":"https:\/\/roveyayinevi.com.tr\/index.php\/wp-json\/wp\/v2\/product"}],"about":[{"href":"https:\/\/roveyayinevi.com.tr\/index.php\/wp-json\/wp\/v2\/types\/product"}],"wp:attachment":[{"href":"https:\/\/roveyayinevi.com.tr\/index.php\/wp-json\/wp\/v2\/media?parent=755479"}],"wp:term":[{"taxonomy":"product_brand","embeddable":true,"href":"https:\/\/roveyayinevi.com.tr\/index.php\/wp-json\/wp\/v2\/product_brand?post=755479"},{"taxonomy":"product_cat","embeddable":true,"href":"https:\/\/roveyayinevi.com.tr\/index.php\/wp-json\/wp\/v2\/product_cat?post=755479"},{"taxonomy":"product_tag","embeddable":true,"href":"https:\/\/roveyayinevi.com.tr\/index.php\/wp-json\/wp\/v2\/product_tag?post=755479"}],"curies":[{"name":"wp","href":"https:\/\/api.w.org\/{rel}","templated":true}]}}