{"id":755478,"date":"2025-08-28T06:40:43","date_gmt":"2025-08-28T03:40:43","guid":{"rendered":"https:\/\/roveyayinevi.com.tr\/index.php\/urun\/cocuklarda-sanat-egitimi\/"},"modified":"2026-04-16T03:08:45","modified_gmt":"2026-04-16T00:08:45","slug":"cocuklarda-sanat-egitimi","status":"publish","type":"product","link":"https:\/\/roveyayinevi.com.tr\/index.php\/urun\/cocuklarda-sanat-egitimi\/","title":{"rendered":"\u00c7ocuklarda Sanat E\u011fitimi"},"content":{"rendered":"<p>\u00c7ocuklarda Sanat E\u011fitimi, sanat\u0131n \u00e7ocuklar i\u00e7in \u00f6nemini vurgulayan ve okuru bu alanda ayd\u0131nlatan e\u015fsiz bir rehber. \u00c7ocu\u011fun bir ya\u015f\u0131ndan okula ba\u015flayana kadar yapt\u0131\u011f\u0131 sanat \u00e7al\u0131\u015fmalar\u0131, onun okuldaki \u00f6\u011frenme ba\u015far\u0131s\u0131n\u0131 etkiler ve gerek duygusal gerekse zihinsel geli\u015fiminde say\u0131s\u0131z fayda sa\u011flar. Okul\u00f6ncesi d\u00f6nemde sanatla ilgilenmek \u00e7ocu\u011fun kendini ifade etmesine yard\u0131m etti\u011fi gibi, karalamalar ve serbest\u00e7e yap\u0131lan \u00e7izimler, ileride yapaca\u011f\u0131 okuma ve yazma \u00e7al\u0131\u015fmalar\u0131na da temel olu\u015fturur. Bu kitapta \u00e7ocuklar\u0131n ya\u015flar\u0131 g\u00f6zetilerek belirlenmi\u015f \u00e7al\u0131\u015fmalar ve bu \u00e7al\u0131\u015fmalar\u0131n g\u00fcvenli bir \u015fekilde yap\u0131lmas\u0131n\u0131 sa\u011flayacak \u00f6neriler yer al\u0131yor. Aileler, kitaptaki bilgiler \u0131\u015f\u0131\u011f\u0131nda \u00e7ocuklar\u0131n\u0131n sanatsal geli\u015fimini izleyebilir, onlarla yap\u0131tlar\u0131 hakk\u0131nda nas\u0131l konu\u015facaklar\u0131n\u0131 ve ne t\u00fcr ger\u00e7ek\u00e7i beklentiler i\u00e7inde bulunabileceklerini \u00f6\u011frenebilirler. \u201c\u00c7ocuklar\u0131 boyama kitaplar\u0131yla s\u0131n\u0131rlamay\u0131n. Bir \u00e7ocu\u011fun ba\u015fka birinin yaratt\u0131\u011f\u0131 bir \u015feyi tamamlamas\u0131n\u0131n hi\u00e7bir de\u011feri yoktur.\u201d \u2013Susan Striker<\/p>\n","protected":false},"excerpt":{"rendered":"<p>\u00c7ocuklarda Sanat E\u011fitimi, sanat\u0131n \u00e7ocuklar i\u00e7in \u00f6nemini vurgulayan ve okuru bu alanda ayd\u0131nlatan e\u015fsiz bir rehber. \u00c7ocu\u011fun bir ya\u015f\u0131ndan okula ba\u015flayana kadar yapt\u0131\u011f\u0131 sanat \u00e7al\u0131\u015fmalar\u0131, onun<span class=\"excerpt-hellip\"> [\u2026]<\/span><\/p>\n","protected":false},"featured_media":0,"template":"","meta":{"_monsterinsights_skip_tracking":false,"_monsterinsights_sitenote_active":false,"_monsterinsights_sitenote_note":"","_monsterinsights_sitenote_category":0},"product_brand":[],"product_cat":[12274,15842],"product_tag":[],"class_list":{"0":"post-755478","1":"product","2":"type-product","3":"status-publish","5":"product_cat-cocuk-ve-genclik-kitaplari","6":"product_cat-egitici-kitaplar","7":"pa_cilt-ciltsiz","8":"pa_tur-kitap","9":"pa_yayinevi-epsilon-yayinlari","10":"pa_yazar-susan-striker","12":"first","13":"instock","14":"sale","15":"shipping-taxable","16":"purchasable","17":"product-type-simple"},"_links":{"self":[{"href":"https:\/\/roveyayinevi.com.tr\/index.php\/wp-json\/wp\/v2\/product\/755478","targetHints":{"allow":["GET"]}}],"collection":[{"href":"https:\/\/roveyayinevi.com.tr\/index.php\/wp-json\/wp\/v2\/product"}],"about":[{"href":"https:\/\/roveyayinevi.com.tr\/index.php\/wp-json\/wp\/v2\/types\/product"}],"wp:attachment":[{"href":"https:\/\/roveyayinevi.com.tr\/index.php\/wp-json\/wp\/v2\/media?parent=755478"}],"wp:term":[{"taxonomy":"product_brand","embeddable":true,"href":"https:\/\/roveyayinevi.com.tr\/index.php\/wp-json\/wp\/v2\/product_brand?post=755478"},{"taxonomy":"product_cat","embeddable":true,"href":"https:\/\/roveyayinevi.com.tr\/index.php\/wp-json\/wp\/v2\/product_cat?post=755478"},{"taxonomy":"product_tag","embeddable":true,"href":"https:\/\/roveyayinevi.com.tr\/index.php\/wp-json\/wp\/v2\/product_tag?post=755478"}],"curies":[{"name":"wp","href":"https:\/\/api.w.org\/{rel}","templated":true}]}}