{"id":755477,"date":"2025-08-28T06:40:42","date_gmt":"2025-08-28T03:40:42","guid":{"rendered":"https:\/\/roveyayinevi.com.tr\/index.php\/urun\/satis-labirenti\/"},"modified":"2026-04-16T03:08:45","modified_gmt":"2026-04-16T00:08:45","slug":"satis-labirenti","status":"publish","type":"product","link":"https:\/\/roveyayinevi.com.tr\/index.php\/urun\/satis-labirenti\/","title":{"rendered":"Sat\u0131\u015f Labirenti"},"content":{"rendered":"<p>Sat\u0131\u015f hedeflerinizi ger\u00e7ekle\u015ftirmek i\u00e7in emek yo\u011fun y\u00f6ntemleri se\u00e7tiyseniz sayfa 185&#8217;i &#8220;Yok ben k\u0131sa yollar\u0131 tercih ederim&#8221; diyorsan\u0131z sonu\u00e7lar\u0131na katlanmak kayd\u0131yla sayfa 126&#8217;y\u0131 okuyabilirsiniz. T\u00fcm maceralar\u0131 merak ediyor ve denemek istiyorsan\u0131z kitab\u0131n tamam\u0131n\u0131 okuyarak s\u00fcrecin keyfine varabilirsiniz. Roman kurgusunda maceran\u0131 se\u00e7 t\u00fcr\u00fcnde yaz\u0131lm\u0131\u015f sat\u0131\u015f e\u011fitim kitab\u0131d\u0131r.\u00dcstelik i\u00e7eri\u011finde i\u015f ya\u015fam\u0131na uyarlayabilece\u011finiz onlarca g\u00f6r\u00fc\u015fme, toplant\u0131, plan, durum, olgu ve olay\u0131 bar\u0131nd\u0131ran; kendine \u00f6zg\u00fc uygulamalarla problemleri \u00e7\u00f6z\u00fcmleyip sonuca ula\u015ft\u0131ran \u00f6nerileriyle birlikte&#8230; Kurgu karakter Sat\u0131\u015f M\u00fchendisi \u00d6nder&#8217;in maceralar\u0131 sizi bekliyor&#8230; <\/p>\n","protected":false},"excerpt":{"rendered":"<p>Sat\u0131\u015f hedeflerinizi ger\u00e7ekle\u015ftirmek i\u00e7in emek yo\u011fun y\u00f6ntemleri se\u00e7tiyseniz sayfa 185&#8217;i &#8220;Yok ben k\u0131sa yollar\u0131 tercih ederim&#8221; diyorsan\u0131z sonu\u00e7lar\u0131na katlanmak kayd\u0131yla sayfa 126&#8217;y\u0131 okuyabilirsiniz. T\u00fcm maceralar\u0131 merak<span class=\"excerpt-hellip\"> [\u2026]<\/span><\/p>\n","protected":false},"featured_media":0,"template":"","meta":{"_monsterinsights_skip_tracking":false,"_monsterinsights_sitenote_active":false,"_monsterinsights_sitenote_note":"","_monsterinsights_sitenote_category":0},"product_brand":[],"product_cat":[13043,17492],"product_tag":[],"class_list":{"0":"post-755477","1":"product","2":"type-product","3":"status-publish","5":"product_cat-ekonomi","6":"product_cat-pazarlama-satis-reklam","7":"pa_cilt-ciltsiz","8":"pa_tur-kitap","9":"pa_yayinevi-deka-yayinlari","10":"pa_yazar-ali-kayacan","12":"first","13":"instock","14":"sale","15":"shipping-taxable","16":"purchasable","17":"product-type-simple"},"_links":{"self":[{"href":"https:\/\/roveyayinevi.com.tr\/index.php\/wp-json\/wp\/v2\/product\/755477","targetHints":{"allow":["GET"]}}],"collection":[{"href":"https:\/\/roveyayinevi.com.tr\/index.php\/wp-json\/wp\/v2\/product"}],"about":[{"href":"https:\/\/roveyayinevi.com.tr\/index.php\/wp-json\/wp\/v2\/types\/product"}],"wp:attachment":[{"href":"https:\/\/roveyayinevi.com.tr\/index.php\/wp-json\/wp\/v2\/media?parent=755477"}],"wp:term":[{"taxonomy":"product_brand","embeddable":true,"href":"https:\/\/roveyayinevi.com.tr\/index.php\/wp-json\/wp\/v2\/product_brand?post=755477"},{"taxonomy":"product_cat","embeddable":true,"href":"https:\/\/roveyayinevi.com.tr\/index.php\/wp-json\/wp\/v2\/product_cat?post=755477"},{"taxonomy":"product_tag","embeddable":true,"href":"https:\/\/roveyayinevi.com.tr\/index.php\/wp-json\/wp\/v2\/product_tag?post=755477"}],"curies":[{"name":"wp","href":"https:\/\/api.w.org\/{rel}","templated":true}]}}