{"id":755476,"date":"2025-08-28T06:40:40","date_gmt":"2025-08-28T03:40:40","guid":{"rendered":"https:\/\/roveyayinevi.com.tr\/index.php\/urun\/kimliksiz-duygular\/"},"modified":"2026-03-12T03:17:29","modified_gmt":"2026-03-12T00:17:29","slug":"kimliksiz-duygular","status":"publish","type":"product","link":"https:\/\/roveyayinevi.com.tr\/index.php\/urun\/kimliksiz-duygular\/","title":{"rendered":"Kimliksiz Duygular"},"content":{"rendered":"<p>Kelimelerle dans etmeye olan tutkusu \u00e7ocuk ya\u015flarda ba\u015flad\u0131. \u015eairin hayat yolculu\u011fu o g\u00fcnden bug\u00fcne, kalemin sihirli dokunu\u015flar\u0131yla \u015fekillendi. Bu kitap, \u015fairin i\u00e7inde ye\u015feren ve zamanla b\u00fcy\u00fcyen o \u015fiir a\u015fk\u0131n\u0131n bir \u00fcr\u00fcn\u00fcd\u00fcr Serbest naz\u0131m\u0131n \u00f6zg\u00fcrl\u00fc\u011f\u00fcne s\u0131\u011f\u0131n\u0131p, noktalama i\u015faretlerini arka plana atan \u015fair, duygular\u0131n\u0131 do\u011frudan y\u00fcre\u011finizle bulu\u015fturup, sizi de kelimelerin aras\u0131na gizlenmi\u015f bu ser\u00fcvene ortak olmaya davet ediyor. Bu yolculukta kitaptaki \u015fiirlerde, bazen \u00e7aresizli\u011fi, bazen umutsuzlu\u011fu, bazen de a\u015fk\u0131n en derin izlerini bulacaks\u0131n\u0131z. Her kelimesi y\u00fcrekten \u00e7\u0131kan m\u0131sralardan olu\u015fan bu kitap, sizlerle bulu\u015ftu\u011fu anda tamamlanm\u0131\u015f olacak. <\/p>\n","protected":false},"excerpt":{"rendered":"<p>Kelimelerle dans etmeye olan tutkusu \u00e7ocuk ya\u015flarda ba\u015flad\u0131. \u015eairin hayat yolculu\u011fu o g\u00fcnden bug\u00fcne, kalemin sihirli dokunu\u015flar\u0131yla \u015fekillendi. Bu kitap, \u015fairin i\u00e7inde ye\u015feren ve zamanla b\u00fcy\u00fcyen<span class=\"excerpt-hellip\"> [\u2026]<\/span><\/p>\n","protected":false},"featured_media":0,"template":"","meta":{"_monsterinsights_skip_tracking":false,"_monsterinsights_sitenote_active":false,"_monsterinsights_sitenote_note":"","_monsterinsights_sitenote_category":0},"product_brand":[],"product_cat":[12291,12509],"product_tag":[],"class_list":{"0":"post-755476","1":"product","2":"type-product","3":"status-publish","5":"product_cat-edebiyat","6":"product_cat-siir","7":"pa_cilt-ciltsiz","8":"pa_tur-kitap","9":"pa_yayinevi-kirmizi-cati-yayinlari","10":"pa_yazar-gul-guney","12":"first","13":"instock","14":"sale","15":"shipping-taxable","16":"purchasable","17":"product-type-simple"},"_links":{"self":[{"href":"https:\/\/roveyayinevi.com.tr\/index.php\/wp-json\/wp\/v2\/product\/755476","targetHints":{"allow":["GET"]}}],"collection":[{"href":"https:\/\/roveyayinevi.com.tr\/index.php\/wp-json\/wp\/v2\/product"}],"about":[{"href":"https:\/\/roveyayinevi.com.tr\/index.php\/wp-json\/wp\/v2\/types\/product"}],"wp:attachment":[{"href":"https:\/\/roveyayinevi.com.tr\/index.php\/wp-json\/wp\/v2\/media?parent=755476"}],"wp:term":[{"taxonomy":"product_brand","embeddable":true,"href":"https:\/\/roveyayinevi.com.tr\/index.php\/wp-json\/wp\/v2\/product_brand?post=755476"},{"taxonomy":"product_cat","embeddable":true,"href":"https:\/\/roveyayinevi.com.tr\/index.php\/wp-json\/wp\/v2\/product_cat?post=755476"},{"taxonomy":"product_tag","embeddable":true,"href":"https:\/\/roveyayinevi.com.tr\/index.php\/wp-json\/wp\/v2\/product_tag?post=755476"}],"curies":[{"name":"wp","href":"https:\/\/api.w.org\/{rel}","templated":true}]}}