{"id":755475,"date":"2025-08-28T06:40:38","date_gmt":"2025-08-28T03:40:38","guid":{"rendered":"https:\/\/roveyayinevi.com.tr\/index.php\/urun\/agac-evin-kurallari-mila-ve-sarpin-matematik-oykuleri-8\/"},"modified":"2026-04-16T03:08:45","modified_gmt":"2026-04-16T00:08:45","slug":"agac-evin-kurallari-mila-ve-sarpin-matematik-oykuleri-8","status":"publish","type":"product","link":"https:\/\/roveyayinevi.com.tr\/index.php\/urun\/agac-evin-kurallari-mila-ve-sarpin-matematik-oykuleri-8\/","title":{"rendered":"A\u011fa\u00e7 Evin Kurallar\u0131 &#8211; Mila ve Sarp&#8217;\u0131n Matematik \u00d6yk\u00fcleri &#8211; 8"},"content":{"rendered":"<p>Mila ve Sarp 6 ya\u015f\u0131nda \u00e7ok iyi anla\u015fan iki arkada\u015f. Ayn\u0131 okula gidiyorlar, ayn\u0131 sokakta oturuyorlar ve okul sonras\u0131 zamanlar\u0131n\u0131n \u00e7o\u011funu birlikte ge\u00e7iriyorlar. Serinin bu kitab\u0131nda, Mila ve Sarp\u2019\u0131n araba yolculuklar\u0131 s\u0131ras\u0131ndaki ke\u015fiflerine ortak oluyoruz. Sen trafik levhalar\u0131ndaki geometrik \u015fekilleri hi\u00e7 fark ettin mi? Mila ve Sarp\u2019la birlikte ke\u015ffetmeye ne dersin? Serinin 8. kitab\u0131nda Mila ve Sarp, \u00f6\u011frendikleri geometrik \u015fekilleri peki\u015ftiriyorlar.***Bizler, \u00e7ocuklar\u0131n e\u011flenceli etkinlikler yoluyla d\u00fc\u015f\u00fcnerek ve \u00fcreterek matemati\u011fi \u00f6\u011frenebileceklerine ve \u00f6\u011frendik\u00e7e de seveceklerine inanan matematik e\u011fitimcileriyiz. Bu kitap serisinde, g\u00fcnl\u00fck ya\u015famlar\u0131nda matemati\u011fi kullanan Mila ve Sarp\u2019\u0131n ser\u00fcvenlerine sizleri de d\u00e2hil etmek istedik. Bu \u00f6yk\u00fclerde, \u00e7ocuklar\u0131n ki\u015fisel bak\u0131m, do\u011fay\u0131 koruma, dengeli beslenme gibi temel ya\u015fam becerileri kazan\u0131rken matematikten yararlanmalar\u0131n\u0131 ve matemati\u011fin g\u00fcnl\u00fck hayat\u0131n bir par\u00e7as\u0131 oldu\u011funu fark etmelerini ama\u00e7lad\u0131k. Ayr\u0131ca, \u00e7ocuklar\u0131n \u00f6yk\u00fcleri okurken ve \u00f6yk\u00fclerin sonundaki etkinlikleri yaparken, matematiksel d\u00fc\u015f\u00fcnme ve problem \u00e7\u00f6zme becerilerini de destekleyece\u011fimize inan\u0131yoruz.<\/p>\n","protected":false},"excerpt":{"rendered":"<p>Mila ve Sarp 6 ya\u015f\u0131nda \u00e7ok iyi anla\u015fan iki arkada\u015f. Ayn\u0131 okula gidiyorlar, ayn\u0131 sokakta oturuyorlar ve okul sonras\u0131 zamanlar\u0131n\u0131n \u00e7o\u011funu birlikte ge\u00e7iriyorlar. Serinin bu kitab\u0131nda,<span class=\"excerpt-hellip\"> [\u2026]<\/span><\/p>\n","protected":false},"featured_media":0,"template":"","meta":{"_monsterinsights_skip_tracking":false,"_monsterinsights_sitenote_active":false,"_monsterinsights_sitenote_note":"","_monsterinsights_sitenote_category":0},"product_brand":[],"product_cat":[12274,15842],"product_tag":[],"class_list":{"0":"post-755475","1":"product","2":"type-product","3":"status-publish","5":"product_cat-cocuk-ve-genclik-kitaplari","6":"product_cat-egitici-kitaplar","7":"pa_cilt-ciltsiz","8":"pa_tur-kitap","9":"pa_yayinevi-potikare-yayincilik","10":"pa_yazar-kolektif","12":"first","13":"instock","14":"sale","15":"shipping-taxable","16":"purchasable","17":"product-type-simple"},"_links":{"self":[{"href":"https:\/\/roveyayinevi.com.tr\/index.php\/wp-json\/wp\/v2\/product\/755475","targetHints":{"allow":["GET"]}}],"collection":[{"href":"https:\/\/roveyayinevi.com.tr\/index.php\/wp-json\/wp\/v2\/product"}],"about":[{"href":"https:\/\/roveyayinevi.com.tr\/index.php\/wp-json\/wp\/v2\/types\/product"}],"wp:attachment":[{"href":"https:\/\/roveyayinevi.com.tr\/index.php\/wp-json\/wp\/v2\/media?parent=755475"}],"wp:term":[{"taxonomy":"product_brand","embeddable":true,"href":"https:\/\/roveyayinevi.com.tr\/index.php\/wp-json\/wp\/v2\/product_brand?post=755475"},{"taxonomy":"product_cat","embeddable":true,"href":"https:\/\/roveyayinevi.com.tr\/index.php\/wp-json\/wp\/v2\/product_cat?post=755475"},{"taxonomy":"product_tag","embeddable":true,"href":"https:\/\/roveyayinevi.com.tr\/index.php\/wp-json\/wp\/v2\/product_tag?post=755475"}],"curies":[{"name":"wp","href":"https:\/\/api.w.org\/{rel}","templated":true}]}}