{"id":755474,"date":"2025-08-28T06:40:37","date_gmt":"2025-08-28T03:40:37","guid":{"rendered":"https:\/\/roveyayinevi.com.tr\/index.php\/urun\/ajanda-2024-etimoloji\/"},"modified":"2026-04-16T03:08:45","modified_gmt":"2026-04-16T00:08:45","slug":"ajanda-2024-etimoloji","status":"publish","type":"product","link":"https:\/\/roveyayinevi.com.tr\/index.php\/urun\/ajanda-2024-etimoloji\/","title":{"rendered":"Ajanda 2024 Etimoloji"},"content":{"rendered":"<p>\u0130nsan kelimeden ibarettir. Bu c\u00fcmlenin pe\u015finden giden Opera Kitap 2024 Etimoloji Ajandas\u0131 hayat\u0131, tarihi, toplumu k\u0131sacas\u0131 insana dair her \u015feyi, kelimelerin izini s\u00fcrerek ke\u015ffediyor. Sofraya konan \u00e7orbadan a\u011fdaki bal\u0131\u011fa temmuz s\u0131ca\u011f\u0131ndan karde\u015fli\u011fe uzanan onlarca kelimeyle co\u011frafyalar\u0131 ve dahas\u0131 t\u00fcm kadim k\u00fclt\u00fcrlerin kap\u0131s\u0131n\u0131 aral\u0131yor. Bizi bir yapan kelimelerin tarihine ve insan\u0131n \u00f6z\u00fcndeki s\u0131rra duyulan sayg\u0131yla haz\u0131rlanan Etimoloji Ajandas\u0131, anlam havuzumuza yeni de\u011ferler kazand\u0131rmay\u0131 ve yeni y\u0131lda k\u00f6t\u00fcl\u00fc\u011f\u00fc ortadan kald\u0131raca\u011f\u0131m\u0131z g\u00fczel s\u00f6zc\u00fcklerle kar\u015f\u0131la\u015fman\u0131z\u0131n \u00fcmidini ta\u015f\u0131yor. Kelimeler bizi e\u015fitler. Zaman\u0131n ak\u0131\u015f\u0131n\u0131 durdurmak m\u00fcmk\u00fcn de\u011fil. Peki ya zamana not d\u00fc\u015fmek gelir mi insan\u0131n elinden? Opera Kitap zamana not d\u00fc\u015fece\u011finiz, g\u00fczelliklerin tohumlar\u0131n\u0131 ekebilece\u011finiz yeni bir y\u0131l diler.<\/p>\n","protected":false},"excerpt":{"rendered":"<p>\u0130nsan kelimeden ibarettir. Bu c\u00fcmlenin pe\u015finden giden Opera Kitap 2024 Etimoloji Ajandas\u0131 hayat\u0131, tarihi, toplumu k\u0131sacas\u0131 insana dair her \u015feyi, kelimelerin izini s\u00fcrerek ke\u015ffediyor. Sofraya konan<span class=\"excerpt-hellip\"> [\u2026]<\/span><\/p>\n","protected":false},"featured_media":0,"template":"","meta":{"_monsterinsights_skip_tracking":false,"_monsterinsights_sitenote_active":false,"_monsterinsights_sitenote_note":"","_monsterinsights_sitenote_category":0},"product_brand":[],"product_cat":[28265,15563],"product_tag":[],"class_list":{"0":"post-755474","1":"product","2":"type-product","3":"status-publish","5":"product_cat-diger-hobi","6":"product_cat-hobi","7":"pa_cilt-ciltsiz","8":"pa_tur-kitap","9":"pa_yayinevi-opera-kitap","10":"pa_yazar-recep-kayali","12":"first","13":"instock","14":"sale","15":"shipping-taxable","16":"purchasable","17":"product-type-simple"},"_links":{"self":[{"href":"https:\/\/roveyayinevi.com.tr\/index.php\/wp-json\/wp\/v2\/product\/755474","targetHints":{"allow":["GET"]}}],"collection":[{"href":"https:\/\/roveyayinevi.com.tr\/index.php\/wp-json\/wp\/v2\/product"}],"about":[{"href":"https:\/\/roveyayinevi.com.tr\/index.php\/wp-json\/wp\/v2\/types\/product"}],"wp:attachment":[{"href":"https:\/\/roveyayinevi.com.tr\/index.php\/wp-json\/wp\/v2\/media?parent=755474"}],"wp:term":[{"taxonomy":"product_brand","embeddable":true,"href":"https:\/\/roveyayinevi.com.tr\/index.php\/wp-json\/wp\/v2\/product_brand?post=755474"},{"taxonomy":"product_cat","embeddable":true,"href":"https:\/\/roveyayinevi.com.tr\/index.php\/wp-json\/wp\/v2\/product_cat?post=755474"},{"taxonomy":"product_tag","embeddable":true,"href":"https:\/\/roveyayinevi.com.tr\/index.php\/wp-json\/wp\/v2\/product_tag?post=755474"}],"curies":[{"name":"wp","href":"https:\/\/api.w.org\/{rel}","templated":true}]}}