{"id":755472,"date":"2025-08-28T06:40:34","date_gmt":"2025-08-28T03:40:34","guid":{"rendered":"https:\/\/roveyayinevi.com.tr\/index.php\/urun\/milli-mecmua-dergisi-sayi-34-eylul-ekim-2023\/"},"modified":"2026-04-16T03:08:45","modified_gmt":"2026-04-16T00:08:45","slug":"milli-mecmua-dergisi-sayi-34-eylul-ekim-2023","status":"publish","type":"product","link":"https:\/\/roveyayinevi.com.tr\/index.php\/urun\/milli-mecmua-dergisi-sayi-34-eylul-ekim-2023\/","title":{"rendered":"Milli Mecmua Dergisi Say\u0131 34 \/ Eyl\u00fcl &#8211; Ekim 2023"},"content":{"rendered":"<p>\u0130\u00c7\u0130NDEK\u0130LER:M\u0130LL\u00ce M\u00dcCADELE YILLARINDA M\u0130LLET \u0130N\u015eA S\u00dcREC\u0130NE DA\u0130R B\u0130R DE\u011eERLEND\u0130RME \/ \u0130SMET T\u00dcRKMENT\u00dcRK\u00c7\u00dcL\u00dcK&#8217;TEN T\u00dcRK M\u0130LL\u0130YET\u00c7\u0130L\u0130\u011e\u0130&#8217;NE -T\u00dcRK M\u0130LL\u0130YET\u00c7\u0130L\u0130\u011e\u0130N\u0130N FARKLI HALLER\u0130 \/ MEHMET KARAKA\u015eAHMET ARVAS\u0130&#8217;N\u0130N M\u0130LL\u0130YET\u00c7\u0130L\u0130K ANLAYI\u015eI VE NEOPERENN\u0130AL\u0130ZM \/ MUSTAFA \u015eAH\u0130NT\u00dcRK M\u0130LL\u0130YET\u00c7\u0130LER\u0130N\u0130N EKONOM\u0130 POL\u0130T\u0130K B\u0130R D\u00dcNYA TASAVVURU VAR MI? \/ MEHMET AKINCIT\u00dcRK M\u0130LL\u0130YET\u00c7\u0130L\u0130\u011e\u0130NE SOLDAN B\u0130R BAKI\u015e: GAL\u0130YEV\u0130ZM \/ BARI\u015e KIZILYART\u00dcRK M\u0130LL\u0130YET\u00c7\u0130L\u0130\u011e\u0130 VE HUKUK V\u0130ZYONU \/ VASIF \u0130NAN\u00c7 DUYGULUZ\u0130YA G\u00d6KALP VE S\u00c2TI BEY MUKAYESES\u0130 \/ ABDESSAMED TAIBISALDIRGAN K\u00dcRESELLE\u015eME \u00c7A\u011eI VE \u2018\u2018YEN\u0130 M\u0130LL\u0130YET\u00c7\u0130L\u0130K&#8221; \/ DURMU\u015e HOCAO\u011eLU<\/p>\n","protected":false},"excerpt":{"rendered":"<p>\u0130\u00c7\u0130NDEK\u0130LER:M\u0130LL\u00ce M\u00dcCADELE YILLARINDA M\u0130LLET \u0130N\u015eA S\u00dcREC\u0130NE DA\u0130R B\u0130R DE\u011eERLEND\u0130RME \/ \u0130SMET T\u00dcRKMENT\u00dcRK\u00c7\u00dcL\u00dcK&#8217;TEN T\u00dcRK M\u0130LL\u0130YET\u00c7\u0130L\u0130\u011e\u0130&#8217;NE -T\u00dcRK M\u0130LL\u0130YET\u00c7\u0130L\u0130\u011e\u0130N\u0130N FARKLI HALLER\u0130 \/ MEHMET KARAKA\u015eAHMET ARVAS\u0130&#8217;N\u0130N M\u0130LL\u0130YET\u00c7\u0130L\u0130K ANLAYI\u015eI VE NEOPERENN\u0130AL\u0130ZM<span class=\"excerpt-hellip\"> [\u2026]<\/span><\/p>\n","protected":false},"featured_media":0,"template":"","meta":{"_monsterinsights_skip_tracking":false,"_monsterinsights_sitenote_active":false,"_monsterinsights_sitenote_note":"","_monsterinsights_sitenote_category":0},"product_brand":[],"product_cat":[13527],"product_tag":[],"class_list":{"0":"post-755472","1":"product","2":"type-product","3":"status-publish","5":"product_cat-sureli-yayinlar","6":"pa_cilt-ciltsiz","7":"pa_tur-dergi","8":"pa_yayinevi-otuken-nesriyat","9":"pa_yazar-kolektif","11":"first","12":"instock","13":"sale","14":"shipping-taxable","15":"purchasable","16":"product-type-simple"},"_links":{"self":[{"href":"https:\/\/roveyayinevi.com.tr\/index.php\/wp-json\/wp\/v2\/product\/755472","targetHints":{"allow":["GET"]}}],"collection":[{"href":"https:\/\/roveyayinevi.com.tr\/index.php\/wp-json\/wp\/v2\/product"}],"about":[{"href":"https:\/\/roveyayinevi.com.tr\/index.php\/wp-json\/wp\/v2\/types\/product"}],"wp:attachment":[{"href":"https:\/\/roveyayinevi.com.tr\/index.php\/wp-json\/wp\/v2\/media?parent=755472"}],"wp:term":[{"taxonomy":"product_brand","embeddable":true,"href":"https:\/\/roveyayinevi.com.tr\/index.php\/wp-json\/wp\/v2\/product_brand?post=755472"},{"taxonomy":"product_cat","embeddable":true,"href":"https:\/\/roveyayinevi.com.tr\/index.php\/wp-json\/wp\/v2\/product_cat?post=755472"},{"taxonomy":"product_tag","embeddable":true,"href":"https:\/\/roveyayinevi.com.tr\/index.php\/wp-json\/wp\/v2\/product_tag?post=755472"}],"curies":[{"name":"wp","href":"https:\/\/api.w.org\/{rel}","templated":true}]}}