{"id":755471,"date":"2025-08-28T06:40:32","date_gmt":"2025-08-28T03:40:32","guid":{"rendered":"https:\/\/roveyayinevi.com.tr\/index.php\/urun\/denizlerin-can-dostu\/"},"modified":"2026-04-16T03:08:45","modified_gmt":"2026-04-16T00:08:45","slug":"denizlerin-can-dostu","status":"publish","type":"product","link":"https:\/\/roveyayinevi.com.tr\/index.php\/urun\/denizlerin-can-dostu\/","title":{"rendered":"Denizlerin Can Dostu"},"content":{"rendered":"<p>Yaz tatilinde Osman ve ablas\u0131 G\u00f6cek\u2019teki day\u0131lar\u0131n\u0131n evinde kalacaklar. Planlar yap\u0131lm\u0131\u015f, heyecan dorukta. Belki de dalg\u0131\u00e7 day\u0131lar\u0131 onlar\u0131 sualt\u0131 d\u00fcnyas\u0131yla tan\u0131\u015ft\u0131r\u0131r. Ke\u015fke denizlerle ilgili her \u015fey harika olsa&#8230; Osman do\u011faya verilen zarar\u0131n fark\u0131na var\u0131yor, \u00fcstelik yaral\u0131 bir denizkaplumba\u011fas\u0131yla kar\u015f\u0131la\u015f\u0131yor. Bundan b\u00f6yle denizlerin can dostu olmaya s\u00f6z veriyor!   T\u0131rt\u0131l Osman\u2019\u0131n Bir G\u00fcn\u00fc kitab\u0131yla tan\u0131y\u0131p sevdi\u011fimiz Osman\u2019\u0131n bu yeni maceras\u0131, deniz kirlili\u011fi, canl\u0131lar\u0131n ya\u015fam hakk\u0131na sayg\u0131 gibi konular bar\u0131nd\u0131r\u0131yor. \u00c7ocuk edebiyat\u0131 \u00fczerine uzmanla\u015fm\u0131\u015f olan akademisyen yazar Ayfer G\u00fcrdal \u00dcnal, e\u011flenceli bir macera e\u015fli\u011finde, do\u011fal ya\u015fam\u0131n nas\u0131l zarar g\u00f6rd\u00fc\u011f\u00fcne dikkat \u00e7ekiyor. <\/p>\n","protected":false},"excerpt":{"rendered":"<p>Yaz tatilinde Osman ve ablas\u0131 G\u00f6cek\u2019teki day\u0131lar\u0131n\u0131n evinde kalacaklar. Planlar yap\u0131lm\u0131\u015f, heyecan dorukta. Belki de dalg\u0131\u00e7 day\u0131lar\u0131 onlar\u0131 sualt\u0131 d\u00fcnyas\u0131yla tan\u0131\u015ft\u0131r\u0131r. Ke\u015fke denizlerle ilgili her \u015fey<span class=\"excerpt-hellip\"> [\u2026]<\/span><\/p>\n","protected":false},"featured_media":0,"template":"","meta":{"_monsterinsights_skip_tracking":false,"_monsterinsights_sitenote_active":false,"_monsterinsights_sitenote_note":"","_monsterinsights_sitenote_category":0},"product_brand":[],"product_cat":[12274,12284],"product_tag":[],"class_list":{"0":"post-755471","1":"product","2":"type-product","3":"status-publish","5":"product_cat-cocuk-ve-genclik-kitaplari","6":"product_cat-hikayeler","7":"pa_cilt-ciltsiz","8":"pa_tur-kitap","9":"pa_yayinevi-redhouse-kidz-yayinlari","10":"pa_yazar-ayfer-gurdal-unal","12":"first","13":"instock","14":"sale","15":"shipping-taxable","16":"purchasable","17":"product-type-simple"},"_links":{"self":[{"href":"https:\/\/roveyayinevi.com.tr\/index.php\/wp-json\/wp\/v2\/product\/755471","targetHints":{"allow":["GET"]}}],"collection":[{"href":"https:\/\/roveyayinevi.com.tr\/index.php\/wp-json\/wp\/v2\/product"}],"about":[{"href":"https:\/\/roveyayinevi.com.tr\/index.php\/wp-json\/wp\/v2\/types\/product"}],"wp:attachment":[{"href":"https:\/\/roveyayinevi.com.tr\/index.php\/wp-json\/wp\/v2\/media?parent=755471"}],"wp:term":[{"taxonomy":"product_brand","embeddable":true,"href":"https:\/\/roveyayinevi.com.tr\/index.php\/wp-json\/wp\/v2\/product_brand?post=755471"},{"taxonomy":"product_cat","embeddable":true,"href":"https:\/\/roveyayinevi.com.tr\/index.php\/wp-json\/wp\/v2\/product_cat?post=755471"},{"taxonomy":"product_tag","embeddable":true,"href":"https:\/\/roveyayinevi.com.tr\/index.php\/wp-json\/wp\/v2\/product_tag?post=755471"}],"curies":[{"name":"wp","href":"https:\/\/api.w.org\/{rel}","templated":true}]}}