{"id":755470,"date":"2025-08-28T06:40:31","date_gmt":"2025-08-28T03:40:31","guid":{"rendered":"https:\/\/roveyayinevi.com.tr\/index.php\/urun\/makamsal-cocuk-sarkilari\/"},"modified":"2026-04-16T03:08:45","modified_gmt":"2026-04-16T00:08:45","slug":"makamsal-cocuk-sarkilari","status":"publish","type":"product","link":"https:\/\/roveyayinevi.com.tr\/index.php\/urun\/makamsal-cocuk-sarkilari\/","title":{"rendered":"Makamsal \u00c7ocuk \u015eark\u0131lar\u0131"},"content":{"rendered":"<p>T\u00fcrk m\u00fczi\u011fi, d\u00fcnyadaki di\u011fer m\u00fczik t\u00fcrleri ile etkile\u015fen, g\u00fc\u00e7l\u00fc ve k\u00f6kl\u00fc bir kavramd\u0131r. Genel k\u00fclt\u00fcr\u00fc \u015fekillendiren ve y\u00f6nlendiren bir olgu olarak m\u00fczik, nesiller aras\u0131 aktar\u0131m bak\u0131m\u0131ndan \u00f6nemli g\u00f6r\u00fclmektedir. T\u00fcrk k\u00fclt\u00fcr ve m\u00fczi\u011finin de\u011ferlerimize ba\u011fl\u0131 kalarak gelece\u011fe aktar\u0131lmas\u0131 amac\u0131yla gelecek neslin temeli olarak bug\u00fcn\u00fc ya\u015famakta olanlar\u0131n; pedagojik uygunlukla kendilerine sunulan, da\u011fara yeni ezgiler ekleyen bu t\u00fcr \u00e7al\u0131\u015fmalar\u0131 edinmesi beklenmektedir. Zira \u201cS\u00f6z u\u00e7ar yaz\u0131 kal\u0131r\u201d ve k\u00fclt\u00fcr unsurlar\u0131, yaz\u0131l\u0131 kaynaklarla ger\u00e7ekli\u011fini koruyarak aktar\u0131m sa\u011flar. Bu kitapla; yaz\u0131ya ge\u00e7me f\u0131rsat\u0131 bulan, i\u00e7eri\u011finde on adet makamsal \u00e7ocuk \u015fark\u0131s\u0131 ve \u015fark\u0131lar\u0131n makamlar\u0131n\u0131 tan\u0131tma amac\u0131yla bestelenmi\u015f \u00f6zg\u00fcn be\u015f adet saz eseri bulunmaktad\u0131r. \u015eark\u0131lar\u0131n s\u00f6zleri, gelecek nesillere aktar\u0131m\u0131n\u0131 \u00f6nemsedi\u011fimiz de\u011ferlerimiz olan anne sevgisi, baba sevgisi, vatan sevgisi, Atat\u00fcrk sevgisi, \u00f6\u011fretmen sevgisi gibi ba\u011flamlar ta\u015f\u0131maktad\u0131r. Burada, \u00e7ocuklar\u0131n ses aral\u0131\u011f\u0131 dikkate al\u0131narak basit ve birle\u015fik makamlardan (Hicaz, Rast, Acem\u00e2\u015f\u00eeran, Nihavend, Seg\u00e2h) olu\u015fan iki\u015fer adet eser bulunmaktad\u0131r. Yazarlar olarak okuyucuya; eser \u00f6ncesinde kavramsal olarak destekleyici olacak makam bilgilerini \u00f6nermekteyiz. Basit bir dille yazmaya \u00e7al\u0131\u015ft\u0131\u011f\u0131m\u0131z bu bilgiler ile, ilgili makama y\u00f6nelik bilgileri hat\u0131rlayarak ilerleyeceksiniz. Ard\u0131ndan gelen \u00f6rnek eserler de kolayl\u0131kla icra edebilecek ba\u015flang\u0131\u00e7 d\u00fczeyinde tan\u0131t\u0131c\u0131 saz eserleridir. Kitaba \u201ctakdim\u201d yaz\u0131s\u0131yla katk\u0131da bulunan say\u0131n Prof. Dr. G\u00fcl\u00e7in Yahya Ka\u00e7ar\u2019a, i\u015fitsel kayna\u011f\u0131 olu\u015fturmak \u00fczere kay\u0131tlar\u0131 ger\u00e7ekle\u015ftiren say\u0131n Murat Kadako\u011flu\u2019na ve \u015fark\u0131lar\u0131 g\u00fczel sesiyle seslendiren sevgili Ada Kadako\u011flu\u2019na, saz eserlerini seslendiren ve kay\u0131tlar\u0131n\u0131 ger\u00e7ekle\u015ftiren say\u0131n Emre P\u0131narba\u015f\u0131\u2019na, g\u00f6rsel i\u00e7erikler i\u00e7in say\u0131n Bahad\u0131r Ko\u00e7\u2019a, ayr\u0131ca eserlerin seslendirilmesinde emek veren K\u00fclt\u00fcr Bakanl\u0131\u011f\u0131 saz sanat\u00e7\u0131lar\u0131, say\u0131n Kamuran Umuzda\u015f, say\u0131n Fatih Alaskan, say\u0131n Mert Yavuz ve say\u0131n Metin Aksu\u2019ya te\u015fekk\u00fcr\u00fc bir bor\u00e7 biliriz. Yararl\u0131 olmas\u0131 dile\u011fiyle <\/p>\n","protected":false},"excerpt":{"rendered":"<p>T\u00fcrk m\u00fczi\u011fi, d\u00fcnyadaki di\u011fer m\u00fczik t\u00fcrleri ile etkile\u015fen, g\u00fc\u00e7l\u00fc ve k\u00f6kl\u00fc bir kavramd\u0131r. Genel k\u00fclt\u00fcr\u00fc \u015fekillendiren ve y\u00f6nlendiren bir olgu olarak m\u00fczik, nesiller aras\u0131 aktar\u0131m bak\u0131m\u0131ndan<span class=\"excerpt-hellip\"> [\u2026]<\/span><\/p>\n","protected":false},"featured_media":0,"template":"","meta":{"_monsterinsights_skip_tracking":false,"_monsterinsights_sitenote_active":false,"_monsterinsights_sitenote_note":"","_monsterinsights_sitenote_category":0},"product_brand":[],"product_cat":[14556,20810],"product_tag":[],"class_list":{"0":"post-755470","1":"product","2":"type-product","3":"status-publish","5":"product_cat-muzik","6":"product_cat-ogrenim-kitaplari","7":"pa_cilt-ciltsiz","8":"pa_tur-kitap","9":"pa_yayinevi-soncag-akademik-kitaplar","10":"pa_yazar-ahmet-hakan-bas-mehmet-serkan-umuzdas","12":"first","13":"instock","14":"sale","15":"shipping-taxable","16":"purchasable","17":"product-type-simple"},"_links":{"self":[{"href":"https:\/\/roveyayinevi.com.tr\/index.php\/wp-json\/wp\/v2\/product\/755470","targetHints":{"allow":["GET"]}}],"collection":[{"href":"https:\/\/roveyayinevi.com.tr\/index.php\/wp-json\/wp\/v2\/product"}],"about":[{"href":"https:\/\/roveyayinevi.com.tr\/index.php\/wp-json\/wp\/v2\/types\/product"}],"wp:attachment":[{"href":"https:\/\/roveyayinevi.com.tr\/index.php\/wp-json\/wp\/v2\/media?parent=755470"}],"wp:term":[{"taxonomy":"product_brand","embeddable":true,"href":"https:\/\/roveyayinevi.com.tr\/index.php\/wp-json\/wp\/v2\/product_brand?post=755470"},{"taxonomy":"product_cat","embeddable":true,"href":"https:\/\/roveyayinevi.com.tr\/index.php\/wp-json\/wp\/v2\/product_cat?post=755470"},{"taxonomy":"product_tag","embeddable":true,"href":"https:\/\/roveyayinevi.com.tr\/index.php\/wp-json\/wp\/v2\/product_tag?post=755470"}],"curies":[{"name":"wp","href":"https:\/\/api.w.org\/{rel}","templated":true}]}}