{"id":755469,"date":"2025-08-28T06:40:29","date_gmt":"2025-08-28T03:40:29","guid":{"rendered":"https:\/\/roveyayinevi.com.tr\/index.php\/urun\/bir-bakis-icin\/"},"modified":"2026-03-12T03:17:29","modified_gmt":"2026-03-12T00:17:29","slug":"bir-bakis-icin","status":"publish","type":"product","link":"https:\/\/roveyayinevi.com.tr\/index.php\/urun\/bir-bakis-icin\/","title":{"rendered":"Bir Bak\u0131\u015f \u0130\u00e7in"},"content":{"rendered":"<p>Kendisi bir tabip olmas\u0131 yan\u0131nda k\u00fclt\u00fcr ve sanat alan\u0131na da big\u00e2ne kalmayan Faz\u0131l \u00d6zden, \u00f6zel-likle \u015fiir t\u00fcr\u00fcn\u00fc kendisine asli kulvar olarak belirlemi\u015f g\u00f6r\u00fcn\u00fcyor. Okudu\u011fumuz \u015fiirlerinden hare-ketle \u015funu diyebiliriz ki \u00d6zden, hayat\u0131n\u0131n her an\u0131n\u0131 \u015fiirle doldurmu\u015f \u00e2deta. Bazen bir filozof edas\u0131y-la zamandan, tefekk\u00fcrden, d\u00fcnyan\u0131n dengesinden, modern putlardan, ihtiyarl\u0131ktan ve hakikatin anahtar\u0131 olan \u201ck\u00fcn\u201d emrinden dem vuruyor; bazen mill\u00ee bir kimlik \u015fuuruyla Yunus\u2019tan, memleketin k\u00f6m\u00fcr\u00fcnden, miras\u0131ndan, illerinden, g\u00fcllerinden \u00f6z\u00fcm\u00fcze dair \u00e7e\u015fitlemeler yap\u0131yor; bazen mecnunane duygularla bir bak\u0131\u015f i\u00e7in ilan\u0131a\u015fk ederken bazense bir heccav kisvesine b\u00fcr\u00fcn\u00fcp keskin dizelerle adalet \u00e7\u0131plak diyerek sorduk\u00e7a soruyor\u2026 \u015eair \u00d6zden, g\u00fcn\u00fcm\u00fcz\u00fcn sadece \u015fiir heveslisi isimlerinden biri de\u011fil son tahlilde. \u00c7\u00fcnk\u00fc onun g\u00fcn\u00fcn\u00fc ve gecesini \u015fiirle doldurabilmi\u015f talihli ki\u015filerden oldu\u011fu rahatl\u0131kla anla\u015f\u0131l\u0131yor dizelerinin serg\u00fcze\u015ftinden ve konular\u0131n\u0131n \u00e7e\u015fitlili\u011finden. Bu manada hayat\u0131n\u0131n bir\u00e7ok safahat\u0131nda \u015fiir soluklay\u0131p duygular\u0131n\u0131 kalemle kelama d\u00f6kebilmesi, bir avantaj hem kendisi hem de okurlar\u0131 i\u00e7in. Mesle\u011finin \u00fcst\u00fcne bir de edebiyat tahsil edip sanat alt yap\u0131s\u0131n\u0131 sa\u011flamla\u015ft\u0131rmaya \u00e7al\u0131\u015fmas\u0131, onun bu azminin yeg\u00e2ne g\u00f6stergesi say\u0131labilir. \u0130\u00e7inde ezelden beri bir \u015fair ruhu ta\u015f\u0131d\u0131\u011f\u0131 besbelli. \u00d6zden\u2019in \u015fiirlerinde \u015fekil ve ahenk \u00f6zellikleri bak\u0131m\u0131ndan d\u00f6rtl\u00fck, hece ve kafiye hususiyetlerine ba\u011fl\u0131 kalmas\u0131, onun halk \u015fiiri gelene\u011fini \u00f6nemsedi\u011finin a\u00e7\u0131k bir i\u015fareti. Bunun yan\u0131nda fikir, duygu ve ilhamla y\u00fckl\u00fc serbest \u015fiirlerinin de bulunmas\u0131, modern \u015fiire y\u00f6nelik meylini de a\u015fik\u00e2r ediyor. \u0130ster heceli isterse serbest k\u0131yafetli olsun, kalbindeki safiyeti ve samimiyeti dolay\u0131s\u0131yla \u015fiirleri okuyanlar\u0131 sar\u0131p sarmalayacak gibi duruyor her zaman. Umar\u0131z ki bu kavi y\u00fcrek ve yivli kalem, \u00e7a\u011f\u0131l \u00e7a\u011f\u0131l \u00e7a\u011flar ve nice eserler b\u0131rak\u0131r zaman\u0131n gerisine. <\/p>\n","protected":false},"excerpt":{"rendered":"<p>Kendisi bir tabip olmas\u0131 yan\u0131nda k\u00fclt\u00fcr ve sanat alan\u0131na da big\u00e2ne kalmayan Faz\u0131l \u00d6zden, \u00f6zel-likle \u015fiir t\u00fcr\u00fcn\u00fc kendisine asli kulvar olarak belirlemi\u015f g\u00f6r\u00fcn\u00fcyor. Okudu\u011fumuz \u015fiirlerinden hare-ketle<span class=\"excerpt-hellip\"> [\u2026]<\/span><\/p>\n","protected":false},"featured_media":0,"template":"","meta":{"_monsterinsights_skip_tracking":false,"_monsterinsights_sitenote_active":false,"_monsterinsights_sitenote_note":"","_monsterinsights_sitenote_category":0},"product_brand":[],"product_cat":[12291,12509],"product_tag":[],"class_list":{"0":"post-755469","1":"product","2":"type-product","3":"status-publish","5":"product_cat-edebiyat","6":"product_cat-siir","7":"pa_cilt-ciltsiz","8":"pa_tur-kitap","9":"pa_yayinevi-kirmizi-cati-yayinlari","10":"pa_yazar-fazil-ozden","12":"first","13":"instock","14":"sale","15":"shipping-taxable","16":"purchasable","17":"product-type-simple"},"_links":{"self":[{"href":"https:\/\/roveyayinevi.com.tr\/index.php\/wp-json\/wp\/v2\/product\/755469","targetHints":{"allow":["GET"]}}],"collection":[{"href":"https:\/\/roveyayinevi.com.tr\/index.php\/wp-json\/wp\/v2\/product"}],"about":[{"href":"https:\/\/roveyayinevi.com.tr\/index.php\/wp-json\/wp\/v2\/types\/product"}],"wp:attachment":[{"href":"https:\/\/roveyayinevi.com.tr\/index.php\/wp-json\/wp\/v2\/media?parent=755469"}],"wp:term":[{"taxonomy":"product_brand","embeddable":true,"href":"https:\/\/roveyayinevi.com.tr\/index.php\/wp-json\/wp\/v2\/product_brand?post=755469"},{"taxonomy":"product_cat","embeddable":true,"href":"https:\/\/roveyayinevi.com.tr\/index.php\/wp-json\/wp\/v2\/product_cat?post=755469"},{"taxonomy":"product_tag","embeddable":true,"href":"https:\/\/roveyayinevi.com.tr\/index.php\/wp-json\/wp\/v2\/product_tag?post=755469"}],"curies":[{"name":"wp","href":"https:\/\/api.w.org\/{rel}","templated":true}]}}