{"id":755467,"date":"2025-08-28T06:40:27","date_gmt":"2025-08-28T03:40:27","guid":{"rendered":"https:\/\/roveyayinevi.com.tr\/index.php\/urun\/bedir-savasi\/"},"modified":"2026-04-16T03:08:45","modified_gmt":"2026-04-16T00:08:45","slug":"bedir-savasi","status":"publish","type":"product","link":"https:\/\/roveyayinevi.com.tr\/index.php\/urun\/bedir-savasi\/","title":{"rendered":"Bedir Sava\u015f\u0131"},"content":{"rendered":"<p>Mekke M\u00fc\u015friklerinin evlerine ate\u015f d\u00fc\u015fm\u00fc\u015ft\u00fc ama Ebu S\u00fcfyan b. Harb\u2019in evine d\u00fc\u015fen \u00e7ok daha b\u00fcy\u00fck, \u00e7ok daha harl\u0131yd\u0131. Ebu S\u00fcfyan\u2019\u0131n han\u0131m\u0131 Hind Bint-i Utbe\u2019nin Bedir\u2019de babas\u0131, amcas\u0131, karde\u015fi ve o\u011flu \u00f6ld\u00fcr\u00fclm\u00fc\u015ft\u00fc ama o a\u011flam\u0131yor, a\u011f\u0131t yakm\u0131yor, yaka ba\u011f\u0131r a\u00e7m\u0131yor, \u00fcst ba\u015f y\u0131rtm\u0131yor, g\u00f6zlerinde bir k\u0131l\u0131\u00e7 p\u0131r\u0131lt\u0131s\u0131 oldu\u011fu halde \u00f6ylece duruyordu. Neden b\u00f6yle yapt\u0131\u011f\u0131n\u0131 soranlara: -Sizin evlerinize bir ate\u015f d\u00fc\u015ft\u00fc ise benim evime d\u00f6rt ate\u015f birden d\u00fc\u015ft\u00fc. Siz bir kere yanrken ben d\u00f6rt kere yan\u0131yorum. A\u011flayarak h\u00fczn\u00fcm\u00fcn kalbimden gidece\u011fini bilsem a\u011flard\u0131m. Fakat o h\u00fczn\u00fc hi\u00e7 bir a\u011flay\u0131\u015f, a\u011f\u0131t yak\u0131\u015f, \u00fcst ba\u015f y\u0131rt\u0131\u015f gideremez. Yang\u0131n\u0131m\u0131 gizli tutuyorum ki s\u00f6nd\u00fcr\u00fcl\u00fcp giderilemeyen h\u00fczn\u00fc kinimi besleyip b\u00fcy\u00fcts\u00fcn, intikam at\u0131n\u0131 k\u0131rba\u00e7las\u0131n. Vallahi a\u011flarsak a\u011flay\u0131\u015flar\u0131m\u0131za sevinenlerden intikam al\u0131ncaya kadar\u2026 Vallahi Muhammed ve ashab\u0131 ile \u00e7arp\u0131\u015farak; en sevdiklerimizin ba\u015flar\u0131n\u0131n d\u00fc\u015f\u00fcr\u00fcld\u00fc\u011f\u00fc gibi ba\u015flar\u0131n\u0131 d\u00fc\u015f\u00fcr\u00fcl\u00fcp \u00f6c\u00fcm\u00fcz\u00fc al\u0131ncaya kadar koku s\u00fcr\u00fcnmek bana haramd\u0131r. H\u00fczn\u00fcm benimkiler gibi onlar\u0131n en sevgililerinin \u00f6ld\u00fcr\u00fcld\u00fc\u011f\u00fcn\u00fc, \u00f6c\u00fcm\u00fcz\u00fcn al\u0131nd\u0131\u011f\u0131n\u0131 g\u00f6zlerimle g\u00f6rmedik\u00e7e bitmez dedi. Hid Bint-i Utbe dedi\u011fini yapt\u0131. Uhud harbine kadar koku s\u00fcr\u00fcnmedi\u011fi gibi kocas\u0131n\u0131n yan\u0131na yakla\u015fmad\u0131. M\u00fc\u015frikler m\u00fccahitlerin elinde bulunan esirleri kurtarmak i\u00e7in acele etmediler, de\u011fersizlermi\u015f gibi g\u00f6stermeye \u00e7al\u0131\u015ft\u0131lar. Bu ara intikam almak i\u00e7in gizli gizli haz\u0131rl\u0131klar da yap\u0131yorlard\u0131. Uzun denebilecek bir s\u00fcre sonunda bir heyet g\u00f6nderip efendimizle kurtulmal\u0131k ak\u00e7elerini konu\u015ftular. Esirlerin maddi durumlar\u0131na g\u00f6re bin dirhemle d\u00f6rt bin dirhem aras\u0131nda kurtulmal\u0131k ak\u00e7esi vermeleri, veremeyenlerden okuma yazma bilenlerinin ensar \u00e7ocuklar\u0131ndan onuna okuma yazma \u00f6\u011fretmeleri kar\u015fl\u0131l\u0131\u011f\u0131 serbest b\u0131rak\u0131lmalar\u0131n\u0131 \u00f6ng\u00f6ren bir anla\u015fma yap\u0131ld\u0131. Bu \u00e7ocukklar\u0131n i\u00e7inde Zeydb. Sabit de vard\u0131.<\/p>\n","protected":false},"excerpt":{"rendered":"<p>Mekke M\u00fc\u015friklerinin evlerine ate\u015f d\u00fc\u015fm\u00fc\u015ft\u00fc ama Ebu S\u00fcfyan b. Harb\u2019in evine d\u00fc\u015fen \u00e7ok daha b\u00fcy\u00fck, \u00e7ok daha harl\u0131yd\u0131. Ebu S\u00fcfyan\u2019\u0131n han\u0131m\u0131 Hind Bint-i Utbe\u2019nin Bedir\u2019de babas\u0131,<span class=\"excerpt-hellip\"> [\u2026]<\/span><\/p>\n","protected":false},"featured_media":0,"template":"","meta":{"_monsterinsights_skip_tracking":false,"_monsterinsights_sitenote_active":false,"_monsterinsights_sitenote_note":"","_monsterinsights_sitenote_category":0},"product_brand":[],"product_cat":[12304],"product_tag":[],"class_list":{"0":"post-755467","1":"product","2":"type-product","3":"status-publish","5":"product_cat-tarih","6":"pa_cilt-ciltsiz","7":"pa_tur-kitap","8":"pa_yayinevi-platanus-publishing","9":"pa_yazar-hudai-cakmak","11":"first","12":"instock","13":"sale","14":"shipping-taxable","15":"purchasable","16":"product-type-simple"},"_links":{"self":[{"href":"https:\/\/roveyayinevi.com.tr\/index.php\/wp-json\/wp\/v2\/product\/755467","targetHints":{"allow":["GET"]}}],"collection":[{"href":"https:\/\/roveyayinevi.com.tr\/index.php\/wp-json\/wp\/v2\/product"}],"about":[{"href":"https:\/\/roveyayinevi.com.tr\/index.php\/wp-json\/wp\/v2\/types\/product"}],"wp:attachment":[{"href":"https:\/\/roveyayinevi.com.tr\/index.php\/wp-json\/wp\/v2\/media?parent=755467"}],"wp:term":[{"taxonomy":"product_brand","embeddable":true,"href":"https:\/\/roveyayinevi.com.tr\/index.php\/wp-json\/wp\/v2\/product_brand?post=755467"},{"taxonomy":"product_cat","embeddable":true,"href":"https:\/\/roveyayinevi.com.tr\/index.php\/wp-json\/wp\/v2\/product_cat?post=755467"},{"taxonomy":"product_tag","embeddable":true,"href":"https:\/\/roveyayinevi.com.tr\/index.php\/wp-json\/wp\/v2\/product_tag?post=755467"}],"curies":[{"name":"wp","href":"https:\/\/api.w.org\/{rel}","templated":true}]}}