{"id":755465,"date":"2025-08-28T06:40:25","date_gmt":"2025-08-28T03:40:25","guid":{"rendered":"https:\/\/roveyayinevi.com.tr\/index.php\/urun\/antik-anadolunun-oze-donus-cagrisi-antik-cag-tedavi-merkezlerindeki-asklepion-diyet-uygulamalari\/"},"modified":"2026-04-16T03:08:45","modified_gmt":"2026-04-16T00:08:45","slug":"antik-anadolunun-oze-donus-cagrisi-antik-cag-tedavi-merkezlerindeki-asklepion-diyet-uygulamalari","status":"publish","type":"product","link":"https:\/\/roveyayinevi.com.tr\/index.php\/urun\/antik-anadolunun-oze-donus-cagrisi-antik-cag-tedavi-merkezlerindeki-asklepion-diyet-uygulamalari\/","title":{"rendered":"Antik Anadolu\u2018nun \u00d6ze D\u00f6n\u00fc\u015f \u00c7a\u011fr\u0131s\u0131 &#8211; Antik \u00c7a\u011f Tedavi Merkezlerindeki (Asklepion) Diyet Uygulamalar\u0131"},"content":{"rendered":"<p>Kitap, Antik \u00c7a\u011f\u0131n ilk \u015fifahaneleri say\u0131lan Asklepionlarda do\u011fan sa\u011fl\u0131kl\u0131 beslenme kavram\u0131n\u0131n izlerini s\u00fcrerek Hippokrates ve Galenos\u2019un beslenme \u00f6\u011fretileri \u00fczerinden g\u00fcn\u00fcm\u00fcz beslenme anlay\u0131\u015f\u0131na kadar ki de\u011fi\u015fim ve geli\u015fim s\u00fcrecini a\u00e7\u0131klamaktad\u0131r. Kitap da ayn\u0131 zamanda Antik Anadolu\u2019da do\u011fan ve bug\u00fcne fonksiyonel beslenme olarak yans\u0131yan konuya ili\u015fkin t\u00fcm kavramlar, Antik Akdeniz beslenmesinde t\u00fcketilen g\u0131dalar, Osmanl\u0131 \u0130mparatorlu\u011fu\u2019nun mutfa\u011f\u0131 \u00fczerinde etkili olan H\u0131ltlar dengesi ve g\u00fcn\u00fcm\u00fcz\u00fcn antioksidan etkili sa\u011fl\u0131k bile\u015fenleri gibi konulara da yer verilmi\u015ftir. Arkeoloji, biyoloji, gastronomi ve g\u0131da bilimleri temelli haz\u0131rlanan bu kitap ge\u00e7mi\u015f ile bug\u00fcn aras\u0131nda ba\u011f kurman\u0131n yan\u0131nda gelecekte, gastronomide sa\u011fl\u0131kl\u0131 beslenme kavram\u0131 \u00fczerine yap\u0131lacak \u00e7al\u0131\u015fmalara ve mutfak uygulamalar\u0131na temel olu\u015fturmas\u0131 amac\u0131yla kaleme al\u0131nm\u0131\u015ft\u0131r. Ayn\u0131 zamanda akademisyenler ve gastronomi alan\u0131nda \u00f6\u011frenim g\u00f6ren \u00f6\u011frencilere kaynak olmas\u0131n\u0131n yan\u0131nda, akademik \u00e7al\u0131\u015fma yapmayan ancak sa\u011fl\u0131kl\u0131 beslenmeyi kendisine rehber edinmi\u015f, Antik Anadolu\u2019nun sesini bilimsel olarak duymak isteyen ki\u015filere de hitap edebilecek \u015fekilde haz\u0131rlanm\u0131\u015ft\u0131r. Bu kitap, QGIS&#8217;in kullan\u0131m\u0131 hakk\u0131nda iyi bir anlay\u0131\u015f kazanmak isteyen herkes i\u00e7in faydal\u0131 olacakt\u0131r. Kitap, QGIS teknolojisini \u00f6\u011frenmek isteyen \u00f6\u011frenciler, ara\u015ft\u0131rmac\u0131lar, \u00f6\u011fretmenler, haritalama uzmanlar\u0131 ve co\u011frafi bilgi sistemleri profesyonelleri i\u00e7in \u00f6zellikle yararl\u0131 olacakt\u0131r.<\/p>\n","protected":false},"excerpt":{"rendered":"<p>Kitap, Antik \u00c7a\u011f\u0131n ilk \u015fifahaneleri say\u0131lan Asklepionlarda do\u011fan sa\u011fl\u0131kl\u0131 beslenme kavram\u0131n\u0131n izlerini s\u00fcrerek Hippokrates ve Galenos\u2019un beslenme \u00f6\u011fretileri \u00fczerinden g\u00fcn\u00fcm\u00fcz beslenme anlay\u0131\u015f\u0131na kadar ki de\u011fi\u015fim ve<span class=\"excerpt-hellip\"> [\u2026]<\/span><\/p>\n","protected":false},"featured_media":0,"template":"","meta":{"_monsterinsights_skip_tracking":false,"_monsterinsights_sitenote_active":false,"_monsterinsights_sitenote_note":"","_monsterinsights_sitenote_category":0},"product_brand":[],"product_cat":[12573,12566],"product_tag":[],"class_list":{"0":"post-755465","1":"product","2":"type-product","3":"status-publish","5":"product_cat-akademik-kitaplar","6":"product_cat-egitim","7":"pa_cilt-ciltsiz","8":"pa_tur-kitap","9":"pa_yayinevi-platanus-publishing","10":"pa_yazar-ozlem-helvacioglu-tulga-albustanlioglu","12":"first","13":"instock","14":"sale","15":"shipping-taxable","16":"purchasable","17":"product-type-simple"},"_links":{"self":[{"href":"https:\/\/roveyayinevi.com.tr\/index.php\/wp-json\/wp\/v2\/product\/755465","targetHints":{"allow":["GET"]}}],"collection":[{"href":"https:\/\/roveyayinevi.com.tr\/index.php\/wp-json\/wp\/v2\/product"}],"about":[{"href":"https:\/\/roveyayinevi.com.tr\/index.php\/wp-json\/wp\/v2\/types\/product"}],"wp:attachment":[{"href":"https:\/\/roveyayinevi.com.tr\/index.php\/wp-json\/wp\/v2\/media?parent=755465"}],"wp:term":[{"taxonomy":"product_brand","embeddable":true,"href":"https:\/\/roveyayinevi.com.tr\/index.php\/wp-json\/wp\/v2\/product_brand?post=755465"},{"taxonomy":"product_cat","embeddable":true,"href":"https:\/\/roveyayinevi.com.tr\/index.php\/wp-json\/wp\/v2\/product_cat?post=755465"},{"taxonomy":"product_tag","embeddable":true,"href":"https:\/\/roveyayinevi.com.tr\/index.php\/wp-json\/wp\/v2\/product_tag?post=755465"}],"curies":[{"name":"wp","href":"https:\/\/api.w.org\/{rel}","templated":true}]}}