{"id":755464,"date":"2025-08-28T06:40:23","date_gmt":"2025-08-28T03:40:23","guid":{"rendered":"https:\/\/roveyayinevi.com.tr\/index.php\/urun\/kem-kum\/"},"modified":"2026-04-16T03:08:45","modified_gmt":"2026-04-16T00:08:45","slug":"kem-kum","status":"publish","type":"product","link":"https:\/\/roveyayinevi.com.tr\/index.php\/urun\/kem-kum\/","title":{"rendered":"Kem K\u00fcm"},"content":{"rendered":"<p>\u201cBu Benim Bedenim\u201d kitab\u0131yla \u00e7ocuklarda mahremiyet bilinci olu\u015fturan Hatice K\u00fcbra Tongar, \u015fimdi gen\u00e7lerin cinsellikle ilgili sorular\u0131n\u0131 cevapland\u0131ran bir eserle kar\u015f\u0131m\u0131zda. \u00c7ocuklar b\u00fcy\u00fcd\u00fck\u00e7e, cinsellikle ilgili meraklar\u0131 art\u0131yor ve bu konuda sorular soruyorlar. Ne yaz\u0131k ki yeti\u015fkinler bazen bu konularda do\u011fru bir dille yan\u0131tlar vermek yerine \u201ckem k\u00fcm\u201d demekle yetiniyor. Cinsellik ne demek? \u00dcremek nedir? Cinsiyet ne demektir? Bebek annesinin karn\u0131na nas\u0131l girer? Peki, zaman\u0131 gelince karn\u0131ndan nas\u0131l \u00e7\u0131kar? Bebekler nas\u0131l olu\u015fur? Bebekler anne karn\u0131nda nas\u0131l ya\u015far? B\u00fclu\u011fa nas\u0131l erilir? Bedenimi nas\u0131l korurum? \u0130\u015fte bu kitapta gen\u00e7lerin akl\u0131na tak\u0131lan b\u00fct\u00fcn bu sorular\u0131n cevab\u0131n\u0131 bulacaks\u0131n\u0131z. Ve sizi temin ederiz ki hi\u00e7bir cevapta \u201ckem k\u00fcm\u201d etmeyece\u011fiz. <\/p>\n","protected":false},"excerpt":{"rendered":"<p>\u201cBu Benim Bedenim\u201d kitab\u0131yla \u00e7ocuklarda mahremiyet bilinci olu\u015fturan Hatice K\u00fcbra Tongar, \u015fimdi gen\u00e7lerin cinsellikle ilgili sorular\u0131n\u0131 cevapland\u0131ran bir eserle kar\u015f\u0131m\u0131zda. \u00c7ocuklar b\u00fcy\u00fcd\u00fck\u00e7e, cinsellikle ilgili meraklar\u0131 art\u0131yor<span class=\"excerpt-hellip\"> [\u2026]<\/span><\/p>\n","protected":false},"featured_media":0,"template":"","meta":{"_monsterinsights_skip_tracking":false,"_monsterinsights_sitenote_active":false,"_monsterinsights_sitenote_note":"","_monsterinsights_sitenote_category":0},"product_brand":[],"product_cat":[18545,12291],"product_tag":[],"class_list":{"0":"post-755464","1":"product","2":"type-product","3":"status-publish","5":"product_cat-anlati","6":"product_cat-edebiyat","7":"pa_cilt-ciltsiz","8":"pa_tur-kitap","9":"pa_yayinevi-aile-yayinlari","10":"pa_yazar-hatice-kubra-tongar","12":"first","13":"instock","14":"sale","15":"shipping-taxable","16":"purchasable","17":"product-type-simple"},"_links":{"self":[{"href":"https:\/\/roveyayinevi.com.tr\/index.php\/wp-json\/wp\/v2\/product\/755464","targetHints":{"allow":["GET"]}}],"collection":[{"href":"https:\/\/roveyayinevi.com.tr\/index.php\/wp-json\/wp\/v2\/product"}],"about":[{"href":"https:\/\/roveyayinevi.com.tr\/index.php\/wp-json\/wp\/v2\/types\/product"}],"wp:attachment":[{"href":"https:\/\/roveyayinevi.com.tr\/index.php\/wp-json\/wp\/v2\/media?parent=755464"}],"wp:term":[{"taxonomy":"product_brand","embeddable":true,"href":"https:\/\/roveyayinevi.com.tr\/index.php\/wp-json\/wp\/v2\/product_brand?post=755464"},{"taxonomy":"product_cat","embeddable":true,"href":"https:\/\/roveyayinevi.com.tr\/index.php\/wp-json\/wp\/v2\/product_cat?post=755464"},{"taxonomy":"product_tag","embeddable":true,"href":"https:\/\/roveyayinevi.com.tr\/index.php\/wp-json\/wp\/v2\/product_tag?post=755464"}],"curies":[{"name":"wp","href":"https:\/\/api.w.org\/{rel}","templated":true}]}}