{"id":755462,"date":"2025-08-28T06:40:18","date_gmt":"2025-08-28T03:40:18","guid":{"rendered":"https:\/\/roveyayinevi.com.tr\/index.php\/urun\/eril-disil-bilgeligi\/"},"modified":"2026-04-16T03:08:45","modified_gmt":"2026-04-16T00:08:45","slug":"eril-disil-bilgeligi","status":"publish","type":"product","link":"https:\/\/roveyayinevi.com.tr\/index.php\/urun\/eril-disil-bilgeligi\/","title":{"rendered":"Eril Di\u015fil Bilgeli\u011fi"},"content":{"rendered":"<p>Kad\u0131nlarda Celal, erkeklerde Cemal isimler tecelli etmeye ba\u015flad\u0131\u011f\u0131nda sava\u015flar \u00e7\u0131kar, nesiller bozulur, t\u00fcketim \u00e7o\u011fal\u0131r, sevgi ve \u015fefkat unutulur. Celal ve Cemal dengesinin bozulmas\u0131, yery\u00fcz\u00fcn\u00fcn felaketi ve sonudur. K\u00e2inattaki dengeyi korumak i\u00e7in sana verilen cinsiyeti muhafaza sorumlulu\u011funu almayacak m\u0131s\u0131n? Eril di\u015fil dengeni buldu\u011funda, seni mutlu edecek dengini bulacaks\u0131n. Bir erkek kad\u0131n\u0131n\u0131, bir kad\u0131n erke\u011fini tamamlad\u0131\u011f\u0131nda m\u00fck\u00e2fat\u0131 d\u00fcnyada ve cennette ebedi mutluluktur. Eril di\u015fil dengen, \u00e7ocuklar\u0131na b\u0131rakabilece\u011fin en de\u011ferli miras\u0131nd\u0131r. \u015eimdi, yapbozun tamamlanm\u0131\u015f b\u00fcy\u00fck resminde yerini almak i\u00e7in, kad\u0131n veya erkek olmakla ilgili ne kadar negatif inanc\u0131n, endi\u015felerin, korkular\u0131n varsa, yanl\u0131\u015f \u00f6\u011frendi\u011fin ne kadar bilgi varsa, hepsini usulca b\u0131rak! Sen, yapbozun kendine ait par\u00e7as\u0131n\u0131 doldurdu\u011funda, \u00e7ocuklar\u0131n\u0131n ve t\u00fcm sevdiklerinin ya\u015fam ama\u00e7lar\u0131na ula\u015fmalar\u0131, k\u00e2inatta kendilerine ayr\u0131lm\u0131\u015f yerleri doldurmalar\u0131 i\u00e7in onlara yard\u0131m etmi\u015f olacaks\u0131n. <\/p>\n","protected":false},"excerpt":{"rendered":"<p>Kad\u0131nlarda Celal, erkeklerde Cemal isimler tecelli etmeye ba\u015flad\u0131\u011f\u0131nda sava\u015flar \u00e7\u0131kar, nesiller bozulur, t\u00fcketim \u00e7o\u011fal\u0131r, sevgi ve \u015fefkat unutulur. Celal ve Cemal dengesinin bozulmas\u0131, yery\u00fcz\u00fcn\u00fcn felaketi ve<span class=\"excerpt-hellip\"> [\u2026]<\/span><\/p>\n","protected":false},"featured_media":0,"template":"","meta":{"_monsterinsights_skip_tracking":false,"_monsterinsights_sitenote_active":false,"_monsterinsights_sitenote_note":"","_monsterinsights_sitenote_category":0},"product_brand":[],"product_cat":[18545,12291],"product_tag":[],"class_list":{"0":"post-755462","1":"product","2":"type-product","3":"status-publish","5":"product_cat-anlati","6":"product_cat-edebiyat","7":"pa_cilt-ciltsiz","8":"pa_tur-kitap","9":"pa_yayinevi-aile-yayinlari","10":"pa_yazar-nevin-nesrin-soysal","12":"first","13":"instock","14":"sale","15":"shipping-taxable","16":"purchasable","17":"product-type-simple"},"_links":{"self":[{"href":"https:\/\/roveyayinevi.com.tr\/index.php\/wp-json\/wp\/v2\/product\/755462","targetHints":{"allow":["GET"]}}],"collection":[{"href":"https:\/\/roveyayinevi.com.tr\/index.php\/wp-json\/wp\/v2\/product"}],"about":[{"href":"https:\/\/roveyayinevi.com.tr\/index.php\/wp-json\/wp\/v2\/types\/product"}],"wp:attachment":[{"href":"https:\/\/roveyayinevi.com.tr\/index.php\/wp-json\/wp\/v2\/media?parent=755462"}],"wp:term":[{"taxonomy":"product_brand","embeddable":true,"href":"https:\/\/roveyayinevi.com.tr\/index.php\/wp-json\/wp\/v2\/product_brand?post=755462"},{"taxonomy":"product_cat","embeddable":true,"href":"https:\/\/roveyayinevi.com.tr\/index.php\/wp-json\/wp\/v2\/product_cat?post=755462"},{"taxonomy":"product_tag","embeddable":true,"href":"https:\/\/roveyayinevi.com.tr\/index.php\/wp-json\/wp\/v2\/product_tag?post=755462"}],"curies":[{"name":"wp","href":"https:\/\/api.w.org\/{rel}","templated":true}]}}