{"id":755459,"date":"2025-08-28T06:40:13","date_gmt":"2025-08-28T03:40:13","guid":{"rendered":"https:\/\/roveyayinevi.com.tr\/index.php\/urun\/yas-yuzukleri\/"},"modified":"2026-04-16T03:08:45","modified_gmt":"2026-04-16T00:08:45","slug":"yas-yuzukleri","status":"publish","type":"product","link":"https:\/\/roveyayinevi.com.tr\/index.php\/urun\/yas-yuzukleri\/","title":{"rendered":"Yas Y\u00fcz\u00fckleri"},"content":{"rendered":"<p>art\u0131k buru\u015fuk bir \u00e7ar\u015faf gibi da\u011f\u0131lan y\u00fcz\u00fcne bak\u0131nca duydum ancak: anneler erken, \u00f6l\u00fcmlerine yak\u0131n sevilir babalar. <\/p>\n","protected":false},"excerpt":{"rendered":"<p>art\u0131k buru\u015fuk bir \u00e7ar\u015faf gibi da\u011f\u0131lan y\u00fcz\u00fcne bak\u0131nca duydum ancak: anneler erken, \u00f6l\u00fcmlerine yak\u0131n sevilir babalar.<\/p>\n","protected":false},"featured_media":0,"template":"","meta":{"_monsterinsights_skip_tracking":false,"_monsterinsights_sitenote_active":false,"_monsterinsights_sitenote_note":"","_monsterinsights_sitenote_category":0},"product_brand":[],"product_cat":[12291,12509],"product_tag":[],"class_list":{"0":"post-755459","1":"product","2":"type-product","3":"status-publish","5":"product_cat-edebiyat","6":"product_cat-siir","7":"pa_cilt-ciltsiz","8":"pa_tur-kitap","9":"pa_yayinevi-everest-yayinlari","10":"pa_yazar-kemal-varol","12":"first","13":"instock","14":"sale","15":"shipping-taxable","16":"purchasable","17":"product-type-simple"},"_links":{"self":[{"href":"https:\/\/roveyayinevi.com.tr\/index.php\/wp-json\/wp\/v2\/product\/755459","targetHints":{"allow":["GET"]}}],"collection":[{"href":"https:\/\/roveyayinevi.com.tr\/index.php\/wp-json\/wp\/v2\/product"}],"about":[{"href":"https:\/\/roveyayinevi.com.tr\/index.php\/wp-json\/wp\/v2\/types\/product"}],"wp:attachment":[{"href":"https:\/\/roveyayinevi.com.tr\/index.php\/wp-json\/wp\/v2\/media?parent=755459"}],"wp:term":[{"taxonomy":"product_brand","embeddable":true,"href":"https:\/\/roveyayinevi.com.tr\/index.php\/wp-json\/wp\/v2\/product_brand?post=755459"},{"taxonomy":"product_cat","embeddable":true,"href":"https:\/\/roveyayinevi.com.tr\/index.php\/wp-json\/wp\/v2\/product_cat?post=755459"},{"taxonomy":"product_tag","embeddable":true,"href":"https:\/\/roveyayinevi.com.tr\/index.php\/wp-json\/wp\/v2\/product_tag?post=755459"}],"curies":[{"name":"wp","href":"https:\/\/api.w.org\/{rel}","templated":true}]}}