{"id":755458,"date":"2025-08-28T06:40:12","date_gmt":"2025-08-28T03:40:12","guid":{"rendered":"https:\/\/roveyayinevi.com.tr\/index.php\/urun\/sirrini-surlarina-fisildayan-sehir-diyarbakir\/"},"modified":"2026-04-16T03:08:45","modified_gmt":"2026-04-16T00:08:45","slug":"sirrini-surlarina-fisildayan-sehir-diyarbakir","status":"publish","type":"product","link":"https:\/\/roveyayinevi.com.tr\/index.php\/urun\/sirrini-surlarina-fisildayan-sehir-diyarbakir\/","title":{"rendered":"S\u0131rr\u0131n\u0131 Surlar\u0131na F\u0131s\u0131ldayan \u015eehir: Diyarbak\u0131r"},"content":{"rendered":"<p>Sanmay\u0131n ki dili yok, Elbette var Ta\u015flar\u0131n\u0131n diliyle konu\u015fur S\u0131rlar\u0131n\u0131 surlar\u0131na, F\u0131s\u0131ldayan memleket   Her ta\u015f\u0131n\u0131n alt\u0131ndan sonsuz hik\u00e2yeler \u00e7\u0131kan \u015fehir: Diyarbak\u0131r. Surlar\u0131yla, Dicle\u2019siyle, sinemalar\u0131yla ve as\u0131rlara uzanan k\u00fclt\u00fcr\u00fcyle benzersiz bir d\u00fcnya. \u015eeyhmus Diken, S\u0131rr\u0131n\u0131 Surlar\u0131na F\u0131s\u0131ldayan \u015eehir: Diyarbak\u0131r\u2019da, Diyarbak\u0131r surlar\u0131n\u0131n tarihini, Dicle ve F\u0131rat nehirlerinin \u015fehirle olan ba\u011flant\u0131s\u0131n\u0131, surlar\u0131n mevcut politikalar y\u00fcz\u00fcnden harap olmas\u0131n\u0131 ve \u015fehrin tarihi dokusunun bozulmas\u0131n\u0131 anlat\u0131yor. Diyarbak\u0131r\u2019\u0131n ge\u00e7mi\u015ften bug\u00fcne kar\u015f\u0131 kar\u015f\u0131ya kald\u0131\u011f\u0131 dertleri, surlar\u0131n hik\u00e2yelerini ve \u015fehrin s\u0131rlar\u0131n\u0131 ta\u015flar\u0131n diliyle konu\u015fan bir ara\u015ft\u0131rmac\u0131 gibi bize f\u0131s\u0131ld\u0131yor.<\/p>\n","protected":false},"excerpt":{"rendered":"<p>Sanmay\u0131n ki dili yok, Elbette var Ta\u015flar\u0131n\u0131n diliyle konu\u015fur S\u0131rlar\u0131n\u0131 surlar\u0131na, F\u0131s\u0131ldayan memleket Her ta\u015f\u0131n\u0131n alt\u0131ndan sonsuz hik\u00e2yeler \u00e7\u0131kan \u015fehir: Diyarbak\u0131r. Surlar\u0131yla, Dicle\u2019siyle, sinemalar\u0131yla ve as\u0131rlara<span class=\"excerpt-hellip\"> [\u2026]<\/span><\/p>\n","protected":false},"featured_media":0,"template":"","meta":{"_monsterinsights_skip_tracking":false,"_monsterinsights_sitenote_active":false,"_monsterinsights_sitenote_note":"","_monsterinsights_sitenote_category":0},"product_brand":[],"product_cat":[13072,12291],"product_tag":[],"class_list":{"0":"post-755458","1":"product","2":"type-product","3":"status-publish","5":"product_cat-arastirma-inceleme-referans","6":"product_cat-edebiyat","7":"pa_cilt-ciltsiz","8":"pa_tur-kitap","9":"pa_yayinevi-everest-yayinlari","10":"pa_yazar-seyhmus-diken","12":"first","13":"instock","14":"sale","15":"shipping-taxable","16":"purchasable","17":"product-type-simple"},"_links":{"self":[{"href":"https:\/\/roveyayinevi.com.tr\/index.php\/wp-json\/wp\/v2\/product\/755458","targetHints":{"allow":["GET"]}}],"collection":[{"href":"https:\/\/roveyayinevi.com.tr\/index.php\/wp-json\/wp\/v2\/product"}],"about":[{"href":"https:\/\/roveyayinevi.com.tr\/index.php\/wp-json\/wp\/v2\/types\/product"}],"wp:attachment":[{"href":"https:\/\/roveyayinevi.com.tr\/index.php\/wp-json\/wp\/v2\/media?parent=755458"}],"wp:term":[{"taxonomy":"product_brand","embeddable":true,"href":"https:\/\/roveyayinevi.com.tr\/index.php\/wp-json\/wp\/v2\/product_brand?post=755458"},{"taxonomy":"product_cat","embeddable":true,"href":"https:\/\/roveyayinevi.com.tr\/index.php\/wp-json\/wp\/v2\/product_cat?post=755458"},{"taxonomy":"product_tag","embeddable":true,"href":"https:\/\/roveyayinevi.com.tr\/index.php\/wp-json\/wp\/v2\/product_tag?post=755458"}],"curies":[{"name":"wp","href":"https:\/\/api.w.org\/{rel}","templated":true}]}}